{"id":16836,"date":"2025-07-15T11:02:21","date_gmt":"2025-07-15T09:02:21","guid":{"rendered":"https:\/\/foxit-technology.com\/proizvod\/radijatorski-usponski-ventili-herz\/"},"modified":"2026-03-13T12:41:55","modified_gmt":"2026-03-13T11:41:55","slug":"radijatorski-usponski-ventili-herz","status":"publish","type":"product","link":"https:\/\/grejanjesrbija.com\/ru\/proizvod\/radijatorski-usponski-ventili-herz\/","title":{"rendered":"Radijatorski usponski ventili Herz"},"content":{"rendered":"<p>Usponski ventili marke HERZ koriste se tamo gde je potrebno pravilno i pouzdano povezivanje radijatora na ce\u00advnu instalaciju sa usponskim (vertikalnim) priklju\u010dkom. Ventil omogu\u0107ava kontrolu koli\u010dine tople vode \u201euspona\u201c u radijator, \u010dime doprinosi ravnomernom zagrevanju i smanjenju buke. Modeli sa donjim ili gornjim priklju\u010dkom, kao i izvedbe za jednocevne i dvocevne sisteme, omogu\u0107avaju fleksibilnu primenu u stanovima, ku\u0107ama, renoviranim objektima i novogradnji. Na primer: usponski ventil 100 % donji ima maksimalnu radnu temperaturu do 120 \u00b0C i radni pritisak do 10 bar.<\/p>\n<h3><strong>Karakteristike i prednosti<\/strong><\/h3>\n<ul>\n<li data-start=\"2611\" data-end=\"2729\">\n<p data-start=\"2613\" data-end=\"2729\">Optimalna regulacija protoka vode kroz radijator, \u0161to omogu\u0107ava ravnomerno zagrevanje i bolju efikasnost grejanja.<\/p>\n<\/li>\n<li data-start=\"2730\" data-end=\"2849\">\n<p data-start=\"2732\" data-end=\"2849\">Kvalitetna izrada (hromirano ku\u0107i\u0161te, mesing materijal) garantuje dug vek trajanja i otpornost u grejnim sistemima.<\/p>\n<\/li>\n<li data-start=\"2850\" data-end=\"2977\">\n<p data-start=\"2852\" data-end=\"2977\">\u0160irok raspon modela: donji ili gornji priklju\u010dak, jednocevni ili dvocevni sistem \u2014 za maksimalnu fleksibilnost instalacije.<\/p>\n<\/li>\n<li data-start=\"2978\" data-end=\"3106\">\n<p data-start=\"2980\" data-end=\"3106\">Kompatibilnost sa termostatskim glavama i regulacionim sistemima \u2014 omogu\u0107ava korisniku pode\u0161avanje \u017eeljenog nivoa udobnosti.<\/p>\n<\/li>\n<li data-start=\"3107\" data-end=\"3229\">\n<p data-start=\"3109\" data-end=\"3229\">Preporu\u010dena temperaturna i pritisna granica (do ~120\u00b0C, ~10 bar) \u010dine ga pogodnim za ve\u0107inu stambenih grejnih sistema.<\/p>\n<\/li>\n<\/ul>","protected":false},"excerpt":{"rendered":"<p data-start=\"375\" data-end=\"603\">HERZ usponski ventil je regulaciona armatura za radijatore koja omogu\u0107ava optimalnu kontrolu protoka i temperature u sistemima grejanja \u2014 pogodan za ugradnju na grejna tela u jednocevnim i dvocevnim sistemima.<\/p>","protected":false},"featured_media":22794,"template":"","meta":{"_seopress_robots_primary_cat":"none","_seopress_titles_title":"","_seopress_titles_desc":"HERZ radijatorski usponski ventili (donji\/gornji priklju\u010dak, maksimalna temperatura ~120 \u00b0C, pritisak ~10 bar) \u2013 idealni za jednocevne i dvocevne grejne sisteme.","_seopress_robots_index":""},"product_brand":[4301],"product_cat":[4299,4968],"product_tag":[],"class_list":{"0":"post-16836","1":"product","2":"type-product","3":"status-publish","4":"has-post-thumbnail","6":"product_brand-herz","7":"product_cat-armatura","8":"product_cat-herz-armatura","10":"first","11":"instock","12":"purchasable","13":"product-type-variable","14":"has-default-attributes"},"_links":{"self":[{"href":"https:\/\/grejanjesrbija.com\/ru\/wp-json\/wp\/v2\/product\/16836","targetHints":{"allow":["GET"]}}],"collection":[{"href":"https:\/\/grejanjesrbija.com\/ru\/wp-json\/wp\/v2\/product"}],"about":[{"href":"https:\/\/grejanjesrbija.com\/ru\/wp-json\/wp\/v2\/types\/product"}],"wp:featuredmedia":[{"embeddable":true,"href":"https:\/\/grejanjesrbija.com\/ru\/wp-json\/wp\/v2\/media\/22794"}],"wp:attachment":[{"href":"https:\/\/grejanjesrbija.com\/ru\/wp-json\/wp\/v2\/media?parent=16836"}],"wp:term":[{"taxonomy":"product_brand","embeddable":true,"href":"https:\/\/grejanjesrbija.com\/ru\/wp-json\/wp\/v2\/product_brand?post=16836"},{"taxonomy":"product_cat","embeddable":true,"href":"https:\/\/grejanjesrbija.com\/ru\/wp-json\/wp\/v2\/product_cat?post=16836"},{"taxonomy":"product_tag","embeddable":true,"href":"https:\/\/grejanjesrbija.com\/ru\/wp-json\/wp\/v2\/product_tag?post=16836"}],"curies":[{"name":"wp","href":"https:\/\/api.w.org\/{rel}","templated":true}]}}