{"id":16850,"date":"2025-07-15T11:02:31","date_gmt":"2025-07-15T09:02:31","guid":{"rendered":"https:\/\/foxit-technology.com\/proizvod\/monoblok-toplotna-pumpa-vazduh-voda-vitocal-100-a-40-do-193-kw\/"},"modified":"2026-03-12T15:43:10","modified_gmt":"2026-03-12T14:43:10","slug":"monoblok-toplotna-pumpa-vazduh-voda-vitocal-100-a-40-do-193-kw","status":"publish","type":"product","link":"https:\/\/grejanjesrbija.com\/ru\/proizvod\/monoblok-toplotna-pumpa-vazduh-voda-vitocal-100-a-40-do-193-kw\/","title":{"rendered":"Toplotna pumpa monoblok vazduh\/voda LG S Therma V"},"content":{"rendered":"<p>Toplotna pumpa LG Therma V Monobloc S je kompaktno i efikasno re\u0161enje \u201esve-u-jednom\u201c: spolja\u0161nja jedinica integri\u0161e hidrauli\u010dke komponente (pumpu vode, membranski ekspanzioni sud, filter, senzore) i jedini je spoj sa unutra\u0161njim sistemom putem vodene veze \u2014 nema rashladnih cevi izme\u0111u unutra\u0161nje i spolja\u0161nje jedinice.\u00a0<br data-start=\"783\" data-end=\"786\" \/>Modeli tipa 5 kW, 9 kW, 12 kW, 16 kW (jednofazni) i modeli 12 kW, 14 kW, 16kW (trofazni) nude visoku efikasnost i rad pri niskim spoljnim temperaturama (npr. do \u201325 \u00b0C) uz mogu\u0107nost grejanja vode do ~ 65 \u00b0C.\u00a0<br data-start=\"992\" data-end=\"995\" \/>Rashladni gas R32 sni\u017eava ugljeni\u010dni otisak ure\u0111aja, a konstrukcija sa Black Fin oblogom pove\u0107ava otpornost na koroziju i produ\u017eava \u017eivotni vek.\u00a0 Spiralnim &#8222;Scroll&#8220; kompresorom pobolj\u0161ano je nagibno kretanje spirale \u010dime se dodatno dobija na efikasnosti i performansama.<br data-start=\"1177\" data-end=\"1180\" \/>Ugra\u0111ena Wi-Fi funkcija (LG ThinQ) omogu\u0107ava daljinsko nadgledanje i kontrolu sistema.<\/p>\n<h3 data-start=\"2520\" data-end=\"2535\"><strong>\u041f\u0440\u0435\u0438\u043c\u0443\u0449\u0435\u0441\u0442\u0432\u0430<\/strong><\/h3>\n<ul>\n<li data-start=\"2538\" data-end=\"2623\">Velika energetska efikasnost = znatne u\u0161tede energije.<\/li>\n<li data-start=\"2626\" data-end=\"2712\">Monoblok izvedba olak\u0161ava instalaciju \u2014 nema rashladnih cevnih veza izme\u0111u jedinica.<\/li>\n<li data-start=\"2715\" data-end=\"2814\">Rad pri vrlo niskim temperaturama spolja (do -25 \u00b0C) omogu\u0107ava pouzdan rad i u hladnijim klimama.<\/li>\n<li data-start=\"2817\" data-end=\"2935\">Jednostavno povezivanje sa sistemima grejanja (radijatori, podno grejanje), kao i sa sistemima sanitarne tople vode.<\/li>\n<li data-start=\"2938\" data-end=\"3024\">Ekolo\u0161ki pristup: rashladni fluid R32, premaz protiv korozije, smanjena emisija CO\u2082.<\/li>\n<li data-start=\"3027\" data-end=\"3085\">Mogu\u0107nost pametne kontrole i upravljanja putem aplikacije.<\/li>\n<\/ul>","protected":false},"excerpt":{"rendered":"<p data-start=\"217\" data-end=\"399\">LG Therma V Monobloc S \u2013 monoblok vazduh\/voda toplotna pumpa sa rashladnim gasom R32, visokom efikasno\u0161\u0107u (A+++\/A++), namenjena za grejanje, hla\u0111enje i pripremu sanitarne tople vode.<\/p>","protected":false},"featured_media":24618,"template":"","meta":{"_seopress_robots_primary_cat":"none","_seopress_titles_title":"","_seopress_titles_desc":"LG Therma V Monobloc S \u2013 monoblok vazduh\/voda toplotna pumpa (R32), visoke efikasnosti (A+++), grejanje, hla\u0111enje i topla voda. Idealno re\u0161enje za Va\u0161 dom.","_seopress_robots_index":""},"product_brand":[5111],"product_cat":[4336,4335],"product_tag":[],"class_list":{"0":"post-16850","1":"product","2":"type-product","3":"status-publish","4":"has-post-thumbnail","6":"product_brand-lg","7":"product_cat-lg-monoblok-therma-v-toplotne-pumpe","8":"product_cat-toplotne-pumpe","10":"first","11":"instock","12":"purchasable","13":"product-type-variable"},"_links":{"self":[{"href":"https:\/\/grejanjesrbija.com\/ru\/wp-json\/wp\/v2\/product\/16850","targetHints":{"allow":["GET"]}}],"collection":[{"href":"https:\/\/grejanjesrbija.com\/ru\/wp-json\/wp\/v2\/product"}],"about":[{"href":"https:\/\/grejanjesrbija.com\/ru\/wp-json\/wp\/v2\/types\/product"}],"wp:featuredmedia":[{"embeddable":true,"href":"https:\/\/grejanjesrbija.com\/ru\/wp-json\/wp\/v2\/media\/24618"}],"wp:attachment":[{"href":"https:\/\/grejanjesrbija.com\/ru\/wp-json\/wp\/v2\/media?parent=16850"}],"wp:term":[{"taxonomy":"product_brand","embeddable":true,"href":"https:\/\/grejanjesrbija.com\/ru\/wp-json\/wp\/v2\/product_brand?post=16850"},{"taxonomy":"product_cat","embeddable":true,"href":"https:\/\/grejanjesrbija.com\/ru\/wp-json\/wp\/v2\/product_cat?post=16850"},{"taxonomy":"product_tag","embeddable":true,"href":"https:\/\/grejanjesrbija.com\/ru\/wp-json\/wp\/v2\/product_tag?post=16850"}],"curies":[{"name":"wp","href":"https:\/\/api.w.org\/{rel}","templated":true}]}}