{"id":16864,"date":"2025-07-15T11:02:31","date_gmt":"2025-07-15T09:02:31","guid":{"rendered":"https:\/\/foxit-technology.com\/proizvod\/sobni-termostat-nero-programski-bezicni-nt7-rf\/"},"modified":"2026-03-14T09:44:06","modified_gmt":"2026-03-14T08:44:06","slug":"sobni-termostat-nero-programski-bezicni-nt7-rf","status":"publish","type":"product","link":"https:\/\/grejanjesrbija.com\/ru\/proizvod\/sobni-termostat-nero-programski-bezicni-nt7-rf\/","title":{"rendered":"Sobni termostat NERO programski be\u017ei\u010dni NT7 RF"},"content":{"rendered":"<p>Be\u017ei\u010dni programski termostat <strong data-start=\"425\" data-end=\"440\">NERO NT7 RF<\/strong> omogu\u0107ava jednostavno upravljanje temperaturom bez potrebe za dodatnim instalacijama kroz zid. Sa mogu\u0107no\u0161\u0107u da defini\u0161ete \u0161est vremenskih segmenta dnevno i poseban program za svaki dan, olak\u0161ava odr\u017eavanje komfora i smanjenje potro\u0161nje energije.<\/p>\n<h3 data-start=\"734\" data-end=\"766\">Prednosti i karakteristike<\/h3>\n<ul data-start=\"768\" data-end=\"1471\">\n<li data-start=\"768\" data-end=\"915\">\n<p data-start=\"770\" data-end=\"915\">Bez kabla izme\u0111u termostata i prijemnika \u2014 idealan za renovacije i prostore gde je te\u0161ko provu\u0107i \u017eice<\/p>\n<\/li>\n<li data-start=\"916\" data-end=\"1052\">\n<p data-start=\"918\" data-end=\"1052\">Programabilni re\u017eimi \u2014 \u0161est vremenskih intervala dnevno, dnevno programiranje za svaki dan<\/p>\n<\/li>\n<li data-start=\"1053\" data-end=\"1173\">\n<p data-start=\"1055\" data-end=\"1173\">Visoka preciznost \u2014 termostat precizno meri temperaturu sa gre\u0161kom \u00b10,2 \u00b0C<\/p>\n<\/li>\n<li data-start=\"1174\" data-end=\"1296\">\n<p data-start=\"1176\" data-end=\"1296\">Pode\u0161avanje osetljivosti \u2014 izbor izme\u0111u vi\u0161e nivoa osetljivosti uklju\u010divanja<\/p>\n<\/li>\n<li data-start=\"1174\" data-end=\"1296\">\n<p data-start=\"1176\" data-end=\"1296\">Komfor + u\u0161teda \u2014 mo\u017eete postaviti razli\u010dite temperature za dane kada ste kod ku\u0107e i kada niste<\/p>\n<\/li>\n<li data-start=\"1401\" data-end=\"1471\">\n<p data-start=\"1403\" data-end=\"1471\">Jednostavno kori\u0161\u0107enje \u2014 intuitivan interfejs i jasne funkcije<\/p>\n<\/li>\n<\/ul>\n<p>&nbsp;<\/p>\n<p data-start=\"3314\" data-end=\"3527\">Ako \u017eelite moderan i prakti\u010dan termostat bez \u017eica, <strong data-start=\"3364\" data-end=\"3379\">NERO NT7 RF<\/strong> je odli\u010dan izbor. Kombinuje fleksibilno programiranje, solidan domet i precizno merenje temperature \u2014 i sve to bez potrebe za dodatnim kablovima.<\/p>","protected":false},"excerpt":{"rendered":"<p>Ako \u017eelite moderan i prakti\u010dan termostat bez \u017eica, <strong data-start=\"3364\" data-end=\"3379\">NERO NT7 RF<\/strong> je odli\u010dan izbor. Kombinuje fleksibilno programiranje, solidan domet i precizno merenje temperature \u2014 i sve to bez potrebe za dodatnim kablovima.<\/p>","protected":false},"featured_media":16865,"template":"","meta":{"_seopress_robots_primary_cat":"none","_seopress_titles_title":"Sobni termostat NERO programski be\u017ei\u010dni NT7 RF","_seopress_titles_desc":"Be\u017ei\u010dni programski termostat NERO NT7 RF \u2014 \u0161est vremenskih intervala dnevno, preciznost \u00b10,2 \u00b0C, domet ~50 m, napajanje baterijama.","_seopress_robots_index":""},"product_brand":[4338],"product_cat":[4317],"product_tag":[],"class_list":{"0":"post-16864","1":"product","2":"type-product","3":"status-publish","4":"has-post-thumbnail","6":"product_brand-nero","7":"product_cat-sobni-termostati","9":"first","10":"instock","11":"purchasable","12":"product-type-simple"},"_links":{"self":[{"href":"https:\/\/grejanjesrbija.com\/ru\/wp-json\/wp\/v2\/product\/16864","targetHints":{"allow":["GET"]}}],"collection":[{"href":"https:\/\/grejanjesrbija.com\/ru\/wp-json\/wp\/v2\/product"}],"about":[{"href":"https:\/\/grejanjesrbija.com\/ru\/wp-json\/wp\/v2\/types\/product"}],"wp:featuredmedia":[{"embeddable":true,"href":"https:\/\/grejanjesrbija.com\/ru\/wp-json\/wp\/v2\/media\/16865"}],"wp:attachment":[{"href":"https:\/\/grejanjesrbija.com\/ru\/wp-json\/wp\/v2\/media?parent=16864"}],"wp:term":[{"taxonomy":"product_brand","embeddable":true,"href":"https:\/\/grejanjesrbija.com\/ru\/wp-json\/wp\/v2\/product_brand?post=16864"},{"taxonomy":"product_cat","embeddable":true,"href":"https:\/\/grejanjesrbija.com\/ru\/wp-json\/wp\/v2\/product_cat?post=16864"},{"taxonomy":"product_tag","embeddable":true,"href":"https:\/\/grejanjesrbija.com\/ru\/wp-json\/wp\/v2\/product_tag?post=16864"}],"curies":[{"name":"wp","href":"https:\/\/api.w.org\/{rel}","templated":true}]}}