{"id":16899,"date":"2025-07-15T11:03:06","date_gmt":"2025-07-15T09:03:06","guid":{"rendered":"https:\/\/foxit-technology.com\/proizvod\/crevo-za-gas-inox-atom-3-4\/"},"modified":"2025-11-22T13:57:01","modified_gmt":"2025-11-22T12:57:01","slug":"crevo-za-gas-inox-atom-3-4","status":"publish","type":"product","link":"https:\/\/grejanjesrbija.com\/ru\/proizvod\/crevo-za-gas-inox-atom-3-4\/","title":{"rendered":"Crevo za gas inox 600mm 3\/4 Atom"},"content":{"rendered":"<p data-start=\"119\" data-end=\"481\">Crevo za gas inox 3\/4 \u2013 600 mm Atom je profesionalno fleksibilno priklju\u010dno crevo izra\u0111eno od visokokvalitetnog ner\u0111aju\u0107eg \u010delika i presvu\u010deno specijalnom \u017eutom folijom koja ozna\u010dava da je za gasne instalacije, namenjeno za sigurno i pouzdano povezivanje gasnih ure\u0111aja ve\u0107ih protoka. Zahvaljuju\u0107i pre\u010dniku od 3\/4&#8243;, ovo crevo obezbe\u0111uje stabilan i neometan protok gasa, \u0161to ga \u010dini idealnim za zahtevnije instalacije i ve\u0107e potro\u0161a\u010de.<br \/>\nDu\u017eina od 600 mm omogu\u0107ava jednostavnu monta\u017eu tamo gde je priklju\u010dak u neposrednoj blizini ure\u0111aja, uz maksimalnu fleksibilnost i sigurnost.<\/p>\n<h3 data-start=\"945\" data-end=\"962\"><strong data-start=\"949\" data-end=\"962\">\u041f\u0440\u0435\u0438\u043c\u0443\u0449\u0435\u0441\u0442\u0432\u0430<\/strong><\/h3>\n<ul>\n<li data-start=\"965\" data-end=\"1012\">Ve\u0107i protok gasa zahvaljuju\u0107i priklju\u010dku 3\/4&#8243;<\/li>\n<li data-start=\"1015\" data-end=\"1068\">Jednostavna monta\u017ea i dobro prilago\u0111avanje prostoru<\/li>\n<li data-start=\"1071\" data-end=\"1110\">Stabilan i siguran rad gasnih ure\u0111aja<\/li>\n<li data-start=\"1113\" data-end=\"1159\">Pogodno za profesionalne i ku\u0107ne instalacije<\/li>\n<li data-start=\"804\" data-end=\"855\">Otpornost na koroziju, temperaturu i pritisak<\/li>\n<li data-start=\"858\" data-end=\"898\">Sertifikovano za gasne instalacije<\/li>\n<li data-start=\"901\" data-end=\"943\">Dug vek trajanja i pouzdanost u radu<\/li>\n<\/ul>","protected":false},"excerpt":{"rendered":"<p data-start=\"1335\" data-end=\"1490\">Inox crevo za gas 3\/4 \u2013 600 mm Atom. Fleksibilno i izdr\u017eljivo crevo velikog protoka, idealno za sigurno povezivanje profesionalnih i ku\u0107nih gasnih ure\u0111aja.<\/p>\n<h2 data-start=\"1492\" data-end=\"1511\"><\/h2>","protected":false},"featured_media":16900,"template":"","meta":{"_seopress_robots_primary_cat":"none","_seopress_titles_title":"","_seopress_titles_desc":"Inox crevo za gas 3\/4 \u2013 600 mm Atom. Fleksibilno i izdr\u017eljivo crevo velikog protoka, idealno za sigurno povezivanje profesionalnih i ku\u0107nih gasnih ure\u0111aja.","_seopress_robots_index":""},"product_brand":[4331],"product_cat":[4332],"product_tag":[],"class_list":{"0":"post-16899","1":"product","2":"type-product","3":"status-publish","4":"has-post-thumbnail","6":"product_brand-atom","7":"product_cat-creva-za-gas","9":"first","10":"instock","11":"purchasable","12":"product-type-simple"},"_links":{"self":[{"href":"https:\/\/grejanjesrbija.com\/ru\/wp-json\/wp\/v2\/product\/16899","targetHints":{"allow":["GET"]}}],"collection":[{"href":"https:\/\/grejanjesrbija.com\/ru\/wp-json\/wp\/v2\/product"}],"about":[{"href":"https:\/\/grejanjesrbija.com\/ru\/wp-json\/wp\/v2\/types\/product"}],"wp:featuredmedia":[{"embeddable":true,"href":"https:\/\/grejanjesrbija.com\/ru\/wp-json\/wp\/v2\/media\/16900"}],"wp:attachment":[{"href":"https:\/\/grejanjesrbija.com\/ru\/wp-json\/wp\/v2\/media?parent=16899"}],"wp:term":[{"taxonomy":"product_brand","embeddable":true,"href":"https:\/\/grejanjesrbija.com\/ru\/wp-json\/wp\/v2\/product_brand?post=16899"},{"taxonomy":"product_cat","embeddable":true,"href":"https:\/\/grejanjesrbija.com\/ru\/wp-json\/wp\/v2\/product_cat?post=16899"},{"taxonomy":"product_tag","embeddable":true,"href":"https:\/\/grejanjesrbija.com\/ru\/wp-json\/wp\/v2\/product_tag?post=16899"}],"curies":[{"name":"wp","href":"https:\/\/api.w.org\/{rel}","templated":true}]}}