{"id":16979,"date":"2025-07-15T11:03:31","date_gmt":"2025-07-15T09:03:31","guid":{"rendered":"https:\/\/foxit-technology.com\/proizvod\/usisivac-za-pelet-top-20\/"},"modified":"2025-11-05T16:01:39","modified_gmt":"2025-11-05T15:01:39","slug":"usisivac-za-pelet-top-20","status":"publish","type":"product","link":"https:\/\/grejanjesrbija.com\/ru\/proizvod\/usisivac-za-pelet-top-20\/","title":{"rendered":"Usisiva\u010d za pelet ARBlue Top 20"},"content":{"rendered":"<p data-start=\"898\" data-end=\"1352\">ARBlue TOP20 je prakti\u010dan ure\u0111aj za uklanjanje pepela iz kotlova, pe\u0107i ili kamina. Poseduje sna\u017ean motor (900 W), HEPA filter koji mo\u017ee da se pere, ergonomski dizajn i dug kabl (2,5 m). Kapacitet rezervoara od 20 l omogu\u0107ava \u010di\u0161\u0107enje bez potrebe za \u010destim pra\u017enjenjem. Zahvaljuju\u0107i HEPA filteru, finije \u010destice pepela se ne vra\u0107aju u prostoriju. Idealno za upotrebu u kotlarnicama ili prostorijama sa pe\u0107i \/ kotlom na \u010dvrsto gorivo.<\/p>\n<h3 data-start=\"1354\" data-end=\"1384\"><strong>Karakteristike:\u00a0<\/strong><\/h3>\n<ul>\n<li data-start=\"1743\" data-end=\"1789\">\n<p data-start=\"1745\" data-end=\"1789\">Sna\u017ean motor za efikasno usisavanje pepela<\/p>\n<\/li>\n<li data-start=\"1790\" data-end=\"1851\">\n<p data-start=\"1792\" data-end=\"1851\">HEPA filter koji zadr\u017eava sitne \u010destice i mo\u017ee da se pere<\/p>\n<\/li>\n<li data-start=\"1852\" data-end=\"1899\">\n<p data-start=\"1854\" data-end=\"1899\">Veliki rezervoar (20 l) za manje pra\u017enjenja<\/p>\n<\/li>\n<li data-start=\"1900\" data-end=\"1945\">\n<p data-start=\"1902\" data-end=\"1945\">Dobar protok vazduha i vakuumski pritisak<\/p>\n<\/li>\n<li data-start=\"1946\" data-end=\"1994\">\n<p data-start=\"1948\" data-end=\"1994\">Robusna konstrukcija i prakti\u010dan kabl za rad<\/p>\n<\/li>\n<\/ul>","protected":false},"excerpt":{"rendered":"<p data-start=\"733\" data-end=\"896\">Usisiva\u010d za pepeo ARBlue TOP20, sa motorom snage 900 W i rezervoarom zapremine 20 l. Namenjen \u010di\u0161\u0107enju hladnog pepela iz kamina, pe\u0107i i kotlova.<\/p>\n<p data-start=\"898\" data-end=\"1352\">","protected":false},"featured_media":16980,"template":"","meta":{"_seopress_robots_primary_cat":"none","_seopress_titles_title":"","_seopress_titles_desc":"Usisiva\u010d za pepeo ARBlue TOP20 \u2013 900 W \/ 20 L, HEPA filter, pogodan za \u010disto\u0107a pepela iz kotlova i kamina. Efikasan i prakti\u010dan ure\u0111aj za grejanje prostorije.","_seopress_robots_index":""},"product_brand":[],"product_cat":[4205,4217],"product_tag":[],"class_list":{"0":"post-16979","1":"product","2":"type-product","3":"status-publish","4":"has-post-thumbnail","6":"product_cat-kotlovi-i-kamini-na-pelet","7":"product_cat-oprema-za-odrzavanje-kotlova-na-pelet","9":"first","10":"instock","11":"purchasable","12":"product-type-simple"},"_links":{"self":[{"href":"https:\/\/grejanjesrbija.com\/ru\/wp-json\/wp\/v2\/product\/16979","targetHints":{"allow":["GET"]}}],"collection":[{"href":"https:\/\/grejanjesrbija.com\/ru\/wp-json\/wp\/v2\/product"}],"about":[{"href":"https:\/\/grejanjesrbija.com\/ru\/wp-json\/wp\/v2\/types\/product"}],"wp:featuredmedia":[{"embeddable":true,"href":"https:\/\/grejanjesrbija.com\/ru\/wp-json\/wp\/v2\/media\/16980"}],"wp:attachment":[{"href":"https:\/\/grejanjesrbija.com\/ru\/wp-json\/wp\/v2\/media?parent=16979"}],"wp:term":[{"taxonomy":"product_brand","embeddable":true,"href":"https:\/\/grejanjesrbija.com\/ru\/wp-json\/wp\/v2\/product_brand?post=16979"},{"taxonomy":"product_cat","embeddable":true,"href":"https:\/\/grejanjesrbija.com\/ru\/wp-json\/wp\/v2\/product_cat?post=16979"},{"taxonomy":"product_tag","embeddable":true,"href":"https:\/\/grejanjesrbija.com\/ru\/wp-json\/wp\/v2\/product_tag?post=16979"}],"curies":[{"name":"wp","href":"https:\/\/api.w.org\/{rel}","templated":true}]}}