{"id":16983,"date":"2025-07-15T11:03:31","date_gmt":"2025-07-15T09:03:31","guid":{"rendered":"https:\/\/foxit-technology.com\/proizvod\/elektricni-kotao-viessmann-vitotron-100\/"},"modified":"2026-04-07T15:09:26","modified_gmt":"2026-04-07T13:09:26","slug":"elektricni-kotao-viessmann-vitotron-100","status":"publish","type":"product","link":"https:\/\/grejanjesrbija.com\/ru\/proizvod\/elektricni-kotao-viessmann-vitotron-100\/","title":{"rendered":"Elektri\u010dni kotao Viessmann Vitotron 100 4\/6\/8"},"content":{"rendered":"<h2 data-start=\"184\" data-end=\"275\"><strong data-start=\"187\" data-end=\"275\">Elektri\u010dni kotao Viessmann Vitotron 100 \u2013 pouzdano grejanje uz maksimalnu efikasnost<\/strong><\/h2>\n<p data-start=\"277\" data-end=\"567\"><strong data-start=\"277\" data-end=\"303\">Viessmann Vitotron 100<\/strong> predstavlja savremeno re\u0161enje za elektri\u010dno grejanje objekata, idealno za ku\u0107e, stanove, poslovne prostore i vikendice. Ovaj <strong data-start=\"429\" data-end=\"449\">elektri\u010dni kotao<\/strong> obezbe\u0111uje visoku energetsku efikasnost i tihu, bezbednu i ekolo\u0161ki prihvatljivu upotrebu bez emisije \u0161tetnih gasova.<\/p>\n<h3 data-start=\"569\" data-end=\"599\"><strong data-start=\"573\" data-end=\"599\">Glavne karakteristike:<\/strong><\/h3>\n<ul data-start=\"600\" data-end=\"1169\">\n<li data-start=\"600\" data-end=\"672\">\n<p data-start=\"602\" data-end=\"672\"><strong data-start=\"602\" data-end=\"612\">Snaga:<\/strong> od 4, 6, 8 kW \u2013 mogu\u0107nost izbora prema potrebama prostora<\/p>\n<\/li>\n<li data-start=\"673\" data-end=\"731\">\n<p data-start=\"675\" data-end=\"731\"><strong data-start=\"675\" data-end=\"689\">Napajanje:<\/strong> 230 V (monofazno) ili 400 V (trofazno)<\/p>\n<\/li>\n<li data-start=\"732\" data-end=\"764\">\n<p data-start=\"734\" data-end=\"764\"><strong data-start=\"734\" data-end=\"749\">Efikasnost:<\/strong> do <strong data-start=\"753\" data-end=\"762\">99,4%<\/strong><\/p>\n<\/li>\n<li data-start=\"765\" data-end=\"850\">\n<p data-start=\"767\" data-end=\"850\"><strong data-start=\"767\" data-end=\"794\">Regulacija temperature:<\/strong> precizna elektronska kontrola u rasponu od 20 do 85\u00b0C<\/p>\n<\/li>\n<li data-start=\"851\" data-end=\"911\">\n<p data-start=\"853\" data-end=\"911\"><strong data-start=\"853\" data-end=\"890\">Automatska za\u0161tita od pregrevanja<\/strong> i sistema bez vode<\/p>\n<\/li>\n<li data-start=\"912\" data-end=\"1007\">\n<p data-start=\"914\" data-end=\"1007\"><strong data-start=\"914\" data-end=\"972\">Mogu\u0107nost kombinovanja sa postoje\u0107im sistemom grejanja<\/strong> ili rad kao glavni izvor toplote<\/p>\n<\/li>\n<li data-start=\"1008\" data-end=\"1112\">\n<p data-start=\"1010\" data-end=\"1112\"><strong data-start=\"1010\" data-end=\"1044\">Tiho i pouzdano funkcionisanje<\/strong> zahvaljuju\u0107i visokokvalitetnim komponentama Viessmann tehnologije<\/p>\n<\/li>\n<li data-start=\"1113\" data-end=\"1169\">\n<p data-start=\"1115\" data-end=\"1169\"><strong data-start=\"1115\" data-end=\"1138\">Kompaktne dimenzije<\/strong> \u2013 jednostavna monta\u017ea na zid<\/p>\n<\/li>\n<li data-start=\"1113\" data-end=\"1169\"><strong>Zemlja porekla:<\/strong>\u00a0Nema\u010dka<\/li>\n<li data-start=\"1113\" data-end=\"1169\"><strong>Proizvo\u0111a\u010d:\u00a0<\/strong>VIESSMANN<\/li>\n<\/ul>\n<h3 data-start=\"1171\" data-end=\"1218\"><strong data-start=\"1175\" data-end=\"1218\">Prednosti Viessmann Vitotron 100 kotla:<\/strong><\/h3>\n<ul data-start=\"1219\" data-end=\"1564\">\n<li data-start=\"1219\" data-end=\"1267\">\n<p data-start=\"1221\" data-end=\"1267\">Nema potrebe za dimnjakom ni dovodom vazduha<\/p>\n<\/li>\n<li data-start=\"1268\" data-end=\"1347\">\n<p data-start=\"1270\" data-end=\"1347\">Bez sagorevanja goriva i \u010da\u0111i \u2013 potpuno <strong data-start=\"1310\" data-end=\"1345\">\u010dist i bezbedan sistem grejanja<\/strong><\/p>\n<\/li>\n<li data-start=\"1348\" data-end=\"1400\">\n<p data-start=\"1350\" data-end=\"1400\">Idealno re\u0161enje za <strong data-start=\"1369\" data-end=\"1398\">objekte bez pristupa gasu<\/strong><\/p>\n<\/li>\n<li data-start=\"1401\" data-end=\"1480\">\n<p data-start=\"1403\" data-end=\"1480\"><strong data-start=\"1403\" data-end=\"1428\">Jednostavno rukovanje<\/strong> pomo\u0107u digitalnog displeja i automatskih funkcija<\/p>\n<\/li>\n<li data-start=\"1481\" data-end=\"1564\">\n<p data-start=\"1483\" data-end=\"1564\"><strong data-start=\"1483\" data-end=\"1503\">Dug vek trajanja<\/strong> zahvaljuju\u0107i eloksiranim komponentama i za\u0161titi od kamenca<\/p>\n<\/li>\n<\/ul>\n<p>Drugi dostupni modeli :<\/p>\n<p><strong>Opcije:<\/strong><\/p>\n<table id=\"tab_3lq78BqdHe\" class=\"tabtable-gr_alterora_elemental_2_grey_1s1\" data-ruleset=\"gr.alterora.elemental_2_grey.xml:gr.alterora.elemental_2_grey_1s1\">\n<tbody>\n<tr class=\"tabrow tdmin_1h\">\n<td class=\"tabcol\">\u0160ifra<\/td>\n<td class=\"tabcol\">Naziv<\/td>\n<td class=\"tabcol\">\u0421\u0438\u043b\u0430<\/td>\n<td class=\"tabcol\">Cena<\/td>\n<\/tr>\n<tr class=\"tabrow\">\n<td class=\"tabcol\"><\/td>\n<td class=\"tabcol\"><\/td>\n<td class=\"tabcol\"><\/td>\n<td class=\"tabcol\"><\/td>\n<\/tr>\n<tr class=\"tabrow\">\n<td class=\"tabcol\"><\/td>\n<td class=\"tabcol\">El.kot.Viessmann Vitotron100 12\/16\/20\/24<\/td>\n<td class=\"tabcol\">12-24kw<\/td>\n<td class=\"tabcol\">117.991,00<\/td>\n<\/tr>\n<\/tbody>\n<\/table>\n<p><strong data-start=\"2071\" data-end=\"2114\">Elektri\u010dni kotao Viessmann Vitotron 100<\/strong> je idealan izbor za korisnike koji \u017eele <strong data-start=\"2155\" data-end=\"2218\">visoku efikasnost, jednostavnu instalaciju i potpuni komfor<\/strong> bez potrebe za gorivom. Njegova napredna tehnologija, kompaktan dizajn i nema\u010dka pouzdanost \u010dine ga jednim od najtra\u017eenijih elektri\u010dnih kotlova na tr\u017ei\u0161tu.<\/p>","protected":false},"excerpt":{"rendered":"<p>Elektri\u010dni kotao <strong data-start=\"46\" data-end=\"72\">Viessmann Vitotron 100<\/strong> predstavlja moderno i pouzdano re\u0161enje za grejanje prostora bez potrebe za gorivom ili dimnjakom. Sa snagom od <strong data-start=\"184\" data-end=\"198\">4 ,6, 8 kW<\/strong> i efikasno\u0161\u0107u do <strong data-start=\"216\" data-end=\"225\">99,4%<\/strong>, obezbe\u0111uje tihu, \u010distu i ekonomi\u010dnu toplotu. Idealan je za stanove, ku\u0107e i objekte bez pristupa gasu, uz jednostavnu monta\u017eu i digitalnu regulaciju temperature.<\/p>","protected":false},"featured_media":22915,"template":"","meta":{"_seopress_robots_primary_cat":"none","_seopress_titles_title":"Viessmann Vitotron 100 \u2013 elektri\u010dni kotao 4\u201324 kW","_seopress_titles_desc":"Elektri\u010dni kotao Viessmann Vitotron 100 \u2013 efikasno i \u010disto grejanje, snaga 4\u201324 kW, kompaktan dizajn i maksimalna pouzdanost.","_seopress_robots_index":""},"product_brand":[4227],"product_cat":[4223],"product_tag":[],"class_list":{"0":"post-16983","1":"product","2":"type-product","3":"status-publish","4":"has-post-thumbnail","6":"product_brand-viessmann","7":"product_cat-elektricni-kotlovi","9":"first","10":"instock","11":"purchasable","12":"product-type-simple"},"_links":{"self":[{"href":"https:\/\/grejanjesrbija.com\/ru\/wp-json\/wp\/v2\/product\/16983","targetHints":{"allow":["GET"]}}],"collection":[{"href":"https:\/\/grejanjesrbija.com\/ru\/wp-json\/wp\/v2\/product"}],"about":[{"href":"https:\/\/grejanjesrbija.com\/ru\/wp-json\/wp\/v2\/types\/product"}],"wp:featuredmedia":[{"embeddable":true,"href":"https:\/\/grejanjesrbija.com\/ru\/wp-json\/wp\/v2\/media\/22915"}],"wp:attachment":[{"href":"https:\/\/grejanjesrbija.com\/ru\/wp-json\/wp\/v2\/media?parent=16983"}],"wp:term":[{"taxonomy":"product_brand","embeddable":true,"href":"https:\/\/grejanjesrbija.com\/ru\/wp-json\/wp\/v2\/product_brand?post=16983"},{"taxonomy":"product_cat","embeddable":true,"href":"https:\/\/grejanjesrbija.com\/ru\/wp-json\/wp\/v2\/product_cat?post=16983"},{"taxonomy":"product_tag","embeddable":true,"href":"https:\/\/grejanjesrbija.com\/ru\/wp-json\/wp\/v2\/product_tag?post=16983"}],"curies":[{"name":"wp","href":"https:\/\/api.w.org\/{rel}","templated":true}]}}