{"id":17009,"date":"2025-07-15T11:03:31","date_gmt":"2025-07-15T09:03:31","guid":{"rendered":"https:\/\/foxit-technology.com\/proizvod\/t-prikljucak-za-vilpra-dimnjake\/"},"modified":"2025-10-09T13:51:29","modified_gmt":"2025-10-09T11:51:29","slug":"t-prikljucak-za-vilpra-dimnjake","status":"publish","type":"product","link":"https:\/\/grejanjesrbija.com\/ru\/proizvod\/t-prikljucak-za-vilpra-dimnjake\/","title":{"rendered":"T priklju\u010dak za Vilpra dimnjake"},"content":{"rendered":"<h2>T priklju\u010dak za Vilpra dimnjake<\/h2>\n<p data-start=\"212\" data-end=\"624\">T priklju\u010dak (T komad) za Vilpra dimnjake je element koji omogu\u0107ava priklju\u010denje dodatne grane u dimovodni sistem \u2014 na primer priklju\u010dak iz kotla, kamina ili nekog drugog ure\u0111aja u glavni dimnjak. Ovaj spojni elemenat ima oblik slova \u201cT\u201d i obi\u010dno poseduje revizioni otvor kako bi se omogu\u0107ilo \u010di\u0161\u0107enje i inspekcija. T priklju\u010dak je \u010desto uklju\u010den u setove dimnjaka Vilpra.<\/p>\n<p data-start=\"626\" data-end=\"805\">Kori\u0161\u0107enje T priklju\u010dka omogu\u0107ava fleksibilnost u projektovanju dimnja\u010dkih instalacija i omogu\u0107ava da vi\u0161e ure\u0111aja dele zajedni\u010dki dimnjak, uz adekvatno dimenzionisanje i propise.<\/p>\n<h3>Karakteristike i prednosti<\/h3>\n<ul>\n<li>Materijal: prohrom<\/li>\n<li>Boja: siva<\/li>\n<li>Obuhvata osnovni oblik T (glavna osa + grana pod 90\u00b0)<\/li>\n<li>Otpornost na visoke temperature<\/li>\n<li>Kompatibilan sa ostalim elementima Vilpra sistema<\/li>\n<li>Omogu\u0107ava priklju\u010divanje dodatne grane u dimovodnom sistemu<\/li>\n<li>Smanjuje slo\u017eenost instalacije vi\u0161e dimnih ure\u0111aja<\/li>\n<li>Elimini\u0161e potrebu za slo\u017eenim grananjima samostalnim cevima<\/li>\n<\/ul>\n<h3><\/h3>\n<p>Pre ugradnje, obavezno proverite sve dimenzije i uverite se da su svi delovi kompatibilni sa va\u0161im sistemom. Instalacija T priklju\u010dka treba da se vr\u0161i u skladu sa va\u017ee\u0107im standardima i pravilnicima o bezbednosti.<\/p>","protected":false},"excerpt":{"rendered":"<p>T priklju\u010dak za Vilpra dimnjake omogu\u0107ava efikasnu instalaciju dimnjaka. Izra\u0111en je od \u010delika i otporan je na visoke temperature.<\/p>","protected":false},"featured_media":17010,"template":"","meta":{"_seopress_robots_primary_cat":"none","_seopress_titles_title":"","_seopress_titles_desc":"Otkrijte T priklju\u010dak za Vilpra dimnjake, idealan za povezivanje vi\u0161e ure\u0111aja uz lako\u0107u \u010di\u0161\u0107enja i inspekcije. Kompatibilan sa svim Vilpra sistemima.","_seopress_robots_index":""},"product_brand":[4303],"product_cat":[4304,4305],"product_tag":[],"class_list":{"0":"post-17009","1":"product","2":"type-product","3":"status-publish","4":"has-post-thumbnail","6":"product_brand-vilpra","7":"product_cat-dimnjaci","8":"product_cat-pojedinacni-elementi-za-montazne-dimnjake","10":"first","11":"onbackorder","12":"purchasable","13":"product-type-variable"},"_links":{"self":[{"href":"https:\/\/grejanjesrbija.com\/ru\/wp-json\/wp\/v2\/product\/17009","targetHints":{"allow":["GET"]}}],"collection":[{"href":"https:\/\/grejanjesrbija.com\/ru\/wp-json\/wp\/v2\/product"}],"about":[{"href":"https:\/\/grejanjesrbija.com\/ru\/wp-json\/wp\/v2\/types\/product"}],"wp:featuredmedia":[{"embeddable":true,"href":"https:\/\/grejanjesrbija.com\/ru\/wp-json\/wp\/v2\/media\/17010"}],"wp:attachment":[{"href":"https:\/\/grejanjesrbija.com\/ru\/wp-json\/wp\/v2\/media?parent=17009"}],"wp:term":[{"taxonomy":"product_brand","embeddable":true,"href":"https:\/\/grejanjesrbija.com\/ru\/wp-json\/wp\/v2\/product_brand?post=17009"},{"taxonomy":"product_cat","embeddable":true,"href":"https:\/\/grejanjesrbija.com\/ru\/wp-json\/wp\/v2\/product_cat?post=17009"},{"taxonomy":"product_tag","embeddable":true,"href":"https:\/\/grejanjesrbija.com\/ru\/wp-json\/wp\/v2\/product_tag?post=17009"}],"curies":[{"name":"wp","href":"https:\/\/api.w.org\/{rel}","templated":true}]}}