{"id":17013,"date":"2025-07-15T11:03:31","date_gmt":"2025-07-15T09:03:31","guid":{"rendered":"https:\/\/foxit-technology.com\/proizvod\/mesacki-ventili-esbe\/"},"modified":"2025-10-16T13:23:13","modified_gmt":"2025-10-16T11:23:13","slug":"mesacki-ventili-esbe","status":"publish","type":"product","link":"https:\/\/grejanjesrbija.com\/ru\/proizvod\/mesacki-ventili-esbe\/","title":{"rendered":"Me\u0161a\u010dki ventili Esbe"},"content":{"rendered":"<p data-start=\"153\" data-end=\"695\"><strong data-start=\"153\" data-end=\"185\">Me\u0161a\u010dki ventil ESBE trokraki<\/strong> je visokokvalitetni ventil namenjen za preciznu regulaciju i me\u0161anje toplog i hladnog voda u sistemima grejanja, hla\u0111enja i sanitarnim instalacijama. Brend <strong data-start=\"342\" data-end=\"350\">ESBE<\/strong> poznat je po svojoj pouzdanosti i dugotrajnosti, a ovaj ventil omogu\u0107ava optimalnu kontrolu temperature fluida, \u010dime se posti\u017ee energetska efikasnost i stabilan rad sistema. Izra\u0111en od mesinga vrhunskog kvaliteta, ventil je otporan na koroziju, visoke temperature i pritiske, \u0161to ga \u010dini idealnim izborom za profesionalne i ku\u0107ne instalacije.<\/p>\n<h3 data-start=\"702\" data-end=\"730\"><strong data-start=\"709\" data-end=\"728\">\u00a0 \u00a0 \u00a0 \u00a0Karakteristike:<\/strong><\/h3>\n<ul>\n<li>Klasa pritiska: PN 10<\/li>\n<li>Max. temperatura: 110\u00b0C<\/li>\n<li>Min. temperatura: \u201310\u00b0C<\/li>\n<li>Max. pad difer. prit.: DN 20\u201350 KpA<\/li>\n<li>Opseg Kv\/Kvmin: 100<\/li>\n<\/ul>","protected":false},"excerpt":{"rendered":"<p data-start=\"1233\" data-end=\"1428\">ESBE trokraki me\u0161a\u010dki ventil izra\u0111en od mesinga visokog kvaliteta, namenjen za precizno me\u0161anje toplog i hladnog voda u grejnim i sanitarnim sistemima. Pouzdan, izdr\u017eljiv i energetski efikasan.<\/p>","protected":false},"featured_media":17014,"template":"","meta":{"_seopress_robots_primary_cat":"none","_seopress_titles_title":"","_seopress_titles_desc":"ESBE trokraki me\u0161a\u010dki ventil izra\u0111en od mesinga visokog kvaliteta, namenjen za precizno me\u0161anje toplog i hladnog voda u grejnim i sanitarnim sistemima. Pouzdan, izdr\u017eljiv i energetski efikasan.","_seopress_robots_index":""},"product_brand":[],"product_cat":[4296,4300],"product_tag":[],"class_list":{"0":"post-17013","1":"product","2":"type-product","3":"status-publish","4":"has-post-thumbnail","6":"product_cat-fiting","7":"product_cat-mesacki-ventili","9":"first","10":"instock","11":"purchasable","12":"product-type-simple"},"_links":{"self":[{"href":"https:\/\/grejanjesrbija.com\/ru\/wp-json\/wp\/v2\/product\/17013","targetHints":{"allow":["GET"]}}],"collection":[{"href":"https:\/\/grejanjesrbija.com\/ru\/wp-json\/wp\/v2\/product"}],"about":[{"href":"https:\/\/grejanjesrbija.com\/ru\/wp-json\/wp\/v2\/types\/product"}],"wp:featuredmedia":[{"embeddable":true,"href":"https:\/\/grejanjesrbija.com\/ru\/wp-json\/wp\/v2\/media\/17014"}],"wp:attachment":[{"href":"https:\/\/grejanjesrbija.com\/ru\/wp-json\/wp\/v2\/media?parent=17013"}],"wp:term":[{"taxonomy":"product_brand","embeddable":true,"href":"https:\/\/grejanjesrbija.com\/ru\/wp-json\/wp\/v2\/product_brand?post=17013"},{"taxonomy":"product_cat","embeddable":true,"href":"https:\/\/grejanjesrbija.com\/ru\/wp-json\/wp\/v2\/product_cat?post=17013"},{"taxonomy":"product_tag","embeddable":true,"href":"https:\/\/grejanjesrbija.com\/ru\/wp-json\/wp\/v2\/product_tag?post=17013"}],"curies":[{"name":"wp","href":"https:\/\/api.w.org\/{rel}","templated":true}]}}