{"id":17110,"date":"2025-07-15T11:04:07","date_gmt":"2025-07-15T09:04:07","guid":{"rendered":"https:\/\/foxit-technology.com\/proizvod\/cetka-za-mareli-kotlove\/"},"modified":"2026-01-19T10:37:02","modified_gmt":"2026-01-19T09:37:02","slug":"cetka-za-mareli-kotlove","status":"publish","type":"product","link":"https:\/\/grejanjesrbija.com\/ru\/proizvod\/cetka-za-mareli-kotlove\/","title":{"rendered":"\u010cetka za Mareli kotlove"},"content":{"rendered":"<h2><strong>\u010cetka za Mareli kotlove<\/strong><\/h2>\n<p>\u010cetka za Mareli kotlove je idealno re\u0161enje za efikasno odr\u017eavanje i \u010di\u0161\u0107enje Va\u0161eg kotla. Ova \u010detka omogu\u0107ava lako uklanjanje naslaga \u010da\u0111i i prljav\u0161tine, \u010dime se obezbe\u0111uje optimalan rad kotla i produ\u017eava njegov vek trajanja.<\/p>\n<h3>Karakteristike proizvoda<\/h3>\n<ul>\n<li>Prilagodljiv dizajn za razli\u010dite modele kotlova &#8211; Mareli kotlovi i kamini kao i svi koji zahtevaju manji promer \u010detke do fi50<\/li>\n<li>Robusna vlakna koja efikasno \u010diste<\/li>\n<li>Ergonomska dr\u0161ka za udobno kori\u0161\u0107enje<\/li>\n<\/ul>\n<h3>Specifikacije<\/h3>\n<table>\n<tbody>\n<tr>\n<th>Atribut<\/th>\n<th>Vrednost<\/th>\n<\/tr>\n<tr>\n<td>Materijal<\/td>\n<td>Mesing<\/td>\n<\/tr>\n<tr>\n<td>Du\u017eina cele \u010detke sa dr\u0161kom\/du\u017eina samo dela sa dla\u010dicama<\/td>\n<td>110cm\/10cm<\/td>\n<\/tr>\n<tr>\n<td>Pre\u010dnik<\/td>\n<td>fi 50<\/td>\n<\/tr>\n<\/tbody>\n<\/table>\n<h3><\/h3>\n<p>Na\u0161a \u010detka je dizajnirana sa ciljem da pru\u017ei lako\u0107u i efikasnost u odr\u017eavanju kotlova. Bez obzira na to da li ste profesionalac ili amater, ova \u010detka \u0107e vam pomo\u0107i da o\u010distite svoj kotao brzo i jednostavno.<\/p>","protected":false},"excerpt":{"rendered":"<p>Efikasna \u010detka za \u010di\u0161\u0107enje Mareli kotlova. Robusna i ergonomska, idealna za dugotrajno kori\u0161\u0107enje.<\/p>","protected":false},"featured_media":17111,"template":"","meta":{"_seopress_robots_primary_cat":"none","_seopress_titles_title":"","_seopress_titles_desc":"Odr\u017eavajte va\u0161 kotao lako i prolongirajte njegov vek uz na\u0161u \u010detku za Mareli kotlove. Uklonite naslage \u010da\u0111i brzo i jednostavno!","_seopress_robots_index":""},"product_brand":[4192],"product_cat":[4304,4310,4217],"product_tag":[],"class_list":{"0":"post-17110","1":"product","2":"type-product","3":"status-publish","4":"has-post-thumbnail","6":"product_brand-mareli","7":"product_cat-dimnjaci","8":"product_cat-oprema-za-odrzavanje-dimnjaka","9":"product_cat-oprema-za-odrzavanje-kotlova-na-pelet","11":"first","12":"instock","13":"purchasable","14":"product-type-simple"},"_links":{"self":[{"href":"https:\/\/grejanjesrbija.com\/ru\/wp-json\/wp\/v2\/product\/17110","targetHints":{"allow":["GET"]}}],"collection":[{"href":"https:\/\/grejanjesrbija.com\/ru\/wp-json\/wp\/v2\/product"}],"about":[{"href":"https:\/\/grejanjesrbija.com\/ru\/wp-json\/wp\/v2\/types\/product"}],"wp:featuredmedia":[{"embeddable":true,"href":"https:\/\/grejanjesrbija.com\/ru\/wp-json\/wp\/v2\/media\/17111"}],"wp:attachment":[{"href":"https:\/\/grejanjesrbija.com\/ru\/wp-json\/wp\/v2\/media?parent=17110"}],"wp:term":[{"taxonomy":"product_brand","embeddable":true,"href":"https:\/\/grejanjesrbija.com\/ru\/wp-json\/wp\/v2\/product_brand?post=17110"},{"taxonomy":"product_cat","embeddable":true,"href":"https:\/\/grejanjesrbija.com\/ru\/wp-json\/wp\/v2\/product_cat?post=17110"},{"taxonomy":"product_tag","embeddable":true,"href":"https:\/\/grejanjesrbija.com\/ru\/wp-json\/wp\/v2\/product_tag?post=17110"}],"curies":[{"name":"wp","href":"https:\/\/api.w.org\/{rel}","templated":true}]}}