{"id":17112,"date":"2025-07-15T11:04:07","date_gmt":"2025-07-15T09:04:07","guid":{"rendered":"https:\/\/foxit-technology.com\/proizvod\/kotao-abc-classic\/"},"modified":"2026-02-13T13:44:50","modified_gmt":"2026-02-13T12:44:50","slug":"kotao-abc-classic","status":"publish","type":"product","link":"https:\/\/grejanjesrbija.com\/ru\/proizvod\/kotao-abc-classic\/","title":{"rendered":"Kotao ABC Classic 18kw"},"content":{"rendered":"<h2 data-start=\"166\" data-end=\"201\"><strong data-start=\"172\" data-end=\"201\">Kotao ABC Classic \u2013 18 kW<\/strong><\/h2>\n<p data-start=\"224\" data-end=\"487\">ABC Classic 18 kW je \u010deli\u010dni kotao na \u010dvrsto gorivo (drvo i\/ili ugalj), dizajniran za pouzdano grejanje manjeg stambenog objekta. Poseduje robustnu konstrukciju, mehani\u010dke komponente za kontrolu sagorevanja, i dizajn prilago\u0111en jednostavnoj upotrebi i odr\u017eavanju.<\/p>\n<h3 data-start=\"1367\" data-end=\"1385\">Karakteristike i prednosti<\/h3>\n<ul>\n<li data-start=\"1388\" data-end=\"1465\">Robusna \u010deli\u010dna konstrukcija pogodna za dugotrajan rad i velike temperature<\/li>\n<li data-start=\"1468\" data-end=\"1511\">Vi\u0161e mogu\u0107nosti za lo\u017eenje (drvo i ugalj)<\/li>\n<li data-start=\"1514\" data-end=\"1587\">Jednostavno \u010di\u0161\u0107enje i odr\u017eavanje zbog konstrukcije lo\u017ei\u0161ta i pepeljare<\/li>\n<li>Ima jednu vertikalnu promaju<\/li>\n<li>Tresa\u010d pepela koji spre\u010dava zatvaranje me\u0111ucevnog prostora \u010dime se omogu\u0107uje bolji dovod sve\u017eeg vazduha u zonu sagorevanja<\/li>\n<li>Ru\u010dica za pokretanje tresa\u010da mo\u017ee da se montira sa leve ili desne strane kotla<\/li>\n<li>Garancija\u00a0 5 godina<\/li>\n<\/ul>\n<h3 data-start=\"1769\" data-end=\"1803\">Za\u0161to odabrati ovaj kotao?<\/h3>\n<p data-start=\"1804\" data-end=\"2180\">Ako tra\u017eite pouzdan i solidan \u010deli\u010dni kotao na \u010dvrsto gorivo za ku\u0107u ili manji objekat i potrebna vam je izlazna snaga do 18 kW, <strong data-start=\"1933\" data-end=\"1954\">ABC Classic 18 kW<\/strong> mo\u017ee biti dobar izbor. Konstrukcija je dovoljno robusna, a garancija (5 godina) daje dodatni ose\u0107aj sigurnosti. Idealno je re\u0161enje za korisnike koji tra\u017ee kombinaciju pristupa\u010dne cene sa solidnom funkcionalno\u0161\u0107u.<\/p>","protected":false},"excerpt":{"rendered":"<p>Ako tra\u017eite pouzdan i solidan \u010deli\u010dni kotao na \u010dvrsto gorivo za ku\u0107u ili manji objekat i potrebna Vam je izlazna snaga do 18 kW, ABC Classic 18 kW je idealno re\u0161enje za korisnike koji tra\u017ee kombinaciju pristupa\u010dne cene sa solidnom funkcionalno\u0161\u0107u.<\/p>","protected":false},"featured_media":17113,"template":"","meta":{"_seopress_robots_primary_cat":"none","_seopress_titles_title":"","_seopress_titles_desc":"Kotao ABC Classic 18 kW \u2013 \u010deli\u010dni kotao na \u010dvrsto gorivo (drva i ugalj) idealan za grejanje manjih ku\u0107a i objekata. Pouzdan, dugotrajan i jednostavan za odr\u017eavanje.","_seopress_robots_index":""},"product_brand":[4196],"product_cat":[4193,4189],"product_tag":[],"class_list":{"0":"post-17112","1":"product","2":"type-product","3":"status-publish","4":"has-post-thumbnail","6":"product_brand-abc-uzice","7":"product_cat-celicni-kotlovi","8":"product_cat-kotlovi-na-cvrsto-gorivo","10":"first","11":"instock","12":"purchasable","13":"product-type-simple"},"_links":{"self":[{"href":"https:\/\/grejanjesrbija.com\/ru\/wp-json\/wp\/v2\/product\/17112","targetHints":{"allow":["GET"]}}],"collection":[{"href":"https:\/\/grejanjesrbija.com\/ru\/wp-json\/wp\/v2\/product"}],"about":[{"href":"https:\/\/grejanjesrbija.com\/ru\/wp-json\/wp\/v2\/types\/product"}],"wp:featuredmedia":[{"embeddable":true,"href":"https:\/\/grejanjesrbija.com\/ru\/wp-json\/wp\/v2\/media\/17113"}],"wp:attachment":[{"href":"https:\/\/grejanjesrbija.com\/ru\/wp-json\/wp\/v2\/media?parent=17112"}],"wp:term":[{"taxonomy":"product_brand","embeddable":true,"href":"https:\/\/grejanjesrbija.com\/ru\/wp-json\/wp\/v2\/product_brand?post=17112"},{"taxonomy":"product_cat","embeddable":true,"href":"https:\/\/grejanjesrbija.com\/ru\/wp-json\/wp\/v2\/product_cat?post=17112"},{"taxonomy":"product_tag","embeddable":true,"href":"https:\/\/grejanjesrbija.com\/ru\/wp-json\/wp\/v2\/product_tag?post=17112"}],"curies":[{"name":"wp","href":"https:\/\/api.w.org\/{rel}","templated":true}]}}