{"id":17123,"date":"2025-07-15T11:04:07","date_gmt":"2025-07-15T09:04:07","guid":{"rendered":"https:\/\/foxit-technology.com\/proizvod\/sekac-bakarnih-cevi-4-28mm\/"},"modified":"2025-07-15T11:04:14","modified_gmt":"2025-07-15T09:04:14","slug":"sekac-bakarnih-cevi-4-28mm","status":"publish","type":"product","link":"https:\/\/grejanjesrbija.com\/ru\/proizvod\/sekac-bakarnih-cevi-4-28mm\/","title":{"rendered":"Seka\u010d bakarnih cevi 4-28mm"},"content":{"rendered":"<p>Seka\u010d za cevi debljine 4-28mm. Pogodan za plasti\u010dne, bakarne cevi, podesivih dimenzija.&nbsp;<\/p>","protected":false},"excerpt":{"rendered":"<p>Seka\u010d za cevi debljine 4-28mm. Pogodan za plasti\u010dne, bakarne cevi, podesivih dimenzija.&nbsp;<\/p>","protected":false},"featured_media":17124,"template":"","meta":{"_seopress_robots_primary_cat":"","_seopress_titles_title":"","_seopress_titles_desc":"","_seopress_robots_index":""},"product_brand":[],"product_cat":[4270,4269],"product_tag":[],"class_list":{"0":"post-17123","1":"product","2":"type-product","3":"status-publish","4":"has-post-thumbnail","6":"product_cat-bakarne-cevi","7":"product_cat-bakarne-cevi-i-izolacija-za-cevi","9":"first","10":"instock","11":"purchasable","12":"product-type-simple"},"_links":{"self":[{"href":"https:\/\/grejanjesrbija.com\/ru\/wp-json\/wp\/v2\/product\/17123","targetHints":{"allow":["GET"]}}],"collection":[{"href":"https:\/\/grejanjesrbija.com\/ru\/wp-json\/wp\/v2\/product"}],"about":[{"href":"https:\/\/grejanjesrbija.com\/ru\/wp-json\/wp\/v2\/types\/product"}],"wp:featuredmedia":[{"embeddable":true,"href":"https:\/\/grejanjesrbija.com\/ru\/wp-json\/wp\/v2\/media\/17124"}],"wp:attachment":[{"href":"https:\/\/grejanjesrbija.com\/ru\/wp-json\/wp\/v2\/media?parent=17123"}],"wp:term":[{"taxonomy":"product_brand","embeddable":true,"href":"https:\/\/grejanjesrbija.com\/ru\/wp-json\/wp\/v2\/product_brand?post=17123"},{"taxonomy":"product_cat","embeddable":true,"href":"https:\/\/grejanjesrbija.com\/ru\/wp-json\/wp\/v2\/product_cat?post=17123"},{"taxonomy":"product_tag","embeddable":true,"href":"https:\/\/grejanjesrbija.com\/ru\/wp-json\/wp\/v2\/product_tag?post=17123"}],"curies":[{"name":"wp","href":"https:\/\/api.w.org\/{rel}","templated":true}]}}