{"id":17129,"date":"2025-07-15T11:04:07","date_gmt":"2025-07-15T09:04:07","guid":{"rendered":"https:\/\/foxit-technology.com\/proizvod\/dimovodi-i-dodatak-za-vitodens\/"},"modified":"2026-03-09T15:07:35","modified_gmt":"2026-03-09T14:07:35","slug":"pribor-za-montazu-za-cirkluacioni-kotao-viessmann","status":"publish","type":"product","link":"https:\/\/grejanjesrbija.com\/ru\/proizvod\/pribor-za-montazu-za-cirkluacioni-kotao-viessmann\/","title":{"rendered":"Pribor za monta\u017eu za cirkluacioni kotao Viessmann"},"content":{"rendered":"<p>Ovaj monta\u017eni set je dizajniran da olak\u0161a instalaciju cirkulacionog kotla Vitodens: sadr\u017ei sve potrebne priklju\u010dne elemente kao \u0161to su izolacioni ventili, kuglasti ventili s automatskim zatvaranjem, monta\u017ena plo\u010da (back-plate) i priklju\u010dci za grejni i povratni vod. Primena originalnog Viessmann pribora garantuje kompatibilnost, br\u017eu monta\u017eu i sigurniji rad sistema. <br data-start=\"728\" data-end=\"731\" \/>Set omogu\u0107ava brzu pripremu instalacije \u2014 monta\u017ena plo\u010da omogu\u0107ava da pre samog kotla bude izvedena hidraulika, \u0161to \u0161tedi vreme i omogu\u0107ava \u010di\u0161\u0107i zavr\u0161etak monta\u017ee. <br data-start=\"933\" data-end=\"936\" \/>Komplet je izra\u0111en prema tehni\u010dkim zahtevima Viessmanna, \u0161to zna\u010di da su svi spojevi i ventili kompatibilni s kotlom i sistemom grejanja \u2014 time se smanjuje mogu\u0107nost gre\u0161aka i olak\u0161ava servis.<\/p>","protected":false},"excerpt":{"rendered":"<p data-start=\"105\" data-end=\"297\">Kompletni monta\u017eni priklju\u010dni set za kotlovski sistem Viessmann Vitodens \u2014 uklju\u010duje ventile, spojnice i monta\u017enu plo\u010du predpripreme, idealan za ugradnju cirkulacionog kotla u sistem grejanja.<\/p>","protected":false},"featured_media":25564,"template":"","meta":{"_seopress_robots_primary_cat":"none","_seopress_titles_title":"Pribor za monta\u017eu za cirkluacioni kotao Viessmann","_seopress_titles_desc":"Kompletni monta\u017eni priklju\u010dni set za kotlovski sistem Viessmann Vitodens \u2014 uklju\u010duje ventile, spojnice i monta\u017enu plo\u010du predpripreme, idealan za ugradnju cirkulacionog kotla u sistem grejanja.","_seopress_robots_index":""},"product_brand":[4227],"product_cat":[4231,4228],"product_tag":[],"class_list":{"0":"post-17129","1":"product","2":"type-product","3":"status-publish","4":"has-post-thumbnail","6":"product_brand-viessmann","7":"product_cat-kondenzacioni-kotlovi","8":"product_cat-kotlovi-na-gas","10":"first","11":"instock","12":"purchasable","13":"product-type-simple"},"_links":{"self":[{"href":"https:\/\/grejanjesrbija.com\/ru\/wp-json\/wp\/v2\/product\/17129","targetHints":{"allow":["GET"]}}],"collection":[{"href":"https:\/\/grejanjesrbija.com\/ru\/wp-json\/wp\/v2\/product"}],"about":[{"href":"https:\/\/grejanjesrbija.com\/ru\/wp-json\/wp\/v2\/types\/product"}],"wp:featuredmedia":[{"embeddable":true,"href":"https:\/\/grejanjesrbija.com\/ru\/wp-json\/wp\/v2\/media\/25564"}],"wp:attachment":[{"href":"https:\/\/grejanjesrbija.com\/ru\/wp-json\/wp\/v2\/media?parent=17129"}],"wp:term":[{"taxonomy":"product_brand","embeddable":true,"href":"https:\/\/grejanjesrbija.com\/ru\/wp-json\/wp\/v2\/product_brand?post=17129"},{"taxonomy":"product_cat","embeddable":true,"href":"https:\/\/grejanjesrbija.com\/ru\/wp-json\/wp\/v2\/product_cat?post=17129"},{"taxonomy":"product_tag","embeddable":true,"href":"https:\/\/grejanjesrbija.com\/ru\/wp-json\/wp\/v2\/product_tag?post=17129"}],"curies":[{"name":"wp","href":"https:\/\/api.w.org\/{rel}","templated":true}]}}