{"id":17212,"date":"2025-07-15T11:04:45","date_gmt":"2025-07-15T09:04:45","guid":{"rendered":"https:\/\/foxit-technology.com\/proizvod\/kepo-comfort-wood-r\/"},"modified":"2026-02-19T13:15:13","modified_gmt":"2026-02-19T12:15:13","slug":"kepo-comfort-wood-r","status":"publish","type":"product","link":"https:\/\/grejanjesrbija.com\/ru\/proizvod\/kepo-comfort-wood-r\/","title":{"rendered":"Kepo Comfort Wood R 25kw"},"content":{"rendered":"<h2 data-start=\"92\" data-end=\"129\"><strong data-start=\"98\" data-end=\"129\">Kepo Comfort Wood R \u2013 25 kW<\/strong><\/h2>\n<p data-start=\"156\" data-end=\"489\">Kepo Comfort Wood R 25 kW je tropromajni kotao na \u010dvrsto gorivo, dizajniran za efikasno grejanje stambenih objekata. Odlikuje se kvalitetnom izradom od kotlovskog lima, velikim vratima za lo\u017ei\u0161te, i dobrom iskoristivo\u0161\u0107u toplote zahvaljuju\u0107i izmenjiva\u010dima toplote. Pogodan je i za lo\u017eenje drvetom i delimi\u010dno drugim \u010dvrstim gorivima.<\/p>\n<h3 data-start=\"1786\" data-end=\"1808\"><strong data-start=\"1793\" data-end=\"1806\">\u041f\u0440\u0435\u0438\u043c\u0443\u0449\u0435\u0441\u0442\u0432\u0430<\/strong><\/h3>\n<ul>\n<li data-start=\"1811\" data-end=\"1874\">Debeli kotlovski lim (5 mm) koji podnosi termi\u010dka optere\u0107enja<\/li>\n<li data-start=\"1877\" data-end=\"1939\">Velika vrata lo\u017ei\u0161ta omogu\u0107avaju lo\u017eenje ve\u0107ih komada drveta<\/li>\n<li>Mogu\u0107nost otvaranja vrata na levu i desnu stranu<\/li>\n<li data-start=\"1942\" data-end=\"1998\">Tropromajna konstrukcija za bolje iskori\u0161\u0107enje toplote<\/li>\n<li>Ima mogu\u0107nost ugradnje gorionika na pelet<\/li>\n<li data-start=\"2001\" data-end=\"2067\">Visoka maksimalna temperatura (90 \u00b0C) i solidan pritisak (3 bar)<\/li>\n<li data-start=\"2070\" data-end=\"2119\">Relativno kompaktne dimenzije za snagu od 25 kW<\/li>\n<li data-start=\"2122\" data-end=\"2203\">Sertifikovan po standardu EN 303-5:2012<\/li>\n<li>Velika pepeljara, lak pristup izmenjiva\u010dima toplote i kompletan pribor za \u010di\u0161\u0107enje (d\u017eara\u010d, lopatica za izbacivanje pepela, \u010dista\u010d izmenjiva\u010da toplote) zna\u010dajno olak\u0161ava odr\u017eavanje kotla<\/li>\n<li>Garancija 5 godina<\/li>\n<\/ul>\n<h3 data-start=\"2210\" data-end=\"2248\"><strong data-start=\"2217\" data-end=\"2246\">Za\u0161to odabrati ovaj kotao?<\/strong><\/h3>\n<p data-start=\"2249\" data-end=\"2677\">Ako tra\u017eite efikasan kotao na drva za grejanje doma srednje veli\u010dine, <strong data-start=\"2319\" data-end=\"2345\">Kepo Comfort Wood R 25<\/strong> je odli\u010dan izbor zbog svoje izdr\u017eljive konstrukcije, dobre snage i solidnih tehni\u010dkih karakteristika. On nudi stabilan i pouzdan rad tokom sezone uz mogu\u0107nost odr\u017eavanja i servisiranja. Za kupce koji \u017eele kombinaciju konstrukcije koja traje, dobre performanse i prihvatljive tro\u0161kove, ovaj model predstavlja vrlo uspe\u0161an kompromis.<\/p>","protected":false},"excerpt":{"rendered":"<p>Ako tra\u017eite efikasan kotao na drva za grejanje doma srednje veli\u010dine, Kepo Comfort Wood R 25 je odli\u010dan izbor zbog svoje izdr\u017eljive konstrukcije, dobre snage i solidnih tehni\u010dkih karakteristika.<\/p>","protected":false},"featured_media":17213,"template":"","meta":{"_seopress_robots_primary_cat":"none","_seopress_titles_title":"","_seopress_titles_desc":"Kepo Comfort Wood R 25 kW \u2013 kvalitetni kotao na drva sa tropromajnom konstrukcijom, visokim pritiskom i temperaturama. Idealno re\u0161enje za grejanje doma.","_seopress_robots_index":""},"product_brand":[4209],"product_cat":[4193,4189],"product_tag":[],"class_list":{"0":"post-17212","1":"product","2":"type-product","3":"status-publish","4":"has-post-thumbnail","6":"product_brand-kepo","7":"product_cat-celicni-kotlovi","8":"product_cat-kotlovi-na-cvrsto-gorivo","9":"pa_dimenzije-60-x-60-x-75-cm","11":"first","12":"instock","13":"purchasable","14":"product-type-simple"},"_links":{"self":[{"href":"https:\/\/grejanjesrbija.com\/ru\/wp-json\/wp\/v2\/product\/17212","targetHints":{"allow":["GET"]}}],"collection":[{"href":"https:\/\/grejanjesrbija.com\/ru\/wp-json\/wp\/v2\/product"}],"about":[{"href":"https:\/\/grejanjesrbija.com\/ru\/wp-json\/wp\/v2\/types\/product"}],"wp:featuredmedia":[{"embeddable":true,"href":"https:\/\/grejanjesrbija.com\/ru\/wp-json\/wp\/v2\/media\/17213"}],"wp:attachment":[{"href":"https:\/\/grejanjesrbija.com\/ru\/wp-json\/wp\/v2\/media?parent=17212"}],"wp:term":[{"taxonomy":"product_brand","embeddable":true,"href":"https:\/\/grejanjesrbija.com\/ru\/wp-json\/wp\/v2\/product_brand?post=17212"},{"taxonomy":"product_cat","embeddable":true,"href":"https:\/\/grejanjesrbija.com\/ru\/wp-json\/wp\/v2\/product_cat?post=17212"},{"taxonomy":"product_tag","embeddable":true,"href":"https:\/\/grejanjesrbija.com\/ru\/wp-json\/wp\/v2\/product_tag?post=17212"}],"curies":[{"name":"wp","href":"https:\/\/api.w.org\/{rel}","templated":true}]}}