{"id":17214,"date":"2025-07-15T11:04:45","date_gmt":"2025-07-15T09:04:45","guid":{"rendered":"https:\/\/foxit-technology.com\/proizvod\/kotao-abc-economic-2\/"},"modified":"2026-02-05T14:13:06","modified_gmt":"2026-02-05T13:13:06","slug":"kotao-abc-economic-2","status":"publish","type":"product","link":"https:\/\/grejanjesrbija.com\/ru\/proizvod\/kotao-abc-economic-2\/","title":{"rendered":"Kotao ABC Economic 26kw"},"content":{"rendered":"<h2 data-start=\"119\" data-end=\"170\"><strong data-start=\"123\" data-end=\"168\">Kotao ABC Economic &#8211; 26 kW\u00a0<\/strong><\/h2>\n<p data-start=\"171\" data-end=\"489\">Kotao <strong data-start=\"177\" data-end=\"199\">ABC Economic 26 kW<\/strong> je kompaktan i ekonomi\u010dan \u010deli\u010dni kotao za centralno grejanje, dizajniran za pouzdano i efikasno grejanje manjih stambenih objekata. Opremljen je savremenim sistemom sagorevanja, \u0161to omogu\u0107ava visoku energetsku efikasnost i dug vek trajanja, uz jednostavno odr\u017eavanje i pristupa\u010dnu cenu. Njegova kompaktna konstrukcija omogu\u0107ava lako povezivanje u postoje\u0107e sisteme grejanja, a stabilan i pouzdan rad garantuje udobnost tokom grejne sezone.<\/p>\n<h3 data-start=\"491\" data-end=\"535\"><strong data-start=\"495\" data-end=\"533\">Karakteristike i prednosti\u00a0<\/strong><\/h3>\n<ul>\n<li data-start=\"538\" data-end=\"622\">Maksimalno iskori\u0161\u0107enje energije uz nisku potro\u0161nju goriva.<\/li>\n<li data-start=\"625\" data-end=\"726\">\u010celi\u010dna konstrukcija otporna na koroziju i temperaturne promene.<\/li>\n<li data-start=\"804\" data-end=\"916\">Smanjena emisija \u0161tetnih gasova zahvaljuju\u0107i savremenoj tehnologiji sagorevanja.<\/li>\n<li data-start=\"919\" data-end=\"990\">Idealan za manje stambene objekte.<\/li>\n<li>Kotao ima dve vertikalne promaje.<\/li>\n<li>Tresa\u010d pepela koji spre\u010dava zatvaranje me\u0111ucevnog prostora u lo\u017ei\u0161tu produktima sagorevanja \u010dime se omogu\u0107uje bolji dovod sve\u017eeg vazduha u zonu sagorevanja.<\/li>\n<li>Pepeljara za lak\u0161e skupljanje i izno\u0161enje pepela iz kotla.<\/li>\n<li>Otvor za \u010di\u0161\u0107cenje sa gornje strane.<\/li>\n<li>Klapna za regulaciju protoka dimnih gasova.<\/li>\n<\/ul>\n<h3 data-start=\"1381\" data-end=\"1428\"><strong data-start=\"1385\" data-end=\"1426\">Za\u0161to kupiti Kotao ABC Economic 26 kW?<\/strong><\/h3>\n<p data-start=\"1429\" data-end=\"1673\">Kotao ABC Economic 26 kW predstavlja ekonomi\u010dno i pouzdano re\u0161enje za grejanje manjih objekata. Pru\u017ea visoku energetsku efikasnost, jednostavnu upotrebu i niske tro\u0161kove rada, a njegova \u010deli\u010dna konstrukcija garantuje dug vek trajanja.<\/p>\n<p>&nbsp;<\/p>\n<p>&nbsp;<\/p>","protected":false},"excerpt":{"rendered":"<p data-start=\"1675\" data-end=\"1807\">Odabirom ABC Economic 26 kW dobijate prakti\u010dno, ekonomi\u010dno i sigurno grejanje, idealno za manje stambene jedinice i vikendice.<\/p>\n<h3 data-start=\"1809\" data-end=\"1828\"><\/h3>","protected":false},"featured_media":17215,"template":"","meta":{"_seopress_robots_primary_cat":"none","_seopress_titles_title":"","_seopress_titles_desc":"Kotao ABC Economic 26 kW \u2013 pouzdan, energetski efikasan i ekonomi\u010dan kotao za grejanje manjih stambenih objekata.","_seopress_robots_index":""},"product_brand":[4196],"product_cat":[4193,4189],"product_tag":[],"class_list":{"0":"post-17214","1":"product","2":"type-product","3":"status-publish","4":"has-post-thumbnail","6":"product_brand-abc-uzice","7":"product_cat-celicni-kotlovi","8":"product_cat-kotlovi-na-cvrsto-gorivo","10":"first","11":"instock","12":"purchasable","13":"product-type-simple"},"_links":{"self":[{"href":"https:\/\/grejanjesrbija.com\/ru\/wp-json\/wp\/v2\/product\/17214","targetHints":{"allow":["GET"]}}],"collection":[{"href":"https:\/\/grejanjesrbija.com\/ru\/wp-json\/wp\/v2\/product"}],"about":[{"href":"https:\/\/grejanjesrbija.com\/ru\/wp-json\/wp\/v2\/types\/product"}],"wp:featuredmedia":[{"embeddable":true,"href":"https:\/\/grejanjesrbija.com\/ru\/wp-json\/wp\/v2\/media\/17215"}],"wp:attachment":[{"href":"https:\/\/grejanjesrbija.com\/ru\/wp-json\/wp\/v2\/media?parent=17214"}],"wp:term":[{"taxonomy":"product_brand","embeddable":true,"href":"https:\/\/grejanjesrbija.com\/ru\/wp-json\/wp\/v2\/product_brand?post=17214"},{"taxonomy":"product_cat","embeddable":true,"href":"https:\/\/grejanjesrbija.com\/ru\/wp-json\/wp\/v2\/product_cat?post=17214"},{"taxonomy":"product_tag","embeddable":true,"href":"https:\/\/grejanjesrbija.com\/ru\/wp-json\/wp\/v2\/product_tag?post=17214"}],"curies":[{"name":"wp","href":"https:\/\/api.w.org\/{rel}","templated":true}]}}