{"id":17220,"date":"2025-07-15T11:04:45","date_gmt":"2025-07-15T09:04:45","guid":{"rendered":"https:\/\/foxit-technology.com\/proizvod\/h-zavrsetak-dimnjaka\/"},"modified":"2025-10-08T14:29:01","modified_gmt":"2025-10-08T12:29:01","slug":"h-zavrsetak-dimnjaka","status":"publish","type":"product","link":"https:\/\/grejanjesrbija.com\/ru\/proizvod\/h-zavrsetak-dimnjaka\/","title":{"rendered":"H &#8211; Zavr\u0161etak dimnjaka NP"},"content":{"rendered":"<h2>H &#8211; Zavr\u0161etak dimnjaka NP &#8211; Pouzdana za\u0161tita dimnjaka od vetra i padavina<\/h2>\n<p data-start=\"282\" data-end=\"547\"><strong data-start=\"282\" data-end=\"311\">H-zavr\u0161etak za dimnjak NP<\/strong> je specijalno dizajniran zavr\u0161ni element za <strong data-start=\"356\" data-end=\"387\">troslojne dimnja\u010dke sisteme<\/strong> (NP \u2013 prohrom), koji se koristi za <strong data-start=\"445\" data-end=\"477\">pobolj\u0161anje potiska dimnjaka<\/strong> i <strong data-start=\"480\" data-end=\"515\">za\u0161titu od atmosferskih uticaja<\/strong>, kao \u0161to su vetar, ki\u0161a i sneg.<\/p>\n<p data-start=\"549\" data-end=\"811\">Njegov karakteristi\u010dan \u201eH\u201d oblik omogu\u0107ava nesmetano izla\u017eenje dimnih gasova \u010dak i pri jakim vetrovima, dok spre\u010dava prodor vlage u dimnjak. Preporu\u010duje se za ugradnju u sistemima na \u010dvrsta, gasna i te\u010dna goriva, posebno u podru\u010djima sa \u010destim i jakim vetrovima.<\/p>\n<h3>Klju\u010dne karakteristike<\/h3>\n<ul>\n<li>Izra\u0111en od visokokvalitetnog nehr\u0111aju\u0107eg \u010delika<\/li>\n<li>Otporan na visoke temperature<\/li>\n<li>Jednostavna instalacija<\/li>\n<li>Dug vek trajanja<\/li>\n<li>Efikasna za\u0161tita od vetra, ki\u0161e i snega<\/li>\n<li>Dostupan u vi\u0161e dimenzija &#8211; 130, 160, 200 mm<\/li>\n<\/ul>\n<p>&nbsp;<\/p>\n<p>Ukoliko tra\u017eite pouzdan zavr\u0161etak dimnjaka koji \u0107e obezbediti efikasnost i sigurnost va\u0161eg sistema grejanja, H &#8211; Zavr\u0161etak dimnjaka je pravi izbor za vas.<\/p>","protected":false},"excerpt":{"rendered":"<p>Zavr\u0161etak dimnjaka NP obezbe\u0111uje pravilnu ventilaciju i efikasnost sistema grejanja. Izra\u0111en je od \u010delika i otporan je na visoke temperature.<\/p>","protected":false},"featured_media":17221,"template":"","meta":{"_seopress_robots_primary_cat":"none","_seopress_titles_title":"","_seopress_titles_desc":"Za\u0161titite dimnjak od vetra i padavina sa H-zavr\u0161etkom. Efikasan i robustan dizajn za sve vrste goriva. Odaberite pravu dimenziju ve\u0107 danas!","_seopress_robots_index":""},"product_brand":[4303],"product_cat":[4304,4305],"product_tag":[],"class_list":{"0":"post-17220","1":"product","2":"type-product","3":"status-publish","4":"has-post-thumbnail","6":"product_brand-vilpra","7":"product_cat-dimnjaci","8":"product_cat-pojedinacni-elementi-za-montazne-dimnjake","9":"pa_dimenzije-o-130-mm","10":"pa_dimenzije-o-160-mm","11":"pa_dimenzije-o-200-mm","13":"first","14":"onbackorder","15":"purchasable","16":"product-type-variable"},"_links":{"self":[{"href":"https:\/\/grejanjesrbija.com\/ru\/wp-json\/wp\/v2\/product\/17220","targetHints":{"allow":["GET"]}}],"collection":[{"href":"https:\/\/grejanjesrbija.com\/ru\/wp-json\/wp\/v2\/product"}],"about":[{"href":"https:\/\/grejanjesrbija.com\/ru\/wp-json\/wp\/v2\/types\/product"}],"wp:featuredmedia":[{"embeddable":true,"href":"https:\/\/grejanjesrbija.com\/ru\/wp-json\/wp\/v2\/media\/17221"}],"wp:attachment":[{"href":"https:\/\/grejanjesrbija.com\/ru\/wp-json\/wp\/v2\/media?parent=17220"}],"wp:term":[{"taxonomy":"product_brand","embeddable":true,"href":"https:\/\/grejanjesrbija.com\/ru\/wp-json\/wp\/v2\/product_brand?post=17220"},{"taxonomy":"product_cat","embeddable":true,"href":"https:\/\/grejanjesrbija.com\/ru\/wp-json\/wp\/v2\/product_cat?post=17220"},{"taxonomy":"product_tag","embeddable":true,"href":"https:\/\/grejanjesrbija.com\/ru\/wp-json\/wp\/v2\/product_tag?post=17220"}],"curies":[{"name":"wp","href":"https:\/\/api.w.org\/{rel}","templated":true}]}}