{"id":17242,"date":"2025-07-15T11:04:45","date_gmt":"2025-07-15T09:04:45","guid":{"rendered":"https:\/\/foxit-technology.com\/proizvod\/cev-pe-rt-evoh-pe-rt-nero-lux\/"},"modified":"2026-03-13T15:02:27","modified_gmt":"2026-03-13T14:02:27","slug":"cev-pert-16x2","status":"publish","type":"product","link":"https:\/\/grejanjesrbija.com\/ru\/proizvod\/cev-pert-16x2\/","title":{"rendered":"Nero PE-RT tip II\/EVOH\/PE-RT tip II 16&#215;2,0 mm, 600\u202fm"},"content":{"rendered":"<h3 data-start=\"128\" data-end=\"196\"><strong data-start=\"132\" data-end=\"194\">Nero PE-RT tip II\/EVOH\/PE-RT tip II 16&#215;2,0 mm, 600\u202fm<\/strong><\/h3>\n<p data-start=\"198\" data-end=\"571\">Nero PE-RT vi\u0161eslojna cev <strong data-start=\"219\" data-end=\"232\">16&#215;2,0 mm<\/strong>, du\u017eine 600\u202fm, proizvedena u EU, predstavlja prvoklasno re\u0161enje za <strong data-start=\"300\" data-end=\"357\">podno grejanje, zidno grejanje i radijatorske sisteme<\/strong>, kao i za instalacije hladne i tople vode. Napravljena od <strong data-start=\"416\" data-end=\"444\">PE-RT tip II polietilena<\/strong> sa slojem <strong data-start=\"455\" data-end=\"463\">EVOH<\/strong> koji deluje kao oksigenska barijera, cev spre\u010dava prodor kiseonika u sistem i garantuje dug vek trajanja.<\/p>\n<p data-start=\"573\" data-end=\"620\">Cev se sastoji od <strong data-start=\"604\" data-end=\"617\">5 slojeva<\/strong>:<\/p>\n<ul data-start=\"621\" data-end=\"864\">\n<li data-start=\"621\" data-end=\"697\">\n<p data-start=\"623\" data-end=\"697\">PE-RT II \u2013 polietilen otporan na povi\u0161enu temperaturu (DOWLEX tip smole)<\/p>\n<\/li>\n<li data-start=\"698\" data-end=\"736\">\n<p data-start=\"700\" data-end=\"736\">adhezivni sloj \u2013 lepljivo sredstvo<\/p>\n<\/li>\n<li data-start=\"737\" data-end=\"767\">\n<p data-start=\"739\" data-end=\"767\">EVOH \u2013 oksigenska barijera<\/p>\n<\/li>\n<li data-start=\"768\" data-end=\"806\">\n<p data-start=\"770\" data-end=\"806\">adhezivni sloj \u2013 lepljivo sredstvo<\/p>\n<\/li>\n<li data-start=\"807\" data-end=\"864\">\n<p data-start=\"809\" data-end=\"864\">PE-RT II \u2013 polietilen otporan na povi\u0161enu temperaturu<\/p>\n<\/li>\n<\/ul>\n<p data-start=\"866\" data-end=\"1261\">Ova cev je <strong data-start=\"877\" data-end=\"901\">izuzetno fleksibilna<\/strong>, \u0161to olak\u0161ava monta\u017eu i \u0161tedi vreme pri instalaciji, a glatka unutra\u0161nja povr\u0161ina smanjuje pritisne gubitke i talo\u017eenje, \u010dine\u0107i je pogodnom i za sisteme za pi\u0107e. PE-RT tip II kombinuje prednosti visoke fleksibilnosti i trajnosti, \u0161to je \u010dini idealnom za <strong data-start=\"1156\" data-end=\"1203\">energetski efikasne sisteme podnog grejanja<\/strong>, ali i za zahtevnije aplikacije radijatorskog grejanja.<\/p>\n<p data-start=\"1263\" data-end=\"1293\"><a href=\"https:\/\/grejanjesrbija.com\/wp-content\/uploads\/2025\/07\/PERT-ad-eVOH-ad-PERT_4dffc.png\"><img fetchpriority=\"high\" decoding=\"async\" class=\"alignnone size-full wp-image-23493\" src=\"https:\/\/grejanjesrbija.com\/wp-content\/uploads\/2025\/07\/PERT-ad-eVOH-ad-PERT_4dffc.png\" alt=\"Slojevi cevi: PERT, lepak, EVOH, lepak, PERT.\" width=\"234\" height=\"309\" srcset=\"https:\/\/grejanjesrbija.com\/wp-content\/uploads\/2025\/07\/PERT-ad-eVOH-ad-PERT_4dffc.png 234w, https:\/\/grejanjesrbija.com\/wp-content\/uploads\/2025\/07\/PERT-ad-eVOH-ad-PERT_4dffc-227x300.png 227w\" sizes=\"(max-width: 234px) 100vw, 234px\" \/><\/a><\/p>\n<p data-start=\"1263\" data-end=\"1293\"><strong data-start=\"1263\" data-end=\"1291\">Tehni\u010dke karakteristike:<\/strong><\/p>\n<ul data-start=\"1294\" data-end=\"1649\">\n<li data-start=\"1294\" data-end=\"1343\">\n<p data-start=\"1296\" data-end=\"1343\">Koeficijent toplotne provodljivosti: 0,4 W\/mK<\/p>\n<\/li>\n<li data-start=\"1344\" data-end=\"1390\">\n<p data-start=\"1346\" data-end=\"1390\">Otpornost na hidrauli\u010dke udare i vibracije<\/p>\n<\/li>\n<li data-start=\"1391\" data-end=\"1450\">\n<p data-start=\"1393\" data-end=\"1450\">Minimalni radijus savijanja: 5x spolja\u0161nji pre\u010dnik cevi<\/p>\n<\/li>\n<li data-start=\"1451\" data-end=\"1532\">\n<p data-start=\"1453\" data-end=\"1532\">Maksimalni radni pritisak: 6 bar (grejanje do 90\u00b0C), 10 bar (hla\u0111enje 5\/12\u00b0C)<\/p>\n<\/li>\n<li data-start=\"1533\" data-end=\"1560\">\n<p data-start=\"1535\" data-end=\"1560\">Vek trajanja: 50 godina<\/p>\n<\/li>\n<li data-start=\"1561\" data-end=\"1624\">\n<p data-start=\"1563\" data-end=\"1624\">Proizvodnja: EU, kvalitet garantovan DIN EN ISO standardima<\/p>\n<\/li>\n<\/ul>\n<p data-start=\"1651\" data-end=\"1866\">Cev <strong>\u0427\u0435\u0440\u043d\u044b\u0439<\/strong> <strong data-start=\"1655\" data-end=\"1707\">PE-RT tip II\/EVOH\/PE-RT tip II 16&#215;2,0 mm \u2013 600\u202fm<\/strong> pru\u017ea pouzdano, dugotrajno i higijenski sigurno re\u0161enje za sve moderne grejne i vodovodne sisteme, garantuju\u0107i efikasno i ekonomi\u010dno funkcionisanje sistema.<\/p>","protected":false},"excerpt":{"rendered":"<p>&nbsp;<\/p>\n<p>PE-RT tip II\/EVOH\/PE-RT tip II 16&#215;2,0 mm, 600\u202fm \u2013 fleksibilna i trajna cev za podno i radijatorsko grejanje i instalacije vode.<\/p>","protected":false},"featured_media":17243,"template":"","meta":{"_seopress_robots_primary_cat":"none","_seopress_titles_title":"PE-RT tip II\/EVOH 16x2 mm, 600\u202fm \u2013 cev za podno grejanje","_seopress_titles_desc":"PE-RT tip II\/EVOH\/PE-RT tip II 16x2 mm, 600\u202fm kotur \u2013 fleksibilna i dugotrajna cev za podno grejanje, radijatorske sisteme i instalacije vode.","_seopress_robots_index":""},"product_brand":[4338],"product_cat":[4272,4271],"product_tag":[],"class_list":{"0":"post-17242","1":"product","2":"type-product","3":"status-publish","4":"has-post-thumbnail","6":"product_brand-nero","7":"product_cat-cevi-za-podno-grejanje","8":"product_cat-podno-grejanje","10":"first","11":"instock","12":"purchasable","13":"product-type-simple"},"_links":{"self":[{"href":"https:\/\/grejanjesrbija.com\/ru\/wp-json\/wp\/v2\/product\/17242","targetHints":{"allow":["GET"]}}],"collection":[{"href":"https:\/\/grejanjesrbija.com\/ru\/wp-json\/wp\/v2\/product"}],"about":[{"href":"https:\/\/grejanjesrbija.com\/ru\/wp-json\/wp\/v2\/types\/product"}],"wp:featuredmedia":[{"embeddable":true,"href":"https:\/\/grejanjesrbija.com\/ru\/wp-json\/wp\/v2\/media\/17243"}],"wp:attachment":[{"href":"https:\/\/grejanjesrbija.com\/ru\/wp-json\/wp\/v2\/media?parent=17242"}],"wp:term":[{"taxonomy":"product_brand","embeddable":true,"href":"https:\/\/grejanjesrbija.com\/ru\/wp-json\/wp\/v2\/product_brand?post=17242"},{"taxonomy":"product_cat","embeddable":true,"href":"https:\/\/grejanjesrbija.com\/ru\/wp-json\/wp\/v2\/product_cat?post=17242"},{"taxonomy":"product_tag","embeddable":true,"href":"https:\/\/grejanjesrbija.com\/ru\/wp-json\/wp\/v2\/product_tag?post=17242"}],"curies":[{"name":"wp","href":"https:\/\/api.w.org\/{rel}","templated":true}]}}