{"id":19314,"date":"2025-09-12T09:52:15","date_gmt":"2025-09-12T07:52:15","guid":{"rendered":"https:\/\/foxit-technology.com\/?post_type=product&#038;p=19314"},"modified":"2026-03-10T15:29:56","modified_gmt":"2026-03-10T14:29:56","slug":"copa-conveks-panelni-radijator-500400","status":"publish","type":"product","link":"https:\/\/grejanjesrbija.com\/ru\/proizvod\/copa-conveks-panelni-radijator-500400\/","title":{"rendered":"Copa Conveks panelni radijator 500 x 400"},"content":{"rendered":"<h2 data-start=\"60\" data-end=\"112\"><strong data-start=\"63\" data-end=\"110\">Copa Conveks \u2013 Panelni radijatori<\/strong><\/h2>\n<p data-start=\"136\" data-end=\"401\"><strong data-start=\"136\" data-end=\"171\">Copa Conveks panelni radijatori<\/strong> predstavljaju spoj vrhunskog kvaliteta, pouzdanosti i modernog dizajna. Zahvaljuju\u0107i naprednoj tehnologiji za\u0161tite i zavr\u0161ne obrade, ovi radijatori nude dug vek trajanja, visoku efikasnost i odli\u010dno uklapanje u svaki enterijer.<\/p>\n<p data-start=\"136\" data-end=\"401\"><strong data-start=\"412\" data-end=\"439\">\u0422\u0435\u0445\u043d\u0438\u0447\u0435\u0441\u043a\u0438\u0435 \u0445\u0430\u0440\u0430\u043a\u0442\u0435\u0440\u0438\u0441\u0442\u0438\u043a\u0438<\/strong><\/p>\n<ul data-start=\"442\" data-end=\"1054\">\n<li data-start=\"442\" data-end=\"484\">\n<p data-start=\"444\" data-end=\"484\"><strong data-start=\"444\" data-end=\"457\">Materijal<\/strong>: \u010delik visokog kvaliteta<\/p>\n<\/li>\n<li data-start=\"485\" data-end=\"532\">\n<p data-start=\"487\" data-end=\"532\"><strong data-start=\"487\" data-end=\"510\">Za\u0161tita od korozije<\/strong>: cink-fosfatna baza<\/p>\n<\/li>\n<li data-start=\"533\" data-end=\"603\">\n<p data-start=\"535\" data-end=\"603\"><strong data-start=\"535\" data-end=\"555\">Temeljno bojenje<\/strong>: kataforeza (KTL \u2013 elektroforetsko nano\u0161enje)<\/p>\n<\/li>\n<li data-start=\"604\" data-end=\"679\">\n<p data-start=\"606\" data-end=\"679\"><strong data-start=\"606\" data-end=\"624\">Zavr\u0161na obrada<\/strong>: Tribo Epoxy Poliester pra\u0161kasta boja na KTL podlozi<\/p>\n<\/li>\n<li data-start=\"680\" data-end=\"786\">\n<p data-start=\"682\" data-end=\"786\"><strong data-start=\"682\" data-end=\"700\">Toplotna snaga<\/strong>: visoka efikasnost zahvaljuju\u0107i ispunjenosti grejnim sa\u0107em celom du\u017einom radijatora<\/p>\n<\/li>\n<li data-start=\"787\" data-end=\"820\">\n<p data-start=\"789\" data-end=\"820\"><strong data-start=\"789\" data-end=\"807\">Radni pritisak<\/strong>: do 8 bara<\/p>\n<\/li>\n<li data-start=\"821\" data-end=\"859\">\n<p data-start=\"823\" data-end=\"859\"><strong data-start=\"823\" data-end=\"842\">Testni pritisak<\/strong>: do 10\u201313 bara<\/p>\n<\/li>\n<li data-start=\"860\" data-end=\"907\">\n<p data-start=\"862\" data-end=\"907\"><strong data-start=\"862\" data-end=\"894\">Maksimalna radna temperatura<\/strong>: do 110 \u00b0C<\/p>\n<\/li>\n<li data-start=\"908\" data-end=\"994\">\n<p data-start=\"910\" data-end=\"994\"><strong data-start=\"910\" data-end=\"932\">Dostupne dimenzije<\/strong>: \u0161irok raspon visina i du\u017eina prilago\u0111en potrebama grejanja<\/p>\n<\/li>\n<li data-start=\"995\" data-end=\"1023\">\n<p data-start=\"997\" data-end=\"1023\"><strong data-start=\"997\" data-end=\"1010\">Garancija<\/strong>: 12 godina<\/p>\n<\/li>\n<li data-start=\"1024\" data-end=\"1054\">\n<p data-start=\"1026\" data-end=\"1054\"><strong data-start=\"1026\" data-end=\"1044\">Zemlja porekla<\/strong>: Turska<\/p>\n<\/li>\n<\/ul>","protected":false},"excerpt":{"rendered":"<p>Copa Conveks panelni radijatori predstavljaju spoj vrhunskog kvaliteta, pouzdanosti i modernog dizajna. Zahvaljuju\u0107i naprednoj tehnologiji za\u0161tite i zavr\u0161ne obrade, ovi radijatori nude dug vek trajanja, visoku efikasnost i odli\u010dno uklapanje u svaki enterijer.<\/p>","protected":false},"featured_media":19159,"template":"","meta":{"_seopress_robots_primary_cat":"none","_seopress_titles_title":"","_seopress_titles_desc":"","_seopress_robots_index":""},"product_brand":[4391],"product_cat":[4389,4238,4237],"product_tag":[],"class_list":{"0":"post-19314","1":"product","2":"type-product","3":"status-publish","4":"has-post-thumbnail","6":"product_brand-copa-conveks","7":"product_cat-copa-conveks","8":"product_cat-panelni-radijatori","9":"product_cat-radijatori","11":"first","12":"instock","13":"shipping-taxable","14":"purchasable","15":"product-type-simple"},"_links":{"self":[{"href":"https:\/\/grejanjesrbija.com\/ru\/wp-json\/wp\/v2\/product\/19314","targetHints":{"allow":["GET"]}}],"collection":[{"href":"https:\/\/grejanjesrbija.com\/ru\/wp-json\/wp\/v2\/product"}],"about":[{"href":"https:\/\/grejanjesrbija.com\/ru\/wp-json\/wp\/v2\/types\/product"}],"wp:featuredmedia":[{"embeddable":true,"href":"https:\/\/grejanjesrbija.com\/ru\/wp-json\/wp\/v2\/media\/19159"}],"wp:attachment":[{"href":"https:\/\/grejanjesrbija.com\/ru\/wp-json\/wp\/v2\/media?parent=19314"}],"wp:term":[{"taxonomy":"product_brand","embeddable":true,"href":"https:\/\/grejanjesrbija.com\/ru\/wp-json\/wp\/v2\/product_brand?post=19314"},{"taxonomy":"product_cat","embeddable":true,"href":"https:\/\/grejanjesrbija.com\/ru\/wp-json\/wp\/v2\/product_cat?post=19314"},{"taxonomy":"product_tag","embeddable":true,"href":"https:\/\/grejanjesrbija.com\/ru\/wp-json\/wp\/v2\/product_tag?post=19314"}],"curies":[{"name":"wp","href":"https:\/\/api.w.org\/{rel}","templated":true}]}}