{"id":20445,"date":"2025-10-06T13:16:57","date_gmt":"2025-10-06T11:16:57","guid":{"rendered":"https:\/\/hidroterm.dmcsrbija.com\/?post_type=product&#038;p=20445"},"modified":"2025-10-10T10:18:08","modified_gmt":"2025-10-10T08:18:08","slug":"cirkulaciona-pumpa-impghn-25-70-180","status":"publish","type":"product","link":"https:\/\/grejanjesrbija.com\/ru\/proizvod\/cirkulaciona-pumpa-impghn-25-70-180\/","title":{"rendered":"Cirkulaciona pumpa IMP\tGHN 25\/70-180"},"content":{"rendered":"<h2>Cirkulaciona pumpa IMP GHN 25\/70-180<\/h2>\n<p>&nbsp;<\/p>\n<p data-start=\"185\" data-end=\"450\">Cirkulaciona pumpa <strong data-start=\"204\" data-end=\"225\">IMP GHN 25\/70-180<\/strong> je visokokvalitetna pumpa namenjena za efikasno cirkulisanje vode u sistemima centralnog grejanja. Ova pumpa obezbe\u0111uje optimalnu cirkulaciju, \u0161to doprinosi smanjenju tro\u0161kova grejanja i pove\u0107ava udobnost u va\u0161em prostoru.<\/p>\n<p data-start=\"452\" data-end=\"758\">Pumpa <strong data-start=\"458\" data-end=\"475\">GHN 25\/70-180<\/strong> je idealno re\u0161enje za ravnomerno i efikasno kru\u017eenje tople vode u sistemima centralnog grejanja i pripreme tople potro\u0161ne vode. Dizajnirana je tako da garantuje stabilan protok vode kroz cevi, \u010dime se posti\u017ee optimalna temperatura u svim prostorijama i maksimalna u\u0161teda energije.<\/p>\n<p data-start=\"760\" data-end=\"1031\">Ova pumpa je jednostavna za instalaciju i kori\u0161\u0107enje, a zahvaljuju\u0107i svojoj pouzdanosti, smanjuje potrebu za \u010destim servisiranjem. Sa GHN 25\/70-180, va\u0161 sistem grejanja funkcioni\u0161e tiho i efikasno, obezbe\u0111uju\u0107i komfor i konstantnu toplinu u domu ili poslovnom prostoru.<\/p>\n<p data-start=\"1033\" data-end=\"1271\">Savr\u0161ena je za male i srednje sisteme grejanja, kao i za ku\u0107ne kotlarnice gde je potrebna precizna i stabilna cirkulacija vode. Pouzdana, dugotrajna i energetski efikasna \u2013 <strong data-start=\"1206\" data-end=\"1223\">GHN 25\/70-180<\/strong> je pumpa na koju mo\u017eete ra\u010dunati svakog dana.<\/p>\n<h3 data-start=\"1278\" data-end=\"1296\">Karakteristike<\/h3>\n<ul data-start=\"1297\" data-end=\"1426\">\n<li data-start=\"1297\" data-end=\"1345\">\n<p data-start=\"1299\" data-end=\"1345\">Visoka efikasnost i niska potro\u0161nja energije<\/p>\n<\/li>\n<li data-start=\"1346\" data-end=\"1373\">\n<p data-start=\"1348\" data-end=\"1373\">Jednostavna instalacija<\/p>\n<\/li>\n<li data-start=\"1374\" data-end=\"1401\">\n<p data-start=\"1376\" data-end=\"1401\">Izdr\u017eljiva konstrukcija<\/p>\n<\/li>\n<li data-start=\"1402\" data-end=\"1426\">\n<p data-start=\"1404\" data-end=\"1426\">Prilagodljivi protok<\/p>\n<\/li>\n<\/ul>\n<h3 data-start=\"1433\" data-end=\"1459\">Tehni\u010dke specifikacije<\/h3>\n<div class=\"_tableContainer_1rjym_1\">\n<div class=\"group _tableWrapper_1rjym_13 flex w-fit flex-col-reverse\" tabindex=\"-1\">\n<table class=\"w-fit min-w-(--thread-content-width)\" data-start=\"1461\" data-end=\"2249\">\n<thead data-start=\"1461\" data-end=\"1531\">\n<tr data-start=\"1461\" data-end=\"1531\">\n<th data-start=\"1461\" data-end=\"1496\" data-col-size=\"sm\">Karakteristika<\/th>\n<th data-start=\"1496\" data-end=\"1531\" data-col-size=\"sm\">Vrednost<\/th>\n<\/tr>\n<\/thead>\n<tbody data-start=\"1603\" data-end=\"2249\">\n<tr data-start=\"1603\" data-end=\"1673\">\n<td data-start=\"1603\" data-end=\"1639\" data-col-size=\"sm\">\u0421\u0438\u043b\u0430<\/td>\n<td data-start=\"1639\" data-end=\"1673\" data-col-size=\"sm\">95 W (0,095 kW)<\/td>\n<\/tr>\n<tr data-start=\"1674\" data-end=\"1745\">\n<td data-start=\"1674\" data-end=\"1710\" data-col-size=\"sm\">Maksimalni protok<\/td>\n<td data-start=\"1710\" data-end=\"1745\" data-col-size=\"sm\">3,8 m\u00b3\/h<\/td>\n<\/tr>\n<tr data-start=\"1746\" data-end=\"1817\">\n<td data-start=\"1746\" data-end=\"1782\" data-col-size=\"sm\">Maksimalna visina podizanja<\/td>\n<td data-start=\"1782\" data-end=\"1817\" data-col-size=\"sm\">7 m<\/td>\n<\/tr>\n<tr data-start=\"1818\" data-end=\"1889\">\n<td data-start=\"1818\" data-end=\"1854\" data-col-size=\"sm\">Radna temperatura fluida<\/td>\n<td data-start=\"1854\" data-end=\"1889\" data-col-size=\"sm\">-10\u00b0C do +110\u00b0C<\/td>\n<\/tr>\n<tr data-start=\"1890\" data-end=\"1961\">\n<td data-start=\"1890\" data-end=\"1926\" data-col-size=\"sm\">Du\u017eina monta\u017ee<\/td>\n<td data-start=\"1926\" data-end=\"1961\" data-col-size=\"sm\">180 mm<\/td>\n<\/tr>\n<tr data-start=\"1962\" data-end=\"2033\">\n<td data-start=\"1962\" data-end=\"1998\" data-col-size=\"sm\">Vrsta priklju\u010dka<\/td>\n<td data-start=\"1998\" data-end=\"2033\" data-col-size=\"sm\">1\u00bd&#8220; navoj<\/td>\n<\/tr>\n<tr data-start=\"2034\" data-end=\"2105\">\n<td data-start=\"2034\" data-end=\"2070\" data-col-size=\"sm\">Radna napetost<\/td>\n<td data-start=\"2070\" data-end=\"2105\" data-col-size=\"sm\">230 V \/ 50 Hz<\/td>\n<\/tr>\n<tr data-start=\"2106\" data-end=\"2177\">\n<td data-start=\"2106\" data-end=\"2142\" data-col-size=\"sm\">Za\u0161tita<\/td>\n<td data-start=\"2142\" data-end=\"2177\" data-col-size=\"sm\">IP44<\/td>\n<\/tr>\n<tr data-start=\"2178\" data-end=\"2249\">\n<td data-start=\"2178\" data-end=\"2214\" data-col-size=\"sm\">Klasa izolacije<\/td>\n<td data-start=\"2214\" data-end=\"2249\" data-col-size=\"sm\">H<\/td>\n<\/tr>\n<\/tbody>\n<\/table>\n<\/div>\n<\/div>\n<h3 data-start=\"2256\" data-end=\"2280\">Prednosti kori\u0161\u0107enja<\/h3>\n<ul data-start=\"2281\" data-end=\"2403\">\n<li data-start=\"2281\" data-end=\"2321\">\n<p data-start=\"2283\" data-end=\"2321\">Pove\u0107ava efikasnost sistema grejanja<\/p>\n<\/li>\n<li data-start=\"2322\" data-end=\"2360\">\n<p data-start=\"2324\" data-end=\"2360\">\u0160tedi energiju i smanjuje tro\u0161kove<\/p>\n<\/li>\n<li data-start=\"2361\" data-end=\"2403\">\n<p data-start=\"2363\" data-end=\"2403\">Osigurava ravnomernu raspodelu toplote<\/p>\n<\/li>\n<\/ul>","protected":false},"excerpt":{"rendered":"<p>Cirkulaciona pumpa IMP GHN 25\/70-180 efikasno obezbe\u0111uje ravnomernu cirkulaciju tople vode u sistemima centralnog grejanja, \u0161tedi energiju i pove\u0107ava komfor u prostoru.<\/p>","protected":false},"featured_media":20416,"template":"","meta":{"_seopress_robots_primary_cat":"none","_seopress_titles_title":"Pouzdana cirkulaciona pumpa IMP GHN 25\/70-180","_seopress_titles_desc":"Osigurajte optimalnu cirkulaciju uz IMP GHN 25\/70-180 pumpu. \u0160tedi energiju i smanjuje tro\u0161kove grejanja za maksimalnu udobnost.","_seopress_robots_index":""},"product_brand":[4225],"product_cat":[4281],"product_tag":[],"class_list":{"0":"post-20445","1":"product","2":"type-product","3":"status-publish","4":"has-post-thumbnail","6":"product_brand-impro","7":"product_cat-pumpe-za-centralno-grejanje","9":"first","10":"instock","11":"shipping-taxable","12":"purchasable","13":"product-type-simple"},"_links":{"self":[{"href":"https:\/\/grejanjesrbija.com\/ru\/wp-json\/wp\/v2\/product\/20445","targetHints":{"allow":["GET"]}}],"collection":[{"href":"https:\/\/grejanjesrbija.com\/ru\/wp-json\/wp\/v2\/product"}],"about":[{"href":"https:\/\/grejanjesrbija.com\/ru\/wp-json\/wp\/v2\/types\/product"}],"wp:featuredmedia":[{"embeddable":true,"href":"https:\/\/grejanjesrbija.com\/ru\/wp-json\/wp\/v2\/media\/20416"}],"wp:attachment":[{"href":"https:\/\/grejanjesrbija.com\/ru\/wp-json\/wp\/v2\/media?parent=20445"}],"wp:term":[{"taxonomy":"product_brand","embeddable":true,"href":"https:\/\/grejanjesrbija.com\/ru\/wp-json\/wp\/v2\/product_brand?post=20445"},{"taxonomy":"product_cat","embeddable":true,"href":"https:\/\/grejanjesrbija.com\/ru\/wp-json\/wp\/v2\/product_cat?post=20445"},{"taxonomy":"product_tag","embeddable":true,"href":"https:\/\/grejanjesrbija.com\/ru\/wp-json\/wp\/v2\/product_tag?post=20445"}],"curies":[{"name":"wp","href":"https:\/\/api.w.org\/{rel}","templated":true}]}}