{"id":20882,"date":"2025-10-07T13:50:32","date_gmt":"2025-10-07T11:50:32","guid":{"rendered":"https:\/\/hidroterm.dmcsrbija.com\/?post_type=product&#038;p=20882"},"modified":"2025-10-07T14:22:47","modified_gmt":"2025-10-07T12:22:47","slug":"set-dimnjak-vilpra-prohrom-izolacija-cink-o130","status":"publish","type":"product","link":"https:\/\/grejanjesrbija.com\/ru\/proizvod\/set-dimnjak-vilpra-prohrom-izolacija-cink-o130\/","title":{"rendered":"Set dimnjak Vilpra &#8211; prohrom-izolacija-cink \u00d8130"},"content":{"rendered":"<h2>Set dimnjak Vilpra od prohroma sa izolacijom i cinkom, pre\u010dnik \u00d8130 mm<\/h2>\n<p>Set dimnjak Vilpra predstavlja savr\u0161eno re\u0161enje za sve Va\u0161e potrebe u oblasti centralnog grejanja. Ovaj <strong>monta\u017eni dimnjak<\/strong> od prohroma obezbe\u0111uje visoku otpornost na visoke temperature i koroziju, garantuju\u0107i dugotrajnost i sigurnost. Ovaj pre\u010dnik dimnjaka je prvenstveno namenjen kotlovima na pelet ili manjim \u0161poretima na drva.<\/p>\n<p>Vilpra prohrom-cink dimnjaci za spoljnu monta\u017eu su ispunjeni termoizolacijom kako bi se spre\u010dilo pothla\u0111ivanje dimnjaka i obezbedio du\u017ei radni vek kotla kao i bolje funkcionisanje kompletnog dimnja\u010dkog sistema. Ispravan odabir pre\u010dnika i visine dimnjaka je od osnovne va\u017enosti za njegovu dugotrajnost, kao i za du\u017ei \u017eivotni vek kotla na koji je prilkju\u010den. U ponudi Vilpra dimnja\u010dkih sistema za Vas smo formirali setove u rasponu od 6 do 12m ali ih tako\u0111e mo\u017eete kupiti i po pojedina\u010dnim elementima i sami formirati set u zavisnosti od potrebe.<\/p>\n<p>Set obuhvata:<\/p>\n<table>\n<thead data-start=\"178\" data-end=\"272\">\n<tr data-start=\"178\" data-end=\"272\">\n<th data-start=\"178\" data-end=\"193\" data-col-size=\"sm\">Set (visina)<\/th>\n<th data-start=\"193\" data-end=\"272\" data-col-size=\"md\">Sastav seta<\/th>\n<\/tr>\n<\/thead>\n<\/table>\n<div>\n<table style=\"height: 33px;\" width=\"669\">\n<tbody>\n<tr data-start=\"369\" data-end=\"476\">\n<td data-start=\"369\" data-end=\"384\" data-col-size=\"sm\">6 m<\/td>\n<td data-start=\"384\" data-end=\"476\" data-col-size=\"md\">Okapnica, revizija, T-priklju\u010dak, cevi, vrh, <strong data-start=\"431\" data-end=\"443\">2 nosa\u010da<\/strong> (1 u setu), poklopac izolacije<\/td>\n<\/tr>\n<\/tbody>\n<\/table>\n<\/div>\n<div>\n<table style=\"height: 33px;\" width=\"669\">\n<tbody>\n<tr data-start=\"477\" data-end=\"584\">\n<td data-start=\"477\" data-end=\"492\" data-col-size=\"sm\">7 m<\/td>\n<td data-start=\"492\" data-end=\"584\" data-col-size=\"md\">Okapnica, revizija, T-priklju\u010dak, cevi, vrh, <strong data-start=\"539\" data-end=\"551\">2 nosa\u010da<\/strong> (1 u setu), poklopac izolacije<\/td>\n<\/tr>\n<\/tbody>\n<\/table>\n<\/div>\n<div>\n<table style=\"height: 34px;\" width=\"670\">\n<tbody>\n<tr data-start=\"585\" data-end=\"692\">\n<td data-start=\"585\" data-end=\"600\" data-col-size=\"sm\">8 m<\/td>\n<td data-start=\"600\" data-end=\"692\" data-col-size=\"md\">Okapnica, revizija, T-priklju\u010dak, cevi, vrh, <strong data-start=\"647\" data-end=\"659\">3 nosa\u010da<\/strong> (1 u setu), poklopac izolacije<\/td>\n<\/tr>\n<\/tbody>\n<\/table>\n<\/div>\n<div>\n<table style=\"height: 32px;\" width=\"670\">\n<tbody>\n<tr data-start=\"693\" data-end=\"800\">\n<td data-start=\"693\" data-end=\"708\" data-col-size=\"sm\">9 m<\/td>\n<td data-start=\"708\" data-end=\"800\" data-col-size=\"md\">Okapnica, revizija, T-priklju\u010dak, cevi, vrh, <strong data-start=\"755\" data-end=\"767\">3 nosa\u010da<\/strong> (1 u setu), poklopac izolacije<\/td>\n<\/tr>\n<\/tbody>\n<\/table>\n<\/div>\n<div>\n<table style=\"height: 31px;\" width=\"671\">\n<tbody>\n<tr data-start=\"801\" data-end=\"908\">\n<td data-start=\"801\" data-end=\"816\" data-col-size=\"sm\">10 m<\/td>\n<td data-start=\"816\" data-end=\"908\" data-col-size=\"md\">Okapnica, revizija, T-priklju\u010dak, cevi, vrh, <strong data-start=\"863\" data-end=\"875\">3 nosa\u010da<\/strong> (1 u setu), poklopac izolacije<\/td>\n<\/tr>\n<\/tbody>\n<\/table>\n<\/div>\n<div>\n<table style=\"height: 28px;\" width=\"670\">\n<tbody>\n<tr data-start=\"909\" data-end=\"1016\">\n<td data-start=\"909\" data-end=\"924\" data-col-size=\"sm\">11 m<\/td>\n<td data-start=\"924\" data-end=\"1016\" data-col-size=\"md\">Okapnica, revizija, T-priklju\u010dak, cevi, vrh, <strong data-start=\"971\" data-end=\"983\">4 nosa\u010da<\/strong> (1 u setu), poklopac izolacije<\/td>\n<\/tr>\n<\/tbody>\n<\/table>\n<\/div>\n<div>\n<table style=\"height: 33px;\" width=\"669\">\n<tbody>\n<tr data-start=\"1017\" data-end=\"1124\">\n<td data-start=\"1017\" data-end=\"1032\" data-col-size=\"sm\">12 m<\/td>\n<td data-start=\"1032\" data-end=\"1124\" data-col-size=\"md\">Okapnica, revizija, T-priklju\u010dak, cevi, vrh, <strong data-start=\"1079\" data-end=\"1091\">4 nosa\u010da<\/strong> (1 u setu), poklopac izolacije<\/td>\n<\/tr>\n<\/tbody>\n<\/table>\n<\/div>\n<p>Ukoliko dimnjak prolazi kroz krov, potrebno je dokupiti krovnu rozetnu koja nije uklju\u010dena u set.<\/p>\n<h3>Karakteristike proizvoda<\/h3>\n<ul>\n<li>Unutra\u0161nja prohromska, spolja\u0161nja cinkovna izrada za maksimalnu otpornost<\/li>\n<li>Izolacija za dodatnu sigurnost<\/li>\n<li>Pre\u010dnik 130 mm, idealan za razne instalacije (namenjen kotlovima pelet i manjim \u0161poretima na drva)<\/li>\n<li>Jednostavna monta\u017ea bez potrebe za posebnim alatima<\/li>\n<li>Debljina 0,7 x 2,5 x 0,7<\/li>\n<\/ul>\n<p>&nbsp;<\/p>\n<p>Odabir <strong>monta\u017enog dimnjaka<\/strong> Vilpra zna\u010di ulaganje u kvalitet i sigurnost. Njegova efikasnost u preno\u0161enju dimnih gasova \u010dini ga idealnim za razne tipove grejanja, dok prohromska izrada garantuje dugove\u010dnost. Osim toga, lako se montira, \u0161to \u0107e vam u\u0161tedeti vreme i novac.<\/p>","protected":false},"excerpt":{"rendered":"<p>Set dimnjaka Vilpra \u00d8130 mm, izra\u0111en od prohroma i cinkovane izolacije. Otpornost na visoke temperature i jednostavna instalacija.<\/p>","protected":false},"featured_media":20893,"template":"","meta":{"_seopress_robots_primary_cat":"none","_seopress_titles_title":"Set dimnjak Vilpra - prohrom-izolacija-cink \u00d8130","_seopress_titles_desc":"Izaberite kvalitetan Vilpra dimnjak \u00d8130 mm za sigurno i efikasno odvodenje dimnih gasova. Otpornost na toplotu i koroziju.","_seopress_robots_index":""},"product_brand":[4303],"product_cat":[4304,4307],"product_tag":[],"class_list":{"0":"post-20882","1":"product","2":"type-product","3":"status-publish","4":"has-post-thumbnail","6":"product_brand-vilpra","7":"product_cat-dimnjaci","8":"product_cat-montazni-dimnjaci","9":"pa_dimenzije-10-m","10":"pa_dimenzije-11-m","11":"pa_dimenzije-12-m","12":"pa_dimenzije-4-m","13":"pa_dimenzije-5-m","14":"pa_dimenzije-6-m","15":"pa_dimenzije-7-m","16":"pa_dimenzije-8-m","17":"pa_dimenzije-9-m","19":"first","20":"instock","21":"shipping-taxable","22":"purchasable","23":"product-type-variable"},"_links":{"self":[{"href":"https:\/\/grejanjesrbija.com\/ru\/wp-json\/wp\/v2\/product\/20882","targetHints":{"allow":["GET"]}}],"collection":[{"href":"https:\/\/grejanjesrbija.com\/ru\/wp-json\/wp\/v2\/product"}],"about":[{"href":"https:\/\/grejanjesrbija.com\/ru\/wp-json\/wp\/v2\/types\/product"}],"wp:featuredmedia":[{"embeddable":true,"href":"https:\/\/grejanjesrbija.com\/ru\/wp-json\/wp\/v2\/media\/20893"}],"wp:attachment":[{"href":"https:\/\/grejanjesrbija.com\/ru\/wp-json\/wp\/v2\/media?parent=20882"}],"wp:term":[{"taxonomy":"product_brand","embeddable":true,"href":"https:\/\/grejanjesrbija.com\/ru\/wp-json\/wp\/v2\/product_brand?post=20882"},{"taxonomy":"product_cat","embeddable":true,"href":"https:\/\/grejanjesrbija.com\/ru\/wp-json\/wp\/v2\/product_cat?post=20882"},{"taxonomy":"product_tag","embeddable":true,"href":"https:\/\/grejanjesrbija.com\/ru\/wp-json\/wp\/v2\/product_tag?post=20882"}],"curies":[{"name":"wp","href":"https:\/\/api.w.org\/{rel}","templated":true}]}}