{"id":20983,"date":"2025-10-08T09:54:08","date_gmt":"2025-10-08T07:54:08","guid":{"rendered":"https:\/\/hidroterm.dmcsrbija.com\/?post_type=product&#038;p=20983"},"modified":"2026-02-19T10:58:14","modified_gmt":"2026-02-19T09:58:14","slug":"nastavak-za-cetku-10m","status":"publish","type":"product","link":"https:\/\/grejanjesrbija.com\/ru\/proizvod\/nastavak-za-cetku-10m\/","title":{"rendered":"Nastavak za \u010detku 10m"},"content":{"rendered":"<h2>Nastavak za \u010detku 10m<\/h2>\n<p>Nastavak za \u010detku od 10m &#8211; savitljiva \u010deli\u010dna sajla napravljena od 4 isprepletane \u017eice, je idealno re\u0161enje za efikasno i brzo \u010di\u0161\u0107enje dimnjaka. Ovaj nastavak omogu\u0107ava jednostavno povezivanje i upotrebu, \u010dine\u0107i ga savr\u0161enim dodatkom za Va\u0161u opremu.<\/p>\n<h3>Osobine proizvoda<\/h3>\n<ul>\n<li>Visok kvalitet materijala<\/li>\n<li>Jednostavna instalacija<\/li>\n<li>Kompatibilnost sa razli\u010ditim vrstama \u010detki<\/li>\n<li>Izdr\u017eljiv i dugotrajan<\/li>\n<li>Mogu\u0107nost nastavljanja<\/li>\n<li>Laka za kori\u0161\u0107enje \u2013 jednostavno rukovanje za doma\u0107e i profesionalne korisnike<\/li>\n<li>Sigurna za korisnika i sistem \u2013 ne o\u0161te\u0107uje unutra\u0161nje zidove dimovoda<\/li>\n<\/ul>\n<h3>\u041f\u0440\u0435\u0438\u043c\u0443\u0449\u0435\u0441\u0442\u0432\u0430<\/h3>\n<ul>\n<li style=\"list-style-type: none;\">\n<ul>\n<li>Jednostavna upotreba i instalacija<\/li>\n<li>Pru\u017ea pristup te\u0161ko dostupnim mestima<\/li>\n<li>Izdr\u017eljivost i dug vek trajanja<\/li>\n<\/ul>\n<\/li>\n<\/ul>\n<h3>Specifikacije<\/h3>\n<table>\n<tbody>\n<tr>\n<th>Kategorija<\/th>\n<th>Specifikacija<\/th>\n<\/tr>\n<tr>\n<td>Materijal<\/td>\n<td>\u010celik<\/td>\n<\/tr>\n<tr>\n<td>Navoj<\/td>\n<td>M10<\/td>\n<\/tr>\n<tr>\n<td>Pre\u010dnik sajle<\/td>\n<td>8 mm<\/td>\n<\/tr>\n<tr>\n<td>Kompatibilnost<\/td>\n<td>Standardne \u010detke<\/td>\n<\/tr>\n<\/tbody>\n<\/table>\n<h3>Preporu\u010dena upotreba:<\/h3>\n<p>Vilpra sajla 10m idealna je za:<\/p>\n<ul>\n<li>Odr\u017eavanje dimnjaka svih pre\u010dnika<\/li>\n<li>\u010ci\u0161\u0107enje kamina, kotlova, pe\u0107i i dimovodnih sistema<\/li>\n<li>Kombinovanje sa dimnja\u010darskim \u010detkama i drugim nastavcima<\/li>\n<\/ul>\n<h3><\/h3>\n<p>Ovaj nastavak je savr\u0161eno re\u0161enje za odr\u017eavanje \u010disto\u0107e i efikasnosti Va\u0161eg sistema grejanja. Sa lako\u0107om \u0107e se uklopiti u Va\u0161u postoje\u0107u opremu, a njegova izdr\u017eljivost garantuje dugotrajnu upotrebu.<\/p>","protected":false},"excerpt":{"rendered":"<p>Nastavak za \u010detku 7M omogu\u0107ava jednostavno \u010di\u0161\u0107enje dimnjaka. Izdr\u017eljiv i jednostavan za upotrebu.<\/p>","protected":false},"featured_media":20988,"template":"","meta":{"_seopress_robots_primary_cat":"none","_seopress_titles_title":"","_seopress_titles_desc":"Olak\u0161ajte \u010di\u0161\u0107enje te\u0161ko dostupnih mesta uz nastavak za \u010detku 10m. Pobolj\u0161ajte efikasnost centralnog grejanja, bez pomeranja opreme.","_seopress_robots_index":""},"product_brand":[4303],"product_cat":[4304,4310,4217],"product_tag":[],"class_list":{"0":"post-20983","1":"product","2":"type-product","3":"status-publish","4":"has-post-thumbnail","6":"product_brand-vilpra","7":"product_cat-dimnjaci","8":"product_cat-oprema-za-odrzavanje-dimnjaka","9":"product_cat-oprema-za-odrzavanje-kotlova-na-pelet","11":"first","12":"instock","13":"shipping-taxable","14":"purchasable","15":"product-type-simple"},"_links":{"self":[{"href":"https:\/\/grejanjesrbija.com\/ru\/wp-json\/wp\/v2\/product\/20983","targetHints":{"allow":["GET"]}}],"collection":[{"href":"https:\/\/grejanjesrbija.com\/ru\/wp-json\/wp\/v2\/product"}],"about":[{"href":"https:\/\/grejanjesrbija.com\/ru\/wp-json\/wp\/v2\/types\/product"}],"wp:featuredmedia":[{"embeddable":true,"href":"https:\/\/grejanjesrbija.com\/ru\/wp-json\/wp\/v2\/media\/20988"}],"wp:attachment":[{"href":"https:\/\/grejanjesrbija.com\/ru\/wp-json\/wp\/v2\/media?parent=20983"}],"wp:term":[{"taxonomy":"product_brand","embeddable":true,"href":"https:\/\/grejanjesrbija.com\/ru\/wp-json\/wp\/v2\/product_brand?post=20983"},{"taxonomy":"product_cat","embeddable":true,"href":"https:\/\/grejanjesrbija.com\/ru\/wp-json\/wp\/v2\/product_cat?post=20983"},{"taxonomy":"product_tag","embeddable":true,"href":"https:\/\/grejanjesrbija.com\/ru\/wp-json\/wp\/v2\/product_tag?post=20983"}],"curies":[{"name":"wp","href":"https:\/\/api.w.org\/{rel}","templated":true}]}}