{"id":20997,"date":"2025-10-08T11:28:15","date_gmt":"2025-10-08T09:28:15","guid":{"rendered":"https:\/\/hidroterm.dmcsrbija.com\/?post_type=product&#038;p=20997"},"modified":"2026-03-14T13:28:50","modified_gmt":"2026-03-14T12:28:50","slug":"bakarne-cevi-meke-predizolovane","status":"publish","type":"product","link":"https:\/\/grejanjesrbija.com\/ru\/proizvod\/bakarne-cevi-meke-predizolovane\/","title":{"rendered":"Bakarne cevi \u2013 meke \u2013 predizolovane"},"content":{"rendered":"<p data-start=\"119\" data-end=\"634\"><strong>Meke bakarne cevi u koturu sa predizolacijom<\/strong> predstavljaju idealno re\u0161enje za klimatizacione i rashladne sisteme, zahvaljuju\u0107i izuzetnoj toplotnoj provodljivosti, savitljivosti i jednostavnoj ugradnji. Predizolacija \u0161titi cev od kondenzacije i gubitka toplote, dok njihova fleksibilnost omogu\u0107ava lako postavljanje bez dodatnih spojeva, smanjuju\u0107i rizik od curenja i pove\u0107avaju\u0107i efikasnost sistema. Cevi su izra\u0111ene od visokokvalitetnog bakra, sa debljinom zida od 0,7mm, 0,8 mm i 1mm , i dostupne su u koturu du\u017eine 5 metara.<\/p>\n<p data-start=\"636\" data-end=\"666\"><strong data-start=\"636\" data-end=\"664\">Karakteristike proizvoda<\/strong><\/p>\n<ul data-start=\"667\" data-end=\"863\">\n<li data-start=\"667\" data-end=\"706\">\n<p data-start=\"669\" data-end=\"706\">Izra\u0111ene od visokokvalitetnog bakra<\/p>\n<\/li>\n<li data-start=\"707\" data-end=\"771\">\n<p data-start=\"709\" data-end=\"771\">Sa predizolacijom koja obezbe\u0111uje za\u0161titu od kondenzacije i smanjuje gubitak toplote<\/p>\n<\/li>\n<li data-start=\"772\" data-end=\"817\">\n<p data-start=\"774\" data-end=\"817\">Lako savitljive i jednostavne za ugradnju<\/p>\n<\/li>\n<li data-start=\"818\" data-end=\"863\">\n<p data-start=\"820\" data-end=\"863\">Otporne na koroziju i dugog veka trajanja<\/p>\n<\/li>\n<\/ul>\n<p data-start=\"865\" data-end=\"1171\"><strong data-start=\"865\" data-end=\"920\">Za\u0161to odabrati meke bakarne cevi sa predizolacijom?<\/strong><br data-start=\"920\" data-end=\"923\" \/>Predizolovane meke bakarne cevi obezbe\u0111uju visoku efikasnost u prenosu toplote i maksimalnu pouzdanost, uz jednostavno postavljanje i minimalan broj spojeva, \u0161to doprinosi boljoj energetskoj efikasnosti i manjem riziku od curenja rashladnog gasa.<\/p>","protected":false},"excerpt":{"rendered":"<p>Meke predizolovane bakarne cevi, dostupne u vi\u0161e dimenzija, savitljive, jednostavne za ugradnju i efikasne za rashladne i klimatizacione sisteme.<\/p>","protected":false},"featured_media":16313,"template":"","meta":{"_seopress_robots_primary_cat":"none","_seopress_titles_title":"Bakarne cevi \u2013 meke \u2013 predizolovane","_seopress_titles_desc":"Meke predizolovane bakarne cevi, dostupne u vi\u0161e dimenzija, savitljive, jednostavne za ugradnju i efikasne za rashladne i klimatizacione sisteme.","_seopress_robots_index":""},"product_brand":[],"product_cat":[4270,4269],"product_tag":[],"class_list":{"0":"post-20997","1":"product","2":"type-product","3":"status-publish","4":"has-post-thumbnail","6":"product_cat-bakarne-cevi","7":"product_cat-bakarne-cevi-i-izolacija-za-cevi","8":"pa_dimenzije-127-x-008","9":"pa_dimenzije-1587-x-10","10":"pa_dimenzije-1905-x-10","11":"pa_dimenzije-2223-x-10","12":"pa_dimenzije-635-x-07","13":"pa_dimenzije-635-x-08","14":"pa_dimenzije-952-x-07","15":"pa_dimenzije-952-x-08","17":"first","18":"instock","19":"shipping-taxable","20":"purchasable","21":"product-type-variable","22":"has-default-attributes"},"_links":{"self":[{"href":"https:\/\/grejanjesrbija.com\/ru\/wp-json\/wp\/v2\/product\/20997","targetHints":{"allow":["GET"]}}],"collection":[{"href":"https:\/\/grejanjesrbija.com\/ru\/wp-json\/wp\/v2\/product"}],"about":[{"href":"https:\/\/grejanjesrbija.com\/ru\/wp-json\/wp\/v2\/types\/product"}],"wp:featuredmedia":[{"embeddable":true,"href":"https:\/\/grejanjesrbija.com\/ru\/wp-json\/wp\/v2\/media\/16313"}],"wp:attachment":[{"href":"https:\/\/grejanjesrbija.com\/ru\/wp-json\/wp\/v2\/media?parent=20997"}],"wp:term":[{"taxonomy":"product_brand","embeddable":true,"href":"https:\/\/grejanjesrbija.com\/ru\/wp-json\/wp\/v2\/product_brand?post=20997"},{"taxonomy":"product_cat","embeddable":true,"href":"https:\/\/grejanjesrbija.com\/ru\/wp-json\/wp\/v2\/product_cat?post=20997"},{"taxonomy":"product_tag","embeddable":true,"href":"https:\/\/grejanjesrbija.com\/ru\/wp-json\/wp\/v2\/product_tag?post=20997"}],"curies":[{"name":"wp","href":"https:\/\/api.w.org\/{rel}","templated":true}]}}