{"id":21016,"date":"2025-10-08T11:27:15","date_gmt":"2025-10-08T09:27:15","guid":{"rendered":"https:\/\/hidroterm.dmcsrbija.com\/?post_type=product&#038;p=21016"},"modified":"2026-02-19T11:07:43","modified_gmt":"2026-02-19T10:07:43","slug":"prah-za-ciscenje-dimnjaka-40gr-astra-express","status":"publish","type":"product","link":"https:\/\/grejanjesrbija.com\/ru\/proizvod\/prah-za-ciscenje-dimnjaka-40gr-astra-express\/","title":{"rendered":"Prah za \u010di\u0161\u0107enje dimnjaka 40gr Astra Express"},"content":{"rendered":"<h2>Prah za \u010di\u0161\u0107enje dimnjaka 40gr Astra Express<\/h2>\n<p>Prah za \u010di\u0161\u0107enje dimnjaka <strong>Astra Express<\/strong> je efikasno re\u0161enje za odr\u017eavanje \u010disto\u0107e i funkcionalnosti Va\u0161ih dimnjaka. Ovaj proizvod je posebno formulisan kako bi uklonio naslage \u010da\u0111i i smole, pobolj\u0161avaju\u0107i time protok dima i smanjuju\u0107i rizik od po\u017eara.<\/p>\n<h3>Karakteristike proizvoda<\/h3>\n<ul>\n<li>Brza i jednostavna primena<\/li>\n<li>Efikasan protiv \u010da\u0111i i smole<\/li>\n<li>Kesica od 40 grama (cena za jednu kesicu)<\/li>\n<\/ul>\n<h3 data-start=\"3052\" data-end=\"3084\"><strong data-start=\"3059\" data-end=\"3084\">Uputstvo za upotrebu:<\/strong><\/h3>\n<ol>\n<li data-start=\"3089\" data-end=\"3141\">Lo\u017ei\u0161te mora biti aktivno (sa \u017earom ili plamenom).<\/li>\n<li data-start=\"3145\" data-end=\"3201\">Ubaciti kesicu u lo\u017ei\u0161te.<\/li>\n<li data-start=\"3205\" data-end=\"3231\">Zatvoriti vrata lo\u017ei\u0161ta.<\/li>\n<li>Otvotiri promaju na kotlu, da bi \u0161to vi\u0161e povuklo kroz dimne cevi.<\/li>\n<li data-start=\"3235\" data-end=\"3296\">Preparat deluje tokom sagorevanja.<\/li>\n<li>Po\u017eeljno je sutra dan, dimnjak o\u010distiti \u010detkom i sajlom da bi se skinulo \u0161to vi\u0161e \u010da\u0111i i smole<\/li>\n<li data-start=\"3300\" data-end=\"3384\">Ponoviti postupak po potrebi \u2013 preporu\u010deno jednom na 10\u201315 dana tokom grejne sezone.<\/li>\n<\/ol>\n<h3 data-start=\"3391\" data-end=\"3424\"><strong data-start=\"3398\" data-end=\"3424\">Napomene i bezbednost:<\/strong><\/h3>\n<ul data-start=\"3426\" data-end=\"3631\">\n<li data-start=\"3426\" data-end=\"3509\">\n<p data-start=\"3428\" data-end=\"3509\">Ne koristiti kao zamenu za mehani\u010dko \u010di\u0161\u0107enje ako dimnjak nije redovno odr\u017eavan<\/p>\n<\/li>\n<li data-start=\"3510\" data-end=\"3538\">\n<p data-start=\"3512\" data-end=\"3538\">\u010cuvati van doma\u0161aja dece<\/p>\n<\/li>\n<li data-start=\"3539\" data-end=\"3584\">\n<p data-start=\"3541\" data-end=\"3584\">Izbegavati udisanje praha<\/p>\n<\/li>\n<li data-start=\"3585\" data-end=\"3631\">\n<p data-start=\"3587\" data-end=\"3631\">Nije pogodno za gasne ili elektri\u010dne ure\u0111aje<\/p>\n<\/li>\n<\/ul>\n<h3>Specifikacije proizvoda<\/h3>\n<table>\n<tbody>\n<tr>\n<th>Parametar<\/th>\n<th>Vrednost<\/th>\n<\/tr>\n<tr>\n<td>Kesica<\/td>\n<td>40 gr<\/td>\n<\/tr>\n<tr>\n<td>Proizvo\u0111a\u010d<\/td>\n<td>Astra Express<\/td>\n<\/tr>\n<tr>\n<td>Tip<\/td>\n<td>Prah za \u010di\u0161\u0107enje dimnjaka<\/td>\n<\/tr>\n<\/tbody>\n<\/table>\n<p>*Cena je za jednu kesicu.<\/p>\n<p>Ovaj proizvod je idealan za sve koji \u017eele da odr\u017eavaju svoj dimnjak \u010distim i bezbednim. Redovnim kori\u0161\u0107enjem praha za \u010di\u0161\u0107enje dimnjaka smanjujete rizik od opasnosti i pove\u0107avate efikasnost grejanja.<\/p>","protected":false},"excerpt":{"rendered":"<p>Prah za \u010di\u0161\u0107enje dimnjaka Astra Express efikasno uklanja \u010da\u0111 i smolu, pobolj\u0161avaju\u0107i protok dimnih gasova. Jednostavan za upotrebu, bezbedan za sve dimnjake.<\/p>","protected":false},"featured_media":17107,"template":"","meta":{"_seopress_robots_primary_cat":"none","_seopress_titles_title":"Prah za \u010di\u0161\u0107enje dimnjaka 40gr Astra Express","_seopress_titles_desc":"Odr\u017eavajte dimnjak \u010distim i bezbednim uz Astra Express prah. Efikasno uklanja \u010da\u0111 i smolu, pobolj\u0161avaju\u0107i protok dima i smanjuju\u0107i rizik od po\u017eara.","_seopress_robots_index":""},"product_brand":[4327],"product_cat":[4304,4310,4217],"product_tag":[],"class_list":{"0":"post-21016","1":"product","2":"type-product","3":"status-publish","4":"has-post-thumbnail","6":"product_brand-astrea","7":"product_cat-dimnjaci","8":"product_cat-oprema-za-odrzavanje-dimnjaka","9":"product_cat-oprema-za-odrzavanje-kotlova-na-pelet","11":"first","12":"instock","13":"shipping-taxable","14":"purchasable","15":"product-type-simple"},"_links":{"self":[{"href":"https:\/\/grejanjesrbija.com\/ru\/wp-json\/wp\/v2\/product\/21016","targetHints":{"allow":["GET"]}}],"collection":[{"href":"https:\/\/grejanjesrbija.com\/ru\/wp-json\/wp\/v2\/product"}],"about":[{"href":"https:\/\/grejanjesrbija.com\/ru\/wp-json\/wp\/v2\/types\/product"}],"wp:featuredmedia":[{"embeddable":true,"href":"https:\/\/grejanjesrbija.com\/ru\/wp-json\/wp\/v2\/media\/17107"}],"wp:attachment":[{"href":"https:\/\/grejanjesrbija.com\/ru\/wp-json\/wp\/v2\/media?parent=21016"}],"wp:term":[{"taxonomy":"product_brand","embeddable":true,"href":"https:\/\/grejanjesrbija.com\/ru\/wp-json\/wp\/v2\/product_brand?post=21016"},{"taxonomy":"product_cat","embeddable":true,"href":"https:\/\/grejanjesrbija.com\/ru\/wp-json\/wp\/v2\/product_cat?post=21016"},{"taxonomy":"product_tag","embeddable":true,"href":"https:\/\/grejanjesrbija.com\/ru\/wp-json\/wp\/v2\/product_tag?post=21016"}],"curies":[{"name":"wp","href":"https:\/\/api.w.org\/{rel}","templated":true}]}}