{"id":21931,"date":"2025-10-11T13:49:48","date_gmt":"2025-10-11T11:49:48","guid":{"rendered":"https:\/\/hidroterm.dmcsrbija.com\/?post_type=product&#038;p=21931"},"modified":"2026-03-16T13:35:09","modified_gmt":"2026-03-16T12:35:09","slug":"suvi-kamin-na-pelet-mareli-ps-12-kw","status":"publish","type":"product","link":"https:\/\/grejanjesrbija.com\/ru\/proizvod\/suvi-kamin-na-pelet-mareli-ps-12-kw\/","title":{"rendered":"Suvi kamin na pelet Mareli PS 12 kW"},"content":{"rendered":"<h2 data-start=\"109\" data-end=\"152\">Suvi kamin na pelet Mareli PS 12 kW<\/h2>\n<p data-start=\"154\" data-end=\"401\"><strong data-start=\"154\" data-end=\"173\">Mareli PS 12 kW<\/strong> predstavlja sna\u017eno, moderno i efikasno re\u0161enje za grejanje ve\u0107ih prostorija toplim vazduhom. Ovaj kamin kombinuje visoku efikasnost, jednostavno upravljanje i savremeni dizajn, pru\u017eaju\u0107i maksimalnu udobnost i u\u0161tedu energije.<\/p>\n<p data-start=\"403\" data-end=\"709\">Sa <strong data-start=\"406\" data-end=\"438\">stepenom iskori\u0161\u0107enja od 92%<\/strong>, kamin Mareli PS 12 kW obezbe\u0111uje optimalno sagorevanje peleta i ravnomerno grejanje prostora. Opremljen je <strong data-start=\"547\" data-end=\"576\">menijem na srpskom jeziku<\/strong>, <strong data-start=\"578\" data-end=\"590\">tajmerom<\/strong> i mogu\u0107no\u0161\u0107u pode\u0161avanja <strong data-start=\"616\" data-end=\"633\">5 nivoa snage<\/strong>, \u0161to omogu\u0107ava korisnicima da lako prilagode rad kamina svojim potrebama.<\/p>\n<p data-start=\"711\" data-end=\"891\">Ugra\u0111eni <strong data-start=\"720\" data-end=\"749\">ventilator toplog vazduha<\/strong> omogu\u0107ava brzo i ravnomerno zagrevanje prostorije, dok automatsko paljenje i kontrola temperature \u010dine kori\u0161\u0107enje jednostavnim i pouzdanim.<\/p>\n<p data-start=\"893\" data-end=\"1064\"><strong data-start=\"893\" data-end=\"927\">Dostupan u crvenoj,crnoj,sivoj i krem boji<\/strong>, ovaj model snage 12 kW idealan je za doma\u0107instva koja \u017eele sigurno, ekonomi\u010dno i ekolo\u0161ko grejanje.<br data-start=\"1028\" data-end=\"1031\" \/>Pre\u010dnik dimnjaka: <strong data-start=\"1049\" data-end=\"1061\">fi 80 mm<\/strong>.<\/p>\n<h3 data-start=\"1071\" data-end=\"1117\">\u00a0Prednosti Suvog kamina Mareli PS 12 kW<\/h3>\n<ul data-start=\"1118\" data-end=\"1429\">\n<li data-start=\"1118\" data-end=\"1162\">\n<p data-start=\"1120\" data-end=\"1162\">Efikasno i brzo grejanje toplim vazduhom<\/p>\n<\/li>\n<li data-start=\"1163\" data-end=\"1190\">\n<p data-start=\"1165\" data-end=\"1190\">Stepen iskori\u0161\u0107enja 92%<\/p>\n<\/li>\n<li data-start=\"1191\" data-end=\"1226\">\n<p data-start=\"1193\" data-end=\"1226\">Meni na srpskom jeziku i tajmer<\/p>\n<\/li>\n<li data-start=\"1227\" data-end=\"1274\">\n<p data-start=\"1229\" data-end=\"1274\">5 nivoa snage za optimalnu kontrolu toplote<\/p>\n<\/li>\n<li data-start=\"1275\" data-end=\"1323\">\n<p data-start=\"1277\" data-end=\"1323\">Ventilator toplog vazduha za brzo zagrevanje<\/p>\n<\/li>\n<li data-start=\"1324\" data-end=\"1363\">\n<p data-start=\"1326\" data-end=\"1363\">Automatsko paljenje i laka upotreba<\/p>\n<\/li>\n<li data-start=\"1364\" data-end=\"1398\">\n<p data-start=\"1366\" data-end=\"1398\">Dostupan u crvenoj,crnoj,sivoj i krem boji<\/p>\n<\/li>\n<li data-start=\"1399\" data-end=\"1429\">\n<p data-start=\"1401\" data-end=\"1429\">Moderan i elegantan dizajn<\/p>\n<\/li>\n<\/ul>\n<p><strong><em>Napomena: Pu\u0161tanje u rad nije ura\u010dunato u cenu.<\/em><\/strong><\/p>","protected":false},"excerpt":{"rendered":"<p>Suvi kamin na pelet Mareli PS 12 kW namenjen je efikasnom grejanju ve\u0107ih prostorija toplim vazduhom. Ima visok stepen iskori\u0161\u0107enja (92%), 5 nivoa snage, meni na srpskom jeziku i ventilator za brzo zagrevanje. Dostupan u crvenoj,crnoj,sivoj i krem boji.<\/p>","protected":false},"featured_media":21925,"template":"","meta":{"_seopress_robots_primary_cat":"none","_seopress_titles_title":"Suvi kamin Mareli PS 12kW: Efikasno grejanje vazduhom","_seopress_titles_desc":"Mareli PS 12 kW suvi kamin na pelet za efikasno grejanje toplim vazduhom. 92% iskori\u0161\u0107enje, 5 nivoa snage, tajmer i meni na srpskom jeziku.","_seopress_robots_index":""},"product_brand":[4192],"product_cat":[4208],"product_tag":[],"class_list":{"0":"post-21931","1":"product","2":"type-product","3":"status-publish","4":"has-post-thumbnail","6":"product_brand-mareli","7":"product_cat-kotlovi-i-kamini-na-pelet-kotlovi-i-kamini-na-pelet","9":"first","10":"instock","11":"shipping-taxable","12":"purchasable","13":"product-type-simple"},"_links":{"self":[{"href":"https:\/\/grejanjesrbija.com\/ru\/wp-json\/wp\/v2\/product\/21931","targetHints":{"allow":["GET"]}}],"collection":[{"href":"https:\/\/grejanjesrbija.com\/ru\/wp-json\/wp\/v2\/product"}],"about":[{"href":"https:\/\/grejanjesrbija.com\/ru\/wp-json\/wp\/v2\/types\/product"}],"wp:featuredmedia":[{"embeddable":true,"href":"https:\/\/grejanjesrbija.com\/ru\/wp-json\/wp\/v2\/media\/21925"}],"wp:attachment":[{"href":"https:\/\/grejanjesrbija.com\/ru\/wp-json\/wp\/v2\/media?parent=21931"}],"wp:term":[{"taxonomy":"product_brand","embeddable":true,"href":"https:\/\/grejanjesrbija.com\/ru\/wp-json\/wp\/v2\/product_brand?post=21931"},{"taxonomy":"product_cat","embeddable":true,"href":"https:\/\/grejanjesrbija.com\/ru\/wp-json\/wp\/v2\/product_cat?post=21931"},{"taxonomy":"product_tag","embeddable":true,"href":"https:\/\/grejanjesrbija.com\/ru\/wp-json\/wp\/v2\/product_tag?post=21931"}],"curies":[{"name":"wp","href":"https:\/\/api.w.org\/{rel}","templated":true}]}}