{"id":22675,"date":"2025-10-22T09:49:24","date_gmt":"2025-10-22T07:49:24","guid":{"rendered":"https:\/\/grejanjesrbija.com\/?post_type=product&#038;p=22675"},"modified":"2025-10-22T09:53:05","modified_gmt":"2025-10-22T07:53:05","slug":"automatsko-odzracno-lonce-sa-np-3-8-nero","status":"publish","type":"product","link":"https:\/\/grejanjesrbija.com\/ru\/proizvod\/automatsko-odzracno-lonce-sa-np-3-8-nero\/","title":{"rendered":"Automatsko odzra\u010dno lon\u010de sa NP 3\/8 NERO"},"content":{"rendered":"<p data-start=\"338\" data-end=\"596\">Automatsko odzra\u010dno lon\u010de <strong data-start=\"364\" data-end=\"380\">NERO NP 3\/8\u2033<\/strong> slu\u017ei za automatsko otpu\u0161tanje zarobljenog vazduha iz grejnih sistema. Postavlja se na najvi\u0161i deo instalacije i radi neprekidno, \u010dime doprinosi efikasnijem radu sistema, smanjenju buke i i spre\u010davanju korozije.<\/p>\n<h3 data-start=\"1477\" data-end=\"1508\">Prednosti i karakteristike<\/h3>\n<ul data-start=\"1510\" data-end=\"1778\">\n<li data-start=\"1510\" data-end=\"1564\">\n<p data-start=\"1512\" data-end=\"1564\">Automatsko otpu\u0161tanje zraka bez ru\u010dne intervencije<\/p>\n<\/li>\n<li data-start=\"1565\" data-end=\"1614\">\n<p data-start=\"1567\" data-end=\"1614\">Pove\u0107ava efikasnost i smanjuje buku u sistemu<\/p>\n<\/li>\n<li data-start=\"1615\" data-end=\"1657\">\n<p data-start=\"1617\" data-end=\"1657\">Minimalno odr\u017eavanje \u2014 radi stalno sam<\/p>\n<\/li>\n<li data-start=\"1658\" data-end=\"1716\">\n<p data-start=\"1660\" data-end=\"1716\">Kompatibilan sa standardnim 3\/8\u2033 navojnim priklju\u010dcima<\/p>\n<\/li>\n<li data-start=\"1717\" data-end=\"1778\">\n<p data-start=\"1719\" data-end=\"1778\">Pouzdanost zahvaljuju\u0107i mehanizmu sa nepovratnim ventilom<\/p>\n<\/li>\n<\/ul>","protected":false},"excerpt":{"rendered":"<p>NERO automatsko odzra\u010dno lon\u010de NP 3\/8\u2033 je koristan dodatak svakom grejnom sistemu \u2014 omogu\u0107ava stalno i automatsko uklanjanje zraka, odr\u017eavaju\u0107i sistem ti\u0161im i efikasnijim.<\/p>","protected":false},"featured_media":22678,"template":"","meta":{"_seopress_robots_primary_cat":"none","_seopress_titles_title":"","_seopress_titles_desc":"NERO automatsko odzra\u010dno lon\u010de NP 3\/8\u2033 \u2013 automatski ventil za otpu\u0161tanje vazduha iz sistema grejanja, spre\u010dava nakupljanje vazduha i buku.","_seopress_robots_index":""},"product_brand":[4338],"product_cat":[4314],"product_tag":[],"class_list":{"0":"post-22675","1":"product","2":"type-product","3":"status-publish","4":"has-post-thumbnail","6":"product_brand-nero","7":"product_cat-merno-regulaciona-oprema","9":"first","10":"instock","11":"shipping-taxable","12":"purchasable","13":"product-type-simple"},"_links":{"self":[{"href":"https:\/\/grejanjesrbija.com\/ru\/wp-json\/wp\/v2\/product\/22675","targetHints":{"allow":["GET"]}}],"collection":[{"href":"https:\/\/grejanjesrbija.com\/ru\/wp-json\/wp\/v2\/product"}],"about":[{"href":"https:\/\/grejanjesrbija.com\/ru\/wp-json\/wp\/v2\/types\/product"}],"wp:featuredmedia":[{"embeddable":true,"href":"https:\/\/grejanjesrbija.com\/ru\/wp-json\/wp\/v2\/media\/22678"}],"wp:attachment":[{"href":"https:\/\/grejanjesrbija.com\/ru\/wp-json\/wp\/v2\/media?parent=22675"}],"wp:term":[{"taxonomy":"product_brand","embeddable":true,"href":"https:\/\/grejanjesrbija.com\/ru\/wp-json\/wp\/v2\/product_brand?post=22675"},{"taxonomy":"product_cat","embeddable":true,"href":"https:\/\/grejanjesrbija.com\/ru\/wp-json\/wp\/v2\/product_cat?post=22675"},{"taxonomy":"product_tag","embeddable":true,"href":"https:\/\/grejanjesrbija.com\/ru\/wp-json\/wp\/v2\/product_tag?post=22675"}],"curies":[{"name":"wp","href":"https:\/\/api.w.org\/{rel}","templated":true}]}}