{"id":22715,"date":"2025-10-22T11:17:18","date_gmt":"2025-10-22T09:17:18","guid":{"rendered":"https:\/\/grejanjesrbija.com\/?post_type=product&#038;p=22715"},"modified":"2026-04-07T11:55:07","modified_gmt":"2026-04-07T09:55:07","slug":"elektricni-kotao-eko-pan-vek36-pro","status":"publish","type":"product","link":"https:\/\/grejanjesrbija.com\/ru\/proizvod\/elektricni-kotao-eko-pan-vek36-pro\/","title":{"rendered":"Elektri\u010dni kotao Eko-pan VEK\t36.PRO"},"content":{"rendered":"<h2 data-start=\"225\" data-end=\"269\"><strong data-start=\"230\" data-end=\"269\">Elektri\u010dni kotao Eko-pan VEK 36.PRO<\/strong><\/h2>\n<p data-start=\"308\" data-end=\"741\"><strong data-start=\"308\" data-end=\"330\">Eko-pan VEK 36.PRO<\/strong> je <strong data-start=\"334\" data-end=\"380\">visokou\u010dinski elektri\u010dni kotao snage 36 kW<\/strong>, namenjen zagrevanju ve\u0107ih stambenih, poslovnih i industrijskih prostora povr\u0161ine do pribli\u017eno <strong data-start=\"476\" data-end=\"486\">220-260 m\u00b2<\/strong>.<br data-start=\"487\" data-end=\"490\" \/>Ovaj model koristi <strong data-start=\"509\" data-end=\"543\">trofazno napajanje (3 \u00d7 400 V). Dolazi bez pumpe i posude.<\/strong><\/p>\n<p data-start=\"743\" data-end=\"939\">Kotao se mo\u017ee povezati na <strong data-start=\"769\" data-end=\"804\">radijatorsko ili podno grejanje.<\/strong><\/p>\n<h3 data-start=\"946\" data-end=\"1003\"><strong data-start=\"953\" data-end=\"1003\">Prednosti elektri\u010dnog kotla Eko-pan VEK 36.PRO<\/strong><\/h3>\n<ul data-start=\"1005\" data-end=\"1466\">\n<li data-start=\"1005\" data-end=\"1067\">\n<p data-start=\"1007\" data-end=\"1067\"><strong data-start=\"1007\" data-end=\"1028\">Visoka efikasnost<\/strong><\/p>\n<\/li>\n<li data-start=\"1068\" data-end=\"1112\">\n<p data-start=\"1070\" data-end=\"1112\"><strong data-start=\"1070\" data-end=\"1110\">Tih rad i bez emisije \u0161tetnih gasova<\/strong><\/p>\n<\/li>\n<li data-start=\"1113\" data-end=\"1168\">\n<p data-start=\"1115\" data-end=\"1168\"><strong data-start=\"1115\" data-end=\"1166\">Bez potrebe za dimnjakom i dodatnim odr\u017eavanjem<\/strong><\/p>\n<\/li>\n<li data-start=\"1229\" data-end=\"1281\">\n<p data-start=\"1231\" data-end=\"1281\"><strong data-start=\"1231\" data-end=\"1279\">Za\u0161tita od pregrevanja i previsokog pritiska<\/strong><\/p>\n<\/li>\n<li data-start=\"1282\" data-end=\"1330\">\n<p data-start=\"1284\" data-end=\"1330\"><strong data-start=\"1284\" data-end=\"1328\">Mogu\u0107nost spajanja sa sobnim termostatom<\/strong><\/p>\n<\/li>\n<li data-start=\"1331\" data-end=\"1385\">\n<p data-start=\"1333\" data-end=\"1385\"><strong data-start=\"1333\" data-end=\"1356\">Proizveden u Srbiji<\/strong> \u2013 kvalitetna doma\u0107a izrada<\/p>\n<\/li>\n<li data-start=\"1386\" data-end=\"1466\">\n<p data-start=\"1388\" data-end=\"1466\">Idealan za objekte sa ograni\u010denim mogu\u0107nostima instalacije klasi\u010dnih kotlova<\/p>\n<\/li>\n<\/ul>\n<h3 data-start=\"2872\" data-end=\"2910\"><strong data-start=\"2879\" data-end=\"2910\">Za\u0161to kupiti ba\u0161 ovaj kotao<\/strong><\/h3>\n<p data-start=\"2912\" data-end=\"3344\"><strong data-start=\"2912\" data-end=\"2934\">Eko-pan VEK 36.PRO<\/strong> je savr\u0161en izbor za korisnike koji \u017eele <strong data-start=\"2975\" data-end=\"3020\">\u010dist i tih sistem grejanja<\/strong> bez goriva, pepela ili \u010da\u0111i.<br data-start=\"3049\" data-end=\"3052\" \/>Njegova<strong data-start=\"3060\" data-end=\"3100\">\u00a0konstrukcija i pouzdan rad<\/strong> omogu\u0107avaju optimalnu potro\u0161nju energije i ravnomerno grejanje velikih prostora.<br data-start=\"3181\" data-end=\"3184\" \/>Zahvaljuju\u0107i <strong data-start=\"3197\" data-end=\"3219\">kompaktnom dizajnu<\/strong> i lakoj monta\u017ei, idealan je za ku\u0107e, hale i poslovne objekte gde je potrebna <strong data-start=\"3297\" data-end=\"3341\">stabilna toplota uz minimalno odr\u017eavanje<\/strong>.<\/p>\n<p data-start=\"3372\" data-end=\"3677\">Elektri\u010dni kotao <strong data-start=\"3389\" data-end=\"3411\">Eko-pan VEK 36.PRO<\/strong> predstavlja <strong data-start=\"3424\" data-end=\"3458\">modernu i ekolo\u0161ku alternativu<\/strong> za centralno grejanje bez potrebe za dimnjakom i skladi\u0161tem goriva.<br data-start=\"3526\" data-end=\"3529\" \/>Njegova visoka snaga i jednostavna upotreba \u010dine ga <strong data-start=\"3601\" data-end=\"3627\">pouzdanom investicijom<\/strong> za dugotrajan i udoban rad tokom grejne sezone.<\/p>","protected":false},"excerpt":{"rendered":"<p>Elektri\u010dni kotao Eko-pan VEK 36.PRO \u2013 efikasan i tih kotao za grejanje ve\u0107ih prostora. Idealno re\u0161enje za savremeno i \u010disto elektri\u010dno grejanje.<\/p>","protected":false},"featured_media":22653,"template":"","meta":{"_seopress_robots_primary_cat":"none","_seopress_titles_title":"Eko-pan VEK 36.PRO \u2013 Elektri\u010dni kotao 36 kW","_seopress_titles_desc":"Elektri\u010dni kotao Eko-pan VEK 36.PRO, 36 kW. Pouzdan, tih i automatizovan sistem grejanja za velike objekte i poslovne prostore.","_seopress_robots_index":""},"product_brand":[4224],"product_cat":[4223],"product_tag":[],"class_list":{"0":"post-22715","1":"product","2":"type-product","3":"status-publish","4":"has-post-thumbnail","6":"product_brand-eko-pan","7":"product_cat-elektricni-kotlovi","9":"first","10":"instock","11":"shipping-taxable","12":"purchasable","13":"product-type-simple"},"_links":{"self":[{"href":"https:\/\/grejanjesrbija.com\/ru\/wp-json\/wp\/v2\/product\/22715","targetHints":{"allow":["GET"]}}],"collection":[{"href":"https:\/\/grejanjesrbija.com\/ru\/wp-json\/wp\/v2\/product"}],"about":[{"href":"https:\/\/grejanjesrbija.com\/ru\/wp-json\/wp\/v2\/types\/product"}],"wp:featuredmedia":[{"embeddable":true,"href":"https:\/\/grejanjesrbija.com\/ru\/wp-json\/wp\/v2\/media\/22653"}],"wp:attachment":[{"href":"https:\/\/grejanjesrbija.com\/ru\/wp-json\/wp\/v2\/media?parent=22715"}],"wp:term":[{"taxonomy":"product_brand","embeddable":true,"href":"https:\/\/grejanjesrbija.com\/ru\/wp-json\/wp\/v2\/product_brand?post=22715"},{"taxonomy":"product_cat","embeddable":true,"href":"https:\/\/grejanjesrbija.com\/ru\/wp-json\/wp\/v2\/product_cat?post=22715"},{"taxonomy":"product_tag","embeddable":true,"href":"https:\/\/grejanjesrbija.com\/ru\/wp-json\/wp\/v2\/product_tag?post=22715"}],"curies":[{"name":"wp","href":"https:\/\/api.w.org\/{rel}","templated":true}]}}