{"id":22862,"date":"2025-10-24T09:39:51","date_gmt":"2025-10-24T07:39:51","guid":{"rendered":"https:\/\/grejanjesrbija.com\/?post_type=product&#038;p=22862"},"modified":"2026-02-19T13:15:56","modified_gmt":"2026-02-19T12:15:56","slug":"kepo-comfort-wood-r-35kw","status":"publish","type":"product","link":"https:\/\/grejanjesrbija.com\/ru\/proizvod\/kepo-comfort-wood-r-35kw\/","title":{"rendered":"Kepo Comfort Wood R 35kw"},"content":{"rendered":"<h2 data-start=\"80\" data-end=\"117\"><strong data-start=\"86\" data-end=\"117\">Kepo Comfort Wood R \u2013 35 kW<\/strong><\/h2>\n<p data-start=\"144\" data-end=\"432\">Kepo Comfort Wood R 35 kW je tropromajni kotao na \u010dvrsto gorivo (drvo \/ \u010dvrsto gorivo i te\u010dno gorivo) koji pru\u017ea solidnu snagu za grejanje stambenih objekata srednje veli\u010dine. Odlikuje se kvalitetnom izradom i sertifikacijom prema EN 303-5 standardu.<\/p>\n<h3 data-start=\"1786\" data-end=\"1808\"><strong data-start=\"1793\" data-end=\"1806\">\u041f\u0440\u0435\u0438\u043c\u0443\u0449\u0435\u0441\u0442\u0432\u0430<\/strong><\/h3>\n<ul>\n<li data-start=\"1811\" data-end=\"1874\">Debeli kotlovski lim (5 mm) koji podnosi termi\u010dka optere\u0107enja<\/li>\n<li data-start=\"1877\" data-end=\"1939\">Velika vrata lo\u017ei\u0161ta omogu\u0107avaju lo\u017eenje ve\u0107ih komada drveta<\/li>\n<li>Mogu\u0107nost otvaranja vrata na levu i desnu stranu<\/li>\n<li data-start=\"1942\" data-end=\"1998\">Dva reda horizontalnih izmenjiva\u010da toplote za bolje iskori\u0161\u0107enje toplote<\/li>\n<li>Ima mogu\u0107nost ugradnje gorionika na pelet<\/li>\n<li data-start=\"2001\" data-end=\"2067\">Visoka maksimalna temperatura (90 \u00b0C) i solidan pritisak (3 bar)<\/li>\n<li data-start=\"2122\" data-end=\"2203\">Sertifikovan po standardu EN 303-5:2012<\/li>\n<li>Velika pepeljara, lak pristup izmenjiva\u010dima toplote i kompletan pribor za \u010di\u0161\u0107enje (d\u017eara\u010d, lopatica za izbacivanje pepela, \u010dista\u010d izmenjiva\u010da toplote) zna\u010dajno olak\u0161ava odr\u017eavanje kotla<\/li>\n<li>Garancija 5 godina<\/li>\n<\/ul>\n<h3 data-start=\"2123\" data-end=\"2161\"><strong data-start=\"2130\" data-end=\"2159\">Za\u0161to odabrati ovaj kotao?<\/strong><\/h3>\n<p data-start=\"2162\" data-end=\"2537\">Ako \u017eelite pouzdan i kvalitetan kotao na \u010dvrsto gorivo za objekt srednje veli\u010dine sa snagom 35 kW, <strong data-start=\"2260\" data-end=\"2286\">Kepo Comfort Wood R 35<\/strong> je odli\u010dan izbor. Sa debelim kotlovskim limom, dobrim sistemom razmene toplote i stabilnom konstrukcijom, ovaj model pru\u017ea trajnost i efikasnost. Idealan je za doma\u0107instva koja \u017eele da kombinuju snagu i ekonomi\u010dnost uz moderan, sertifikovan proizvod.<\/p>","protected":false},"excerpt":{"rendered":"<p>Kepo Comfort Wood R 35 je odli\u010dan izbor &#8211; sa debelim kotlovskim limom, dobrim sistemom razmene toplote i stabilnom konstrukcijom, ovaj model pru\u017ea trajnost i efikasnost.<\/p>","protected":false},"featured_media":17213,"template":"","meta":{"_seopress_robots_primary_cat":"none","_seopress_titles_title":"","_seopress_titles_desc":"Kepo Comfort Wood R 35 kW \u2013 tropromajni kotao na drva \/ \u010dvrsto gorivo sa debelim limom i sertifikacijom EN 303-5. Idealno za objekte do ~220 m\u00b2.","_seopress_robots_index":""},"product_brand":[4209],"product_cat":[4193,4189],"product_tag":[],"class_list":{"0":"post-22862","1":"product","2":"type-product","3":"status-publish","4":"has-post-thumbnail","6":"product_brand-kepo","7":"product_cat-celicni-kotlovi","8":"product_cat-kotlovi-na-cvrsto-gorivo","10":"first","11":"instock","12":"shipping-taxable","13":"purchasable","14":"product-type-simple"},"_links":{"self":[{"href":"https:\/\/grejanjesrbija.com\/ru\/wp-json\/wp\/v2\/product\/22862","targetHints":{"allow":["GET"]}}],"collection":[{"href":"https:\/\/grejanjesrbija.com\/ru\/wp-json\/wp\/v2\/product"}],"about":[{"href":"https:\/\/grejanjesrbija.com\/ru\/wp-json\/wp\/v2\/types\/product"}],"wp:featuredmedia":[{"embeddable":true,"href":"https:\/\/grejanjesrbija.com\/ru\/wp-json\/wp\/v2\/media\/17213"}],"wp:attachment":[{"href":"https:\/\/grejanjesrbija.com\/ru\/wp-json\/wp\/v2\/media?parent=22862"}],"wp:term":[{"taxonomy":"product_brand","embeddable":true,"href":"https:\/\/grejanjesrbija.com\/ru\/wp-json\/wp\/v2\/product_brand?post=22862"},{"taxonomy":"product_cat","embeddable":true,"href":"https:\/\/grejanjesrbija.com\/ru\/wp-json\/wp\/v2\/product_cat?post=22862"},{"taxonomy":"product_tag","embeddable":true,"href":"https:\/\/grejanjesrbija.com\/ru\/wp-json\/wp\/v2\/product_tag?post=22862"}],"curies":[{"name":"wp","href":"https:\/\/api.w.org\/{rel}","templated":true}]}}