{"id":22868,"date":"2025-10-24T10:31:16","date_gmt":"2025-10-24T08:31:16","guid":{"rendered":"https:\/\/grejanjesrbija.com\/?post_type=product&#038;p=22868"},"modified":"2026-02-19T13:16:09","modified_gmt":"2026-02-19T12:16:09","slug":"kepo-comfort-wood-r-45kw","status":"publish","type":"product","link":"https:\/\/grejanjesrbija.com\/ru\/proizvod\/kepo-comfort-wood-r-45kw\/","title":{"rendered":"Kepo Comfort Wood R 45kw"},"content":{"rendered":"<h2 data-start=\"94\" data-end=\"131\"><strong data-start=\"100\" data-end=\"131\">Kepo Comfort Wood R \u2013 45 kW<\/strong><\/h2>\n<p data-start=\"158\" data-end=\"461\">Kotao <strong data-start=\"164\" data-end=\"193\">Kepo Comfort Wood R 45 kW<\/strong> je tropromajni kotao na \u010dvrsto i te\u010dno gorivo, namenjen grejanju ve\u0107ih stambenih i poslovnih objekata. Poseduje robusnu konstrukciju od kotlovskog lima i visok stepen iskori\u0161\u0107enja energije. Idealno za objekte do pribli\u017eno 300 m\u00b2.<\/p>\n<h3 data-start=\"1786\" data-end=\"1808\"><strong data-start=\"1793\" data-end=\"1806\">\u041f\u0440\u0435\u0438\u043c\u0443\u0449\u0435\u0441\u0442\u0432\u0430<\/strong><\/h3>\n<ul>\n<li data-start=\"1811\" data-end=\"1874\">Debeli kotlovski lim (5 mm) koji podnosi termi\u010dka optere\u0107enja<\/li>\n<li data-start=\"1877\" data-end=\"1939\">Velika vrata lo\u017ei\u0161ta omogu\u0107avaju lo\u017eenje ve\u0107ih komada drveta<\/li>\n<li>Mogu\u0107nost otvaranja vrata na levu i desnu stranu<\/li>\n<li data-start=\"1942\" data-end=\"1998\">Dva reda horizontalnih izmenjiva\u010da toplote za bolje iskori\u0161\u0107enje toplote<\/li>\n<li>Ima mogu\u0107nost ugradnje gorionika na pelet<\/li>\n<li data-start=\"2001\" data-end=\"2067\">Visoka maksimalna temperatura (90 \u00b0C) i solidan pritisak (3 bar)<\/li>\n<li data-start=\"2122\" data-end=\"2203\">Sertifikovan po standardu EN 303-5:2012<\/li>\n<li>Velika pepeljara, lak pristup izmenjiva\u010dima toplote i kompletan pribor za \u010di\u0161\u0107enje (d\u017eara\u010d, lopatica za izbacivanje pepela, \u010dista\u010d izmenjiva\u010da toplote) zna\u010dajno olak\u0161ava odr\u017eavanje kotla<\/li>\n<li>Garancija 5 godina<\/li>\n<\/ul>\n<h3 data-start=\"2484\" data-end=\"2522\"><strong data-start=\"2491\" data-end=\"2520\">Za\u0161to odabrati ovaj kotao?<\/strong><\/h3>\n<p data-start=\"2523\" data-end=\"3008\">Ako Vam treba kotao visoke snage za grejanje velikog objekta, <strong data-start=\"2585\" data-end=\"2614\">Kepo Comfort Wood R 45 kW<\/strong> predstavlja izbalansirano re\u0161enje izme\u0111u snage, efikasnosti i kvaliteta. Zahvaljuju\u0107i \u010dvrstoj konstrukciji, sertifikaciji po va\u017ee\u0107im standardima, i tehni\u010dkim karakteristikama prilago\u0111enim ve\u0107im sistemima grejanja, ovaj model je pouzdan izbor za korisnike koji \u017eele dugoro\u010dno, efikasno i stabilno grejanje. Idealno za objekat gde je potreban sna\u017ean izlaz toplote, ali i kvalitetna izrada kotla.<\/p>","protected":false},"excerpt":{"rendered":"<p>Zahvaljuju\u0107i \u010dvrstoj konstrukciji, sertifikaciji po va\u017ee\u0107im standardima, i tehni\u010dkim karakteristikama prilago\u0111enim ve\u0107im sistemima grejanja, Kepo Comfort Wood R 45 kW je pouzdan izbor za korisnike koji \u017eele dugoro\u010dno, efikasno i stabilno grejanje.<\/p>","protected":false},"featured_media":17213,"template":"","meta":{"_seopress_robots_primary_cat":"none","_seopress_titles_title":"","_seopress_titles_desc":"Kepo Comfort Wood R 45 kW \u2013 tropromajni kotao na drva\/\u010dvrsto gorivo sa robustnom konstrukcijom i visokim standardima. Efikasan i jak kotao za objekte do 300 m\u00b2.","_seopress_robots_index":""},"product_brand":[4209],"product_cat":[4193,4189],"product_tag":[],"class_list":{"0":"post-22868","1":"product","2":"type-product","3":"status-publish","4":"has-post-thumbnail","6":"product_brand-kepo","7":"product_cat-celicni-kotlovi","8":"product_cat-kotlovi-na-cvrsto-gorivo","10":"first","11":"instock","12":"shipping-taxable","13":"purchasable","14":"product-type-simple"},"_links":{"self":[{"href":"https:\/\/grejanjesrbija.com\/ru\/wp-json\/wp\/v2\/product\/22868","targetHints":{"allow":["GET"]}}],"collection":[{"href":"https:\/\/grejanjesrbija.com\/ru\/wp-json\/wp\/v2\/product"}],"about":[{"href":"https:\/\/grejanjesrbija.com\/ru\/wp-json\/wp\/v2\/types\/product"}],"wp:featuredmedia":[{"embeddable":true,"href":"https:\/\/grejanjesrbija.com\/ru\/wp-json\/wp\/v2\/media\/17213"}],"wp:attachment":[{"href":"https:\/\/grejanjesrbija.com\/ru\/wp-json\/wp\/v2\/media?parent=22868"}],"wp:term":[{"taxonomy":"product_brand","embeddable":true,"href":"https:\/\/grejanjesrbija.com\/ru\/wp-json\/wp\/v2\/product_brand?post=22868"},{"taxonomy":"product_cat","embeddable":true,"href":"https:\/\/grejanjesrbija.com\/ru\/wp-json\/wp\/v2\/product_cat?post=22868"},{"taxonomy":"product_tag","embeddable":true,"href":"https:\/\/grejanjesrbija.com\/ru\/wp-json\/wp\/v2\/product_tag?post=22868"}],"curies":[{"name":"wp","href":"https:\/\/api.w.org\/{rel}","templated":true}]}}