{"id":22880,"date":"2025-10-24T12:20:57","date_gmt":"2025-10-24T10:20:57","guid":{"rendered":"https:\/\/grejanjesrbija.com\/?post_type=product&#038;p=22880"},"modified":"2026-02-13T13:45:19","modified_gmt":"2026-02-13T12:45:19","slug":"kotao-abc-classic-25kw","status":"publish","type":"product","link":"https:\/\/grejanjesrbija.com\/ru\/proizvod\/kotao-abc-classic-25kw\/","title":{"rendered":"Kotao ABC Classic 25kw"},"content":{"rendered":"<h2 data-start=\"87\" data-end=\"122\"><strong data-start=\"93\" data-end=\"122\">Kotao ABC Classic \u2013 25 kW<\/strong><\/h2>\n<p data-start=\"145\" data-end=\"485\">Kotao <strong data-start=\"151\" data-end=\"172\">ABC Classic 25 kW<\/strong> je \u010deli\u010dni kotao na \u010dvrsto gorivo dizajniran za grejanje stambenih objekata srednje veli\u010dine. Deo je \u201eClassic\u201c serije proizvo\u0111a\u010da ABC Proizvod (U\u017eice). Robustne konstrukcije, sa vertikalnom promajom i funkcionalnim karakteristikama za jednostavno odr\u017eavanje i dug radni vek.<\/p>\n<h3 data-start=\"1500\" data-end=\"1518\">Karakteristike i prednosti<\/h3>\n<ul>\n<li data-start=\"1521\" data-end=\"1595\">Robusna \u010deli\u010dna konstrukcija serije \u201cClassic\u201d koja obe\u0107ava dug radni vek<\/li>\n<li data-start=\"1598\" data-end=\"1658\">Garancija od 5 godina<\/li>\n<li data-start=\"1661\" data-end=\"1788\">Mogu\u0107nost tresa\u010da pepela za bolji dovod vazduha i \u010di\u0161\u0107enje lo\u017ei\u0161ta<\/li>\n<li data-start=\"1791\" data-end=\"1896\">Dobre tehni\u010dke vrednosti mase i kapaciteta vode koje omogu\u0107avaju stabilan rad i korektan balans sistema<\/li>\n<li data-start=\"1899\" data-end=\"2000\">Standard \u201cClassic\u201d serija nudi upotrebljivost i pouzdanost uz jednostavnu konstrukciju i odr\u017eavanje<\/li>\n<\/ul>\n<h3 data-start=\"2007\" data-end=\"2054\">Za\u0161to odabrati kotao ABC Classic 25 kW?<\/h3>\n<p data-start=\"2055\" data-end=\"2519\">Ako tra\u017eite solidan i pouzdan \u010deli\u010dni kotao na \u010dvrsto gorivo sa dobrim karakteristikama za srednje ve\u0107i objekat, <strong data-start=\"2168\" data-end=\"2189\">ABC Classic 25 kW<\/strong> pru\u017ea dobru ravnote\u017eu snage, konstrukcije i sertifikata garancije. Model iz serije \u201cClassic\u201d sa tehni\u010dkim specifikacijama pogodnim za infrastrukturu doma\u0107instava i mogu\u0107nostima odr\u017eavanja, predstavlja prakti\u010dan izbor za korisnike koji \u017eele dugoro\u010dno re\u0161enje grejanja koje nije suvi\u0161e komplikovano za servisiranje ili upravljanje.<\/p>","protected":false},"excerpt":{"rendered":"<p>ABC Classic 25 kW sa tehni\u010dkim specifikacijama pogodnim za infrastrukturu doma\u0107instava i mogu\u0107nostima odr\u017eavanja, predstavlja prakti\u010dan izbor za korisnike koji \u017eele dugoro\u010dno re\u0161enje grejanja koje nije suvi\u0161e komplikovano za servisiranje ili upravljanje.<\/p>","protected":false},"featured_media":17113,"template":"","meta":{"_seopress_robots_primary_cat":"none","_seopress_titles_title":"","_seopress_titles_desc":"Kotao ABC Classic 25 kW \u2013 \u010deli\u010dni kotao na \u010dvrsto gorivo sa vertikalnom promajom i garancijom 5 godina. Pouzdan ure\u0111aj za grejanje srednjih objekata.","_seopress_robots_index":""},"product_brand":[4196],"product_cat":[4193,4189],"product_tag":[],"class_list":{"0":"post-22880","1":"product","2":"type-product","3":"status-publish","4":"has-post-thumbnail","6":"product_brand-abc-uzice","7":"product_cat-celicni-kotlovi","8":"product_cat-kotlovi-na-cvrsto-gorivo","10":"first","11":"instock","12":"shipping-taxable","13":"purchasable","14":"product-type-simple"},"_links":{"self":[{"href":"https:\/\/grejanjesrbija.com\/ru\/wp-json\/wp\/v2\/product\/22880","targetHints":{"allow":["GET"]}}],"collection":[{"href":"https:\/\/grejanjesrbija.com\/ru\/wp-json\/wp\/v2\/product"}],"about":[{"href":"https:\/\/grejanjesrbija.com\/ru\/wp-json\/wp\/v2\/types\/product"}],"wp:featuredmedia":[{"embeddable":true,"href":"https:\/\/grejanjesrbija.com\/ru\/wp-json\/wp\/v2\/media\/17113"}],"wp:attachment":[{"href":"https:\/\/grejanjesrbija.com\/ru\/wp-json\/wp\/v2\/media?parent=22880"}],"wp:term":[{"taxonomy":"product_brand","embeddable":true,"href":"https:\/\/grejanjesrbija.com\/ru\/wp-json\/wp\/v2\/product_brand?post=22880"},{"taxonomy":"product_cat","embeddable":true,"href":"https:\/\/grejanjesrbija.com\/ru\/wp-json\/wp\/v2\/product_cat?post=22880"},{"taxonomy":"product_tag","embeddable":true,"href":"https:\/\/grejanjesrbija.com\/ru\/wp-json\/wp\/v2\/product_tag?post=22880"}],"curies":[{"name":"wp","href":"https:\/\/api.w.org\/{rel}","templated":true}]}}