{"id":22888,"date":"2025-10-24T12:48:30","date_gmt":"2025-10-24T10:48:30","guid":{"rendered":"https:\/\/grejanjesrbija.com\/?post_type=product&#038;p=22888"},"modified":"2026-02-13T13:45:58","modified_gmt":"2026-02-13T12:45:58","slug":"kotao-abc-classic-35kw","status":"publish","type":"product","link":"https:\/\/grejanjesrbija.com\/ru\/proizvod\/kotao-abc-classic-35kw\/","title":{"rendered":"Kotao ABC Classic 35kw"},"content":{"rendered":"<h2 data-start=\"118\" data-end=\"153\"><strong data-start=\"124\" data-end=\"153\">Kotao ABC Classic \u2013 35 kW<\/strong><\/h2>\n<p data-start=\"176\" data-end=\"415\">Kotao <strong data-start=\"182\" data-end=\"203\">ABC Classic 35 kW<\/strong> je \u010deli\u010dni kotao na \u010dvrsto gorivo iz serije \u201eClassic\u201c, proizvo\u0111a\u010da ABC U\u017eice. Namenjen je grejanju ve\u0107ih stambenih objekata ili manjeg poslovnog prostora, pru\u017eaju\u0107i stabilnu snagu pri lo\u017eenju drveta i\/ili uglja. Pogodan za grejanje objekata srednje-velike do ve\u0107e povr\u0161ine, gde je potrebna kontinuirana snaga od 35 kW. Mo\u017ee se koristiti u sistemima centralnog grejanja sa \u010dvrstim gorivom (drvo \/ ugalj), u kombinaciji sa prirodnom ili prinudnom cirkulacijom.<\/p>\n<h3 data-start=\"1500\" data-end=\"1518\">Karakteristike i prednosti<\/h3>\n<ul>\n<li data-start=\"1521\" data-end=\"1595\">Robusna \u010deli\u010dna konstrukcija serije \u201cClassic\u201d koja obe\u0107ava dug radni vek<\/li>\n<li data-start=\"1598\" data-end=\"1658\">Garancija od 5 godina<\/li>\n<li data-start=\"1661\" data-end=\"1788\">Mogu\u0107nost tresa\u010da pepela za bolji dovod vazduha i \u010di\u0161\u0107enje lo\u017ei\u0161ta<\/li>\n<li data-start=\"1791\" data-end=\"1896\">Dobre tehni\u010dke vrednosti mase i kapaciteta vode koje omogu\u0107avaju stabilan rad i korektan balans sistema<\/li>\n<li data-start=\"1899\" data-end=\"2000\">Standard \u201cClassic\u201d serija nudi upotrebljivost i pouzdanost uz jednostavnu konstrukciju i odr\u017eavanje<\/li>\n<\/ul>\n<h3 data-start=\"1354\" data-end=\"1388\">Za\u0161to odabrati ovaj kotao?<\/h3>\n<p data-start=\"1389\" data-end=\"1636\">Ako Vam treba pouzdan i solidan kotao na \u010dvrsto gorivo sa snagom od <strong data-start=\"1456\" data-end=\"1465\">35 kW<\/strong>, model <strong data-start=\"1473\" data-end=\"1494\">ABC Classic 35 kW<\/strong> nudi stabilan rad, jednostavnu konstrukciju i garanciju \u2013 idealna kombinacija za korisnike koji tra\u017ee dugoro\u010dnu i ekonomi\u010dnu opciju grejanja.<\/p>","protected":false},"excerpt":{"rendered":"<p>Ako Vam treba pouzdan i solidan kotao na \u010dvrsto gorivo sa snagom od 35 kW, model ABC Classic 35 kW nudi stabilan rad, jednostavnu konstrukciju i garanciju \u2013 idealna kombinacija za korisnike koji tra\u017ee dugoro\u010dnu i ekonomi\u010dnu opciju grejanja.<\/p>","protected":false},"featured_media":17113,"template":"","meta":{"_seopress_robots_primary_cat":"none","_seopress_titles_title":"","_seopress_titles_desc":"Kotao ABC Classic 35 kW \u2013 \u010deli\u010dni kotao na \u010dvrsto gorivo, \u201cClassic\u201d serija sa garancijom 5 godina. Pouzdan i efikasan izbor za grejanje objekata srednje-ve\u0107e snage.","_seopress_robots_index":""},"product_brand":[4196],"product_cat":[4193,4189],"product_tag":[],"class_list":{"0":"post-22888","1":"product","2":"type-product","3":"status-publish","4":"has-post-thumbnail","6":"product_brand-abc-uzice","7":"product_cat-celicni-kotlovi","8":"product_cat-kotlovi-na-cvrsto-gorivo","10":"first","11":"instock","12":"shipping-taxable","13":"purchasable","14":"product-type-simple"},"_links":{"self":[{"href":"https:\/\/grejanjesrbija.com\/ru\/wp-json\/wp\/v2\/product\/22888","targetHints":{"allow":["GET"]}}],"collection":[{"href":"https:\/\/grejanjesrbija.com\/ru\/wp-json\/wp\/v2\/product"}],"about":[{"href":"https:\/\/grejanjesrbija.com\/ru\/wp-json\/wp\/v2\/types\/product"}],"wp:featuredmedia":[{"embeddable":true,"href":"https:\/\/grejanjesrbija.com\/ru\/wp-json\/wp\/v2\/media\/17113"}],"wp:attachment":[{"href":"https:\/\/grejanjesrbija.com\/ru\/wp-json\/wp\/v2\/media?parent=22888"}],"wp:term":[{"taxonomy":"product_brand","embeddable":true,"href":"https:\/\/grejanjesrbija.com\/ru\/wp-json\/wp\/v2\/product_brand?post=22888"},{"taxonomy":"product_cat","embeddable":true,"href":"https:\/\/grejanjesrbija.com\/ru\/wp-json\/wp\/v2\/product_cat?post=22888"},{"taxonomy":"product_tag","embeddable":true,"href":"https:\/\/grejanjesrbija.com\/ru\/wp-json\/wp\/v2\/product_tag?post=22888"}],"curies":[{"name":"wp","href":"https:\/\/api.w.org\/{rel}","templated":true}]}}