{"id":22892,"date":"2025-10-24T13:04:12","date_gmt":"2025-10-24T11:04:12","guid":{"rendered":"https:\/\/grejanjesrbija.com\/?post_type=product&#038;p=22892"},"modified":"2026-02-13T13:46:18","modified_gmt":"2026-02-13T12:46:18","slug":"kotao-abc-classic-40kw","status":"publish","type":"product","link":"https:\/\/grejanjesrbija.com\/ru\/proizvod\/kotao-abc-classic-40kw\/","title":{"rendered":"Kotao ABC Classic 40kw"},"content":{"rendered":"<h2 data-start=\"84\" data-end=\"119\"><strong data-start=\"90\" data-end=\"119\">Kotao ABC Classic \u2013 40 kW<\/strong><\/h2>\n<p data-start=\"142\" data-end=\"485\">Kotao <strong data-start=\"148\" data-end=\"169\">ABC Classic 40 kW<\/strong> je \u010deli\u010dni kotao na \u010dvrsto gorivo iz serije &#8222;Classic&#8220; proizvo\u0111a\u010da ABC U\u017eice. Namenjen za grejanje ve\u0107ih stambenih objekata ili poslovnih prostora koji zahtevaju stabilnu snagu i pouzdanu konstrukciju.\u00a0 Mo\u017ee se integrisati u standardne sisteme centralnog grejanja sa prirodnom ili prinudnom cirkulacijom. Idealno re\u0161enje kada je potrebno grejanje visoke snage bez komplikovanih dodataka.<\/p>\n<h3 data-start=\"1500\" data-end=\"1518\">Karakteristike i prednosti<\/h3>\n<ul>\n<li>Robusna \u010deli\u010dna konstrukcija serije \u201cClassic\u201d koja obe\u0107ava dug radni vek<\/li>\n<li>Garancija od 5 godina<\/li>\n<li>Mogu\u0107nost tresa\u010da pepela za bolji dovod vazduha i \u010di\u0161\u0107enje lo\u017ei\u0161ta<\/li>\n<li>Dobre tehni\u010dke vrednosti mase i kapaciteta vode koje omogu\u0107avaju stabilan rad i korektan balans sistema<\/li>\n<li>Standard \u201cClassic\u201d serija nudi upotrebljivost i pouzdanost uz jednostavnu konstrukciju i odr\u017eavanje<\/li>\n<li data-start=\"1596\" data-end=\"1660\">Dobar kapacitet vode (72 L) koji doprinosi stabilnosti sistema<\/li>\n<li data-start=\"1663\" data-end=\"1722\">Standardizovan priklju\u010dak dimnjaka i odgovaraju\u0107a promaja<\/li>\n<\/ul>\n<h3 data-start=\"1729\" data-end=\"1763\">Za\u0161to odabrati ovaj kotao?<\/h3>\n<p data-start=\"1764\" data-end=\"2099\">Ako vam je potrebna pouzdana snaga 40 kW za grejanje ve\u0107eg objekta, <strong data-start=\"1832\" data-end=\"1853\">ABC Classic 40 kW<\/strong> nudi kvalitetnu konstrukciju, garanciju i tehni\u010dki kapacitet koji zadovoljava potrebe Va\u0161eg sistema grejanja. Serija \u201cClassic\u201d je jednostavna za odr\u017eavanje, efikasna i pogodna za korisnike koji tra\u017ee dugotrajan i stabilan rad grejne instalacije.<\/p>","protected":false},"excerpt":{"rendered":"<p>Ako vam je potrebna pouzdana snaga 40 kW za grejanje ve\u0107eg objekta, ABC Classic 40 kW nudi kvalitetnu konstrukciju, garanciju i tehni\u010dki kapacitet koji zadovoljava potrebe Va\u0161eg sistema grejanja.<\/p>","protected":false},"featured_media":17113,"template":"","meta":{"_seopress_robots_primary_cat":"none","_seopress_titles_title":"","_seopress_titles_desc":"Kotao ABC Classic 40 kW \u2013 \u010deli\u010dni kotao na \u010dvrsto gorivo serije Classic sa garancijom 5 godina. Idealan za grejanje ve\u0107ih stambenih ili poslovnih objekata.","_seopress_robots_index":""},"product_brand":[4196],"product_cat":[4193,4189],"product_tag":[],"class_list":{"0":"post-22892","1":"product","2":"type-product","3":"status-publish","4":"has-post-thumbnail","6":"product_brand-abc-uzice","7":"product_cat-celicni-kotlovi","8":"product_cat-kotlovi-na-cvrsto-gorivo","10":"first","11":"instock","12":"shipping-taxable","13":"purchasable","14":"product-type-simple"},"_links":{"self":[{"href":"https:\/\/grejanjesrbija.com\/ru\/wp-json\/wp\/v2\/product\/22892","targetHints":{"allow":["GET"]}}],"collection":[{"href":"https:\/\/grejanjesrbija.com\/ru\/wp-json\/wp\/v2\/product"}],"about":[{"href":"https:\/\/grejanjesrbija.com\/ru\/wp-json\/wp\/v2\/types\/product"}],"wp:featuredmedia":[{"embeddable":true,"href":"https:\/\/grejanjesrbija.com\/ru\/wp-json\/wp\/v2\/media\/17113"}],"wp:attachment":[{"href":"https:\/\/grejanjesrbija.com\/ru\/wp-json\/wp\/v2\/media?parent=22892"}],"wp:term":[{"taxonomy":"product_brand","embeddable":true,"href":"https:\/\/grejanjesrbija.com\/ru\/wp-json\/wp\/v2\/product_brand?post=22892"},{"taxonomy":"product_cat","embeddable":true,"href":"https:\/\/grejanjesrbija.com\/ru\/wp-json\/wp\/v2\/product_cat?post=22892"},{"taxonomy":"product_tag","embeddable":true,"href":"https:\/\/grejanjesrbija.com\/ru\/wp-json\/wp\/v2\/product_tag?post=22892"}],"curies":[{"name":"wp","href":"https:\/\/api.w.org\/{rel}","templated":true}]}}