{"id":22896,"date":"2025-10-24T13:12:03","date_gmt":"2025-10-24T11:12:03","guid":{"rendered":"https:\/\/grejanjesrbija.com\/?post_type=product&#038;p=22896"},"modified":"2026-02-13T13:46:45","modified_gmt":"2026-02-13T12:46:45","slug":"kotao-abc-classic-50kw","status":"publish","type":"product","link":"https:\/\/grejanjesrbija.com\/ru\/proizvod\/kotao-abc-classic-50kw\/","title":{"rendered":"Kotao ABC Classic 50kw"},"content":{"rendered":"<h2 data-start=\"104\" data-end=\"139\"><strong data-start=\"110\" data-end=\"139\">Kotao ABC Classic \u2013 50 kW<\/strong><\/h2>\n<p data-start=\"162\" data-end=\"457\">Kotao <strong data-start=\"168\" data-end=\"189\">ABC Classic 50 kW<\/strong> je \u010deli\u010dni kotao na \u010dvrsto gorivo iz serije &#8222;Classic&#8220;, proizvo\u0111a\u010da ABC U\u017eice. Namenjen je grejanju ve\u0107ih objekata gde je potrebna stabilna i pouzdana snaga grejanja. Standardno dolazi sa garancijom od 5 godina. Mo\u017ee se integrisati u standardne sisteme centralnog grejanja na \u010dvrsto gorivo (drvo \/ ugalj), sa pravilnim dimenzionisanjem dimnjaka i ventilacije prema zahtevima proizvo\u0111a\u010da.<\/p>\n<h3 data-start=\"1500\" data-end=\"1518\">Karakteristike i prednosti<\/h3>\n<ul>\n<li>Robusna \u010deli\u010dna konstrukcija serije \u201cClassic\u201d koja obe\u0107ava dug radni vek<\/li>\n<li>Garancija od 5 godina<\/li>\n<li>Tresa\u010d pepela za bolji dovod vazduha i \u010di\u0161\u0107enje lo\u017ei\u0161ta<\/li>\n<li>Dobre tehni\u010dke vrednosti mase i kapaciteta vode koje omogu\u0107avaju stabilan rad i korektan balans sistema<\/li>\n<li>\u00a0\u201cClassic\u201d serija nudi upotrebljivost i pouzdanost uz jednostavnu konstrukciju i odr\u017eavanje<\/li>\n<li data-start=\"1596\" data-end=\"1660\">Dobar kapacitet vode (87 L) koji doprinosi stabilnosti sistema<\/li>\n<li data-start=\"1663\" data-end=\"1722\">Standardizovan priklju\u010dak dimnjaka i odgovaraju\u0107a promaja (\u00d8 180 mm)<\/li>\n<\/ul>\n<h3 data-start=\"1676\" data-end=\"1710\">Za\u0161to odabrati ovaj kotao?<\/h3>\n<p data-start=\"1711\" data-end=\"1995\">Ako Vam je potrebna pouzdana snaga grejanja od <strong data-start=\"1757\" data-end=\"1766\">50 kW<\/strong> i \u017eelite jednostavan \u010deli\u010dni kotao sa dugoro\u010dnom garancijom i tehni\u010dkom podr\u0161kom, <strong data-start=\"1848\" data-end=\"1869\">ABC Classic 50 kW<\/strong> je kvalitetan izbor. Pru\u017ea efikasnost, stabilnost i konstrukciju prilago\u0111enu zahtevima grejnih sistema sa ve\u0107im optere\u0107enjem.<\/p>","protected":false},"excerpt":{"rendered":"<p>Ako Vam je potrebna pouzdana snaga grejanja od 50 kW i \u017eelite jednostavan \u010deli\u010dni kotao sa dugoro\u010dnom garancijom i tehni\u010dkom podr\u0161kom, ABC Classic 50 kW je kvalitetan izbor. Pru\u017ea efikasnost, stabilnost i konstrukciju prilago\u0111enu zahtevima grejnih sistema sa ve\u0107im optere\u0107enjem.<\/p>","protected":false},"featured_media":17113,"template":"","meta":{"_seopress_robots_primary_cat":"none","_seopress_titles_title":"","_seopress_titles_desc":"Kotao ABC Classic 50 kW \u2013 \u010deli\u010dni kotao na \u010dvrsto gorivo iz serije Classic sa garancijom 5 godina. Idealno re\u0161enje za grejanje ve\u0107ih objekata.","_seopress_robots_index":""},"product_brand":[4196],"product_cat":[4193,4189],"product_tag":[],"class_list":{"0":"post-22896","1":"product","2":"type-product","3":"status-publish","4":"has-post-thumbnail","6":"product_brand-abc-uzice","7":"product_cat-celicni-kotlovi","8":"product_cat-kotlovi-na-cvrsto-gorivo","10":"first","11":"instock","12":"shipping-taxable","13":"purchasable","14":"product-type-simple"},"_links":{"self":[{"href":"https:\/\/grejanjesrbija.com\/ru\/wp-json\/wp\/v2\/product\/22896","targetHints":{"allow":["GET"]}}],"collection":[{"href":"https:\/\/grejanjesrbija.com\/ru\/wp-json\/wp\/v2\/product"}],"about":[{"href":"https:\/\/grejanjesrbija.com\/ru\/wp-json\/wp\/v2\/types\/product"}],"wp:featuredmedia":[{"embeddable":true,"href":"https:\/\/grejanjesrbija.com\/ru\/wp-json\/wp\/v2\/media\/17113"}],"wp:attachment":[{"href":"https:\/\/grejanjesrbija.com\/ru\/wp-json\/wp\/v2\/media?parent=22896"}],"wp:term":[{"taxonomy":"product_brand","embeddable":true,"href":"https:\/\/grejanjesrbija.com\/ru\/wp-json\/wp\/v2\/product_brand?post=22896"},{"taxonomy":"product_cat","embeddable":true,"href":"https:\/\/grejanjesrbija.com\/ru\/wp-json\/wp\/v2\/product_cat?post=22896"},{"taxonomy":"product_tag","embeddable":true,"href":"https:\/\/grejanjesrbija.com\/ru\/wp-json\/wp\/v2\/product_tag?post=22896"}],"curies":[{"name":"wp","href":"https:\/\/api.w.org\/{rel}","templated":true}]}}