{"id":22904,"date":"2025-10-24T13:32:03","date_gmt":"2025-10-24T11:32:03","guid":{"rendered":"https:\/\/grejanjesrbija.com\/?post_type=product&#038;p=22904"},"modified":"2026-02-13T13:47:23","modified_gmt":"2026-02-13T12:47:23","slug":"kotao-abc-classic-80kw","status":"publish","type":"product","link":"https:\/\/grejanjesrbija.com\/ru\/proizvod\/kotao-abc-classic-80kw\/","title":{"rendered":"Kotao ABC Classic 80kw"},"content":{"rendered":"<h2 data-start=\"192\" data-end=\"242\"><strong data-start=\"196\" data-end=\"240\">Kotao ABC Classic &#8211; 80 kW\u00a0<\/strong><\/h2>\n<p data-start=\"243\" data-end=\"537\">Kotao <strong data-start=\"249\" data-end=\"270\">ABC Classic 80 kW<\/strong> je \u010deli\u010dni kotao za centralno grejanje, dizajniran za pouzdano i ekonomi\u010dno grejanje ve\u0107ih stambenih i poslovnih objekata. Moderni sistem sagorevanja omogu\u0107ava visok stepen iskori\u0161\u0107enja, dok robusna konstrukcija garantuje dug vek trajanja i jednostavno odr\u017eavanje. Mo\u017ee se integrisati u standardne sisteme centralnog grejanja na \u010dvrsto gorivo (drvo \/ ugalj), sa pravilnim dimenzionisanjem dimnjaka i ventilacije prema zahtevima proizvo\u0111a\u010da.<\/p>\n<h3 data-start=\"1500\" data-end=\"1518\">Karakteristike i prednosti<\/h3>\n<ul>\n<li>Robusna \u010deli\u010dna konstrukcija serije \u201cClassic\u201d koja obe\u0107ava dug radni vek<\/li>\n<li>Garancija od 5 godina<\/li>\n<li>Tresa\u010d pepela za bolji dovod vazduha i \u010di\u0161\u0107enje lo\u017ei\u0161ta<\/li>\n<li>Dobre tehni\u010dke vrednosti mase i kapaciteta vode koje omogu\u0107avaju stabilan rad i korektan balans sistema<\/li>\n<li>\u00a0\u201cClassic\u201d serija nudi upotrebljivost i pouzdanost uz jednostavnu konstrukciju i odr\u017eavanje<\/li>\n<li data-start=\"1596\" data-end=\"1660\">Dobar kapacitet vode (120 L) koji doprinosi stabilnosti sistema<\/li>\n<li data-start=\"1663\" data-end=\"1722\">Standardizovan priklju\u010dak dimnjaka i odgovaraju\u0107a promaja (\u00d8 180 mm)<\/li>\n<\/ul>\n<h3 data-start=\"1676\" data-end=\"1710\">Za\u0161to odabrati ovaj kotao?<\/h3>\n<p data-start=\"1503\" data-end=\"1853\">Kupovina kotla ABC Classic 80 kW predstavlja sigurnu i dugoro\u010dnu investiciju u kvalitetno grejanje. Kombinuje visoku efikasnost, pouzdanost i dug vek trajanja, \u0161to ga \u010dini idealnim izborom za ve\u0107e objekte. Njegova jednostavna upotreba, niska potro\u0161nja energije i ekolo\u0161ki prihvatljiv rad osiguravaju maksimalan komfor uz minimalne tro\u0161kove.<\/p>\n<p data-start=\"243\" data-end=\"537\">","protected":false},"excerpt":{"rendered":"<p data-start=\"1855\" data-end=\"1999\">Odabirom ABC Classic 80 kW dobijate stabilno, ekonomi\u010dno i sigurno grejanje, prilago\u0111eno potrebama velikih stambenih i poslovnih prostora.<\/p>\n<h3 data-start=\"2001\" data-end=\"2020\"><\/h3>","protected":false},"featured_media":17113,"template":"","meta":{"_seopress_robots_primary_cat":"none","_seopress_titles_title":"","_seopress_titles_desc":"Kotao ABC Classic 80 kW \u2013 pouzdan i energetski efikasan kotao za centralno grejanje velikih stambenih i poslovnih objekata.","_seopress_robots_index":""},"product_brand":[4196],"product_cat":[4193,4189],"product_tag":[],"class_list":{"0":"post-22904","1":"product","2":"type-product","3":"status-publish","4":"has-post-thumbnail","6":"product_brand-abc-uzice","7":"product_cat-celicni-kotlovi","8":"product_cat-kotlovi-na-cvrsto-gorivo","10":"first","11":"instock","12":"shipping-taxable","13":"purchasable","14":"product-type-simple"},"_links":{"self":[{"href":"https:\/\/grejanjesrbija.com\/ru\/wp-json\/wp\/v2\/product\/22904","targetHints":{"allow":["GET"]}}],"collection":[{"href":"https:\/\/grejanjesrbija.com\/ru\/wp-json\/wp\/v2\/product"}],"about":[{"href":"https:\/\/grejanjesrbija.com\/ru\/wp-json\/wp\/v2\/types\/product"}],"wp:featuredmedia":[{"embeddable":true,"href":"https:\/\/grejanjesrbija.com\/ru\/wp-json\/wp\/v2\/media\/17113"}],"wp:attachment":[{"href":"https:\/\/grejanjesrbija.com\/ru\/wp-json\/wp\/v2\/media?parent=22904"}],"wp:term":[{"taxonomy":"product_brand","embeddable":true,"href":"https:\/\/grejanjesrbija.com\/ru\/wp-json\/wp\/v2\/product_brand?post=22904"},{"taxonomy":"product_cat","embeddable":true,"href":"https:\/\/grejanjesrbija.com\/ru\/wp-json\/wp\/v2\/product_cat?post=22904"},{"taxonomy":"product_tag","embeddable":true,"href":"https:\/\/grejanjesrbija.com\/ru\/wp-json\/wp\/v2\/product_tag?post=22904"}],"curies":[{"name":"wp","href":"https:\/\/api.w.org\/{rel}","templated":true}]}}