{"id":22911,"date":"2025-10-24T13:49:25","date_gmt":"2025-10-24T11:49:25","guid":{"rendered":"https:\/\/grejanjesrbija.com\/?post_type=product&#038;p=22911"},"modified":"2026-02-13T13:47:45","modified_gmt":"2026-02-13T12:47:45","slug":"kotao-abc-classic-100kw","status":"publish","type":"product","link":"https:\/\/grejanjesrbija.com\/ru\/proizvod\/kotao-abc-classic-100kw\/","title":{"rendered":"Kotao ABC Classic 100kw"},"content":{"rendered":"<h2 data-start=\"119\" data-end=\"170\"><strong data-start=\"123\" data-end=\"168\">Kotao ABC Classic &#8211; 100 kW\u00a0<\/strong><\/h2>\n<p data-start=\"171\" data-end=\"520\">Kotao ABC Classic 100 kW je sna\u017ean \u010deli\u010dni kotao za centralno grejanje, dizajniran za pouzdano i ekonomi\u010dno grejanje velikih stambenih, poslovnih i industrijskih objekata. Opremljen modernim sistemom sagorevanja, omogu\u0107ava visok stepen iskori\u0161\u0107enja goriva, dok njegova robustna konstrukcija garantuje dug vek trajanja i jednostavno odr\u017eavanje. Njegova modularna konstrukcija omogu\u0107ava lako povezivanje sa postoje\u0107im sistemima grejanja, a stabilan i pouzdan rad osigurava maksimalan komfor tokom cele grejne sezone.<\/p>\n<h3 data-start=\"1500\" data-end=\"1518\">Karakteristike i prednosti<\/h3>\n<ul>\n<li>Robusna \u010deli\u010dna konstrukcija serije \u201cClassic\u201d koja obe\u0107ava dug radni vek<\/li>\n<li>Garancija od 5 godina<\/li>\n<li>Tresa\u010d pepela za bolji dovod vazduha i \u010di\u0161\u0107enje lo\u017ei\u0161ta<\/li>\n<li>Dobre tehni\u010dke vrednosti mase i kapaciteta vode koje omogu\u0107avaju stabilan rad i korektan balans sistema<\/li>\n<li>\u201cClassic\u201d serija nudi upotrebljivost i pouzdanost uz jednostavnu konstrukciju i odr\u017eavanje<\/li>\n<li data-start=\"1596\" data-end=\"1660\">Dobar kapacitet vode (137 L) koji doprinosi stabilnosti sistema<\/li>\n<li data-start=\"1663\" data-end=\"1722\">Standardizovan priklju\u010dak dimnjaka i odgovaraju\u0107a promaja (\u00d8 200 mm)<\/li>\n<\/ul>\n<h3 data-start=\"1676\" data-end=\"1710\">Za\u0161to odabrati ovaj kotao?<\/h3>\n<p data-start=\"1499\" data-end=\"1814\">Kotao ABC Classic 100 kW je sigurna i dugoro\u010dna investicija u kvalitetno grejanje. Pru\u017ea visoku efikasnost, pouzdanost i dug vek trajanja, \u0161to ga \u010dini idealnim za velike objekte. Jednostavan je za upotrebu, energetski efikasan i ekolo\u0161ki prihvatljiv, \u0161to garantuje maksimalni komfor uz minimalne tro\u0161kove.<\/p>\n<p data-start=\"1816\" data-end=\"1976\">","protected":false},"excerpt":{"rendered":"<p data-start=\"1816\" data-end=\"1976\">Odabirom ABC Classic 100 kW dobijate stabilno, ekonomi\u010dno i sigurno grejanje, prilago\u0111eno potrebama velikih stambenih, poslovnih i industrijskih objekata.<\/p>\n<h3 data-start=\"1978\" data-end=\"1997\"><\/h3>","protected":false},"featured_media":17113,"template":"","meta":{"_seopress_robots_primary_cat":"none","_seopress_titles_title":"","_seopress_titles_desc":"Kotao ABC Classic 100 kW \u2013 pouzdan i energetski efikasan kotao za centralno grejanje velikih stambenih, poslovnih i industrijskih objekata.","_seopress_robots_index":""},"product_brand":[4196],"product_cat":[4193,4189],"product_tag":[],"class_list":{"0":"post-22911","1":"product","2":"type-product","3":"status-publish","4":"has-post-thumbnail","6":"product_brand-abc-uzice","7":"product_cat-celicni-kotlovi","8":"product_cat-kotlovi-na-cvrsto-gorivo","10":"first","11":"instock","12":"shipping-taxable","13":"purchasable","14":"product-type-simple"},"_links":{"self":[{"href":"https:\/\/grejanjesrbija.com\/ru\/wp-json\/wp\/v2\/product\/22911","targetHints":{"allow":["GET"]}}],"collection":[{"href":"https:\/\/grejanjesrbija.com\/ru\/wp-json\/wp\/v2\/product"}],"about":[{"href":"https:\/\/grejanjesrbija.com\/ru\/wp-json\/wp\/v2\/types\/product"}],"wp:featuredmedia":[{"embeddable":true,"href":"https:\/\/grejanjesrbija.com\/ru\/wp-json\/wp\/v2\/media\/17113"}],"wp:attachment":[{"href":"https:\/\/grejanjesrbija.com\/ru\/wp-json\/wp\/v2\/media?parent=22911"}],"wp:term":[{"taxonomy":"product_brand","embeddable":true,"href":"https:\/\/grejanjesrbija.com\/ru\/wp-json\/wp\/v2\/product_brand?post=22911"},{"taxonomy":"product_cat","embeddable":true,"href":"https:\/\/grejanjesrbija.com\/ru\/wp-json\/wp\/v2\/product_cat?post=22911"},{"taxonomy":"product_tag","embeddable":true,"href":"https:\/\/grejanjesrbija.com\/ru\/wp-json\/wp\/v2\/product_tag?post=22911"}],"curies":[{"name":"wp","href":"https:\/\/api.w.org\/{rel}","templated":true}]}}