{"id":22922,"date":"2025-10-24T14:36:46","date_gmt":"2025-10-24T12:36:46","guid":{"rendered":"https:\/\/grejanjesrbija.com\/?post_type=product&#038;p=22922"},"modified":"2026-02-05T14:14:10","modified_gmt":"2026-02-05T13:14:10","slug":"kotao-abc-economic-33kw","status":"publish","type":"product","link":"https:\/\/grejanjesrbija.com\/ru\/proizvod\/kotao-abc-economic-33kw\/","title":{"rendered":"Kotao ABC Economic 33kw"},"content":{"rendered":"<h2 data-start=\"124\" data-end=\"175\"><strong data-start=\"128\" data-end=\"173\">Kotao ABC Economic &#8211; 33 kW\u00a0<\/strong><\/h2>\n<p data-start=\"176\" data-end=\"516\">Kotao <strong data-start=\"182\" data-end=\"204\">ABC Economic 33 kW<\/strong> je moderan \u010deli\u010dni kotao za centralno grejanje, namenjen pouzdanom i ekonomi\u010dnom grejanju stambenih i manjih poslovnih objekata. Zahvaljuju\u0107i savremenom sistemu sagorevanja i kvalitetnoj izradi, ovaj model obezbe\u0111uje visok stepen iskori\u0161\u0107enja goriva, stabilan rad i dug vek trajanja uz jednostavno odr\u017eavanje. Njegov kompaktan dizajn i stabilne performanse omogu\u0107avaju lako uklapanje u razli\u010dite sisteme grejanja, uz pouzdan rad tokom cele grejne sezone.<\/p>\n<h3 data-start=\"491\" data-end=\"535\"><strong data-start=\"495\" data-end=\"533\">Karakteristike i prednosti\u00a0<\/strong><\/h3>\n<ul>\n<li data-start=\"538\" data-end=\"622\">Maksimalno iskori\u0161\u0107enje energije uz nisku potro\u0161nju goriva.<\/li>\n<li data-start=\"625\" data-end=\"726\">\u010celi\u010dna konstrukcija otporna na koroziju i temperaturne promene.<\/li>\n<li data-start=\"804\" data-end=\"916\">Smanjena emisija \u0161tetnih gasova zahvaljuju\u0107i savremenoj tehnologiji sagorevanja.<\/li>\n<li data-start=\"919\" data-end=\"990\">Idealan za manje stambene objekte.<\/li>\n<li>Kotao ima dve vertikalne promaje.<\/li>\n<li>Tresa\u010d pepela koji spre\u010dava zatvaranje me\u0111ucevnog prostora u lo\u017ei\u0161tu produktima sagorevanja \u010dime se omogu\u0107uje bolji dovod sve\u017eeg vazduha u zonu sagorevanja.<\/li>\n<li>Pepeljara za lak\u0161e skupljanje i izno\u0161enje pepela iz kotla.<\/li>\n<li>Otvor za \u010di\u0161\u0107cenje sa gornje strane.<\/li>\n<li>Klapna za regulaciju protoka dimnih gasova.<\/li>\n<\/ul>\n<p>&nbsp;<\/p>\n<h3 data-start=\"1423\" data-end=\"1470\"><strong data-start=\"1427\" data-end=\"1468\">Za\u0161to kupiti Kotao ABC Economic 33 kW?<\/strong><\/h3>\n<p data-start=\"1471\" data-end=\"1786\">Kupovinom kotla ABC Economic 33 kW dobijate pouzdan, efikasan i ekonomi\u010dan sistem grejanja za Va\u0161 dom ili poslovni prostor. Kombinuje visoku energetsku efikasnost, jednostavno rukovanje i niske tro\u0161kove eksploatacije. Napravljen od kvalitetnog \u010delika, ovaj kotao obezbe\u0111uje dugotrajno i bezbedno grejanje.<\/p>\n<p data-start=\"176\" data-end=\"516\">","protected":false},"excerpt":{"rendered":"<p>Kotao ABC Economic &#8211; 33 kW kombinuje visoku energetsku efikasnost, jednostavno rukovanje i niske tro\u0161kove eksploatacije. Napravljen od kvalitetnog \u010delika, ovaj kotao obezbe\u0111uje dugotrajno i bezbedno grejanje.<\/p>","protected":false},"featured_media":17215,"template":"","meta":{"_seopress_robots_primary_cat":"none","_seopress_titles_title":"","_seopress_titles_desc":"Kotao ABC Economic 33 kW \u2013 pouzdan, ekonomi\u010dan i energetski efikasan \u010deli\u010dni kotao za centralno grejanje ku\u0107a i manjih poslovnih objekata.","_seopress_robots_index":""},"product_brand":[4196],"product_cat":[4193,4189],"product_tag":[],"class_list":{"0":"post-22922","1":"product","2":"type-product","3":"status-publish","4":"has-post-thumbnail","6":"product_brand-abc-uzice","7":"product_cat-celicni-kotlovi","8":"product_cat-kotlovi-na-cvrsto-gorivo","10":"first","11":"instock","12":"shipping-taxable","13":"purchasable","14":"product-type-simple"},"_links":{"self":[{"href":"https:\/\/grejanjesrbija.com\/ru\/wp-json\/wp\/v2\/product\/22922","targetHints":{"allow":["GET"]}}],"collection":[{"href":"https:\/\/grejanjesrbija.com\/ru\/wp-json\/wp\/v2\/product"}],"about":[{"href":"https:\/\/grejanjesrbija.com\/ru\/wp-json\/wp\/v2\/types\/product"}],"wp:featuredmedia":[{"embeddable":true,"href":"https:\/\/grejanjesrbija.com\/ru\/wp-json\/wp\/v2\/media\/17215"}],"wp:attachment":[{"href":"https:\/\/grejanjesrbija.com\/ru\/wp-json\/wp\/v2\/media?parent=22922"}],"wp:term":[{"taxonomy":"product_brand","embeddable":true,"href":"https:\/\/grejanjesrbija.com\/ru\/wp-json\/wp\/v2\/product_brand?post=22922"},{"taxonomy":"product_cat","embeddable":true,"href":"https:\/\/grejanjesrbija.com\/ru\/wp-json\/wp\/v2\/product_cat?post=22922"},{"taxonomy":"product_tag","embeddable":true,"href":"https:\/\/grejanjesrbija.com\/ru\/wp-json\/wp\/v2\/product_tag?post=22922"}],"curies":[{"name":"wp","href":"https:\/\/api.w.org\/{rel}","templated":true}]}}