{"id":22926,"date":"2025-10-24T15:07:05","date_gmt":"2025-10-24T13:07:05","guid":{"rendered":"https:\/\/grejanjesrbija.com\/?post_type=product&#038;p=22926"},"modified":"2026-02-05T14:15:01","modified_gmt":"2026-02-05T13:15:01","slug":"kotao-abc-economic-40kw","status":"publish","type":"product","link":"https:\/\/grejanjesrbija.com\/ru\/proizvod\/kotao-abc-economic-40kw\/","title":{"rendered":"Kotao ABC Economic 40kw"},"content":{"rendered":"<h2 data-start=\"133\" data-end=\"184\"><strong>Kotao ABC Economic &#8211; 40 kW\u00a0<\/strong><\/h2>\n<p data-start=\"185\" data-end=\"531\">Kotao <strong data-start=\"191\" data-end=\"213\">ABC Economic 40 kW<\/strong> je sna\u017ean i pouzdan \u010deli\u010dni kotao za centralno grejanje, namenjen efikasnom i ekonomi\u010dnom grejanju ve\u0107ih stambenih i manjih poslovnih objekata. Zahvaljuju\u0107i savremenoj tehnologiji sagorevanja i robusnoj konstrukciji, ovaj model obezbe\u0111uje visok stepen iskori\u0161\u0107enja goriva, dug vek trajanja i jednostavno odr\u017eavanje. Njegova kompaktna konstrukcija omogu\u0107ava lako povezivanje u postoje\u0107e sisteme grejanja, a stabilan i pouzdan rad garantuje udobnost tokom grejne sezone.<\/p>\n<h3 data-start=\"491\" data-end=\"535\"><strong data-start=\"495\" data-end=\"533\">Karakteristike i prednosti\u00a0<\/strong><\/h3>\n<ul>\n<li data-start=\"538\" data-end=\"622\">Maksimalno iskori\u0161\u0107enje energije uz nisku potro\u0161nju goriva.<\/li>\n<li data-start=\"625\" data-end=\"726\">\u010celi\u010dna konstrukcija otporna na koroziju i temperaturne promene.<\/li>\n<li data-start=\"804\" data-end=\"916\">Smanjena emisija \u0161tetnih gasova zahvaljuju\u0107i savremenoj tehnologiji sagorevanja.<\/li>\n<li data-start=\"919\" data-end=\"990\">Idealan za manje stambene objekte.<\/li>\n<li>Kotao ima dve vertikalne promaje.<\/li>\n<li>Tresa\u010d pepela koji spre\u010dava zatvaranje me\u0111ucevnog prostora u lo\u017ei\u0161tu produktima sagorevanja \u010dime se omogu\u0107uje bolji dovod sve\u017eeg vazduha u zonu sagorevanja.<\/li>\n<li>Pepeljara za lak\u0161e skupljanje i izno\u0161enje pepela iz kotla.<\/li>\n<li>Otvor za \u010di\u0161\u0107cenje sa gornje strane.<\/li>\n<li>Klapna za regulaciju protoka dimnih gasova.<\/li>\n<\/ul>\n<h3 data-start=\"1507\" data-end=\"1554\"><strong data-start=\"1511\" data-end=\"1552\">Za\u0161to kupiti Kotao ABC Economic 40 kW<\/strong><\/h3>\n<p data-start=\"1555\" data-end=\"1897\">Kupovinom kotla ABC Economic 40 kW investirate u pouzdan, efikasan i dugotrajan sistem grejanja koji garantuje stabilnu temperaturu i nisku potro\u0161nju goriva. Ovaj model kombinuje kvalitetnu izradu, jednostavno rukovanje i odli\u010dnu energetsku efikasnost, \u010dine\u0107i ga idealnim izborom za sve koji tra\u017ee sigurno grejanje po razumnoj ceni.<\/p>","protected":false},"excerpt":{"rendered":"<p data-start=\"1899\" data-end=\"2050\">Odabirom ABC Economic 40 kW dobijate stabilno, ekonomi\u010dno i bezbedno grejanje, prilago\u0111eno zahtevima ve\u0107ih doma\u0107instava i poslovnih prostora.<\/p>\n<h3 data-start=\"2052\" data-end=\"2071\"><\/h3>","protected":false},"featured_media":17215,"template":"","meta":{"_seopress_robots_primary_cat":"none","_seopress_titles_title":"","_seopress_titles_desc":"Kotao ABC Economic 40 kW \u2013 pouzdan, efikasan i ekonomi\u010dan \u010deli\u010dni kotao za centralno grejanje ve\u0107ih stambenih i manjih poslovnih objekata.","_seopress_robots_index":""},"product_brand":[4196],"product_cat":[4193,4189],"product_tag":[],"class_list":{"0":"post-22926","1":"product","2":"type-product","3":"status-publish","4":"has-post-thumbnail","6":"product_brand-abc-uzice","7":"product_cat-celicni-kotlovi","8":"product_cat-kotlovi-na-cvrsto-gorivo","10":"first","11":"instock","12":"shipping-taxable","13":"purchasable","14":"product-type-simple"},"_links":{"self":[{"href":"https:\/\/grejanjesrbija.com\/ru\/wp-json\/wp\/v2\/product\/22926","targetHints":{"allow":["GET"]}}],"collection":[{"href":"https:\/\/grejanjesrbija.com\/ru\/wp-json\/wp\/v2\/product"}],"about":[{"href":"https:\/\/grejanjesrbija.com\/ru\/wp-json\/wp\/v2\/types\/product"}],"wp:featuredmedia":[{"embeddable":true,"href":"https:\/\/grejanjesrbija.com\/ru\/wp-json\/wp\/v2\/media\/17215"}],"wp:attachment":[{"href":"https:\/\/grejanjesrbija.com\/ru\/wp-json\/wp\/v2\/media?parent=22926"}],"wp:term":[{"taxonomy":"product_brand","embeddable":true,"href":"https:\/\/grejanjesrbija.com\/ru\/wp-json\/wp\/v2\/product_brand?post=22926"},{"taxonomy":"product_cat","embeddable":true,"href":"https:\/\/grejanjesrbija.com\/ru\/wp-json\/wp\/v2\/product_cat?post=22926"},{"taxonomy":"product_tag","embeddable":true,"href":"https:\/\/grejanjesrbija.com\/ru\/wp-json\/wp\/v2\/product_tag?post=22926"}],"curies":[{"name":"wp","href":"https:\/\/api.w.org\/{rel}","templated":true}]}}