{"id":22930,"date":"2025-10-24T15:13:19","date_gmt":"2025-10-24T13:13:19","guid":{"rendered":"https:\/\/grejanjesrbija.com\/?post_type=product&#038;p=22930"},"modified":"2026-02-05T14:15:45","modified_gmt":"2026-02-05T13:15:45","slug":"kotao-abc-economic-55kw","status":"publish","type":"product","link":"https:\/\/grejanjesrbija.com\/ru\/proizvod\/kotao-abc-economic-55kw\/","title":{"rendered":"Kotao ABC Economic 55kw"},"content":{"rendered":"<h2 data-start=\"124\" data-end=\"175\"><strong data-start=\"128\" data-end=\"173\">Kotao ABC Economic &#8211; 55 kW\u00a0<\/strong><\/h2>\n<p data-start=\"176\" data-end=\"521\">Kotao <strong data-start=\"182\" data-end=\"204\">ABC Economic 55 kW<\/strong> je \u010deli\u010dni kotao za centralno grejanje, namenjen grejanju ve\u0107ih stambenih, poslovnih i manjih industrijskih objekata. Kombinuje visoku energetsku efikasnost, pouzdan rad i jednostavno odr\u017eavanje. Zahvaljuju\u0107i modernoj tehnologiji sagorevanja, ovaj model omogu\u0107ava maksimalno iskori\u0161\u0107enje goriva i dug vek trajanja. Njegova kompaktna konstrukcija omogu\u0107ava lako povezivanje u postoje\u0107e sisteme grejanja, a stabilan i pouzdan rad garantuje udobnost tokom grejne sezone.<\/p>\n<h3 data-start=\"491\" data-end=\"535\"><strong data-start=\"495\" data-end=\"533\">Karakteristike i prednosti\u00a0<\/strong><\/h3>\n<ul>\n<li data-start=\"538\" data-end=\"622\">Maksimalno iskori\u0161\u0107enje energije uz nisku potro\u0161nju goriva.<\/li>\n<li data-start=\"625\" data-end=\"726\">\u010celi\u010dna konstrukcija otporna na koroziju i temperaturne promene.<\/li>\n<li data-start=\"804\" data-end=\"916\">Smanjena emisija \u0161tetnih gasova zahvaljuju\u0107i savremenoj tehnologiji sagorevanja.<\/li>\n<li data-start=\"919\" data-end=\"990\">Idealan za manje stambene objekte.<\/li>\n<li>Kotao ima dve vertikalne promaje.<\/li>\n<li>Tresa\u010d pepela koji spre\u010dava zatvaranje me\u0111ucevnog prostora u lo\u017ei\u0161tu produktima sagorevanja \u010dime se omogu\u0107uje bolji dovod sve\u017eeg vazduha u zonu sagorevanja.<\/li>\n<li>Pepeljara za lak\u0161e skupljanje i izno\u0161enje pepela iz kotla.<\/li>\n<li>Otvor za \u010di\u0161\u0107cenje sa gornje strane.<\/li>\n<li>Klapna za regulaciju protoka dimnih gasova.<\/li>\n<\/ul>\n<h3 data-start=\"1391\" data-end=\"1438\"><strong data-start=\"1395\" data-end=\"1436\">Za\u0161to kupiti Kotao ABC Economic 55 kW?<\/strong><\/h3>\n<p data-start=\"1439\" data-end=\"1747\">Kupovinom kotla ABC Economic 55 kW dobijate pouzdan, efikasan i dugotrajan sistem grejanja idealan za ve\u0107e objekte. Ovaj model nudi odli\u010dne performanse, jednostavnu upotrebu i visok nivo sigurnosti. Napravljen je od kvalitetnog \u010delika i projektovan za dugoro\u010dnu upotrebu uz minimalne tro\u0161kove rada.<\/p>","protected":false},"excerpt":{"rendered":"<p data-start=\"1749\" data-end=\"1916\">Odabirom ABC Economic 55 kW obezbe\u0111ujete ekonomi\u010dno, stabilno i bezbedno grejanje, koje zadovoljava potrebe doma\u0107instava, poslovnih i industrijskih prostora.<\/p>\n<h3 data-start=\"1918\" data-end=\"1937\"><\/h3>","protected":false},"featured_media":17215,"template":"","meta":{"_seopress_robots_primary_cat":"none","_seopress_titles_title":"","_seopress_titles_desc":"Kotao ABC Economic 55 kW \u2013 pouzdan, efikasan i dugotrajan \u010deli\u010dni kotao za centralno grejanje ve\u0107ih stambenih, poslovnih i industrijskih objekata.","_seopress_robots_index":""},"product_brand":[4196],"product_cat":[4193,4189],"product_tag":[],"class_list":{"0":"post-22930","1":"product","2":"type-product","3":"status-publish","4":"has-post-thumbnail","6":"product_brand-abc-uzice","7":"product_cat-celicni-kotlovi","8":"product_cat-kotlovi-na-cvrsto-gorivo","10":"first","11":"instock","12":"shipping-taxable","13":"purchasable","14":"product-type-simple"},"_links":{"self":[{"href":"https:\/\/grejanjesrbija.com\/ru\/wp-json\/wp\/v2\/product\/22930","targetHints":{"allow":["GET"]}}],"collection":[{"href":"https:\/\/grejanjesrbija.com\/ru\/wp-json\/wp\/v2\/product"}],"about":[{"href":"https:\/\/grejanjesrbija.com\/ru\/wp-json\/wp\/v2\/types\/product"}],"wp:featuredmedia":[{"embeddable":true,"href":"https:\/\/grejanjesrbija.com\/ru\/wp-json\/wp\/v2\/media\/17215"}],"wp:attachment":[{"href":"https:\/\/grejanjesrbija.com\/ru\/wp-json\/wp\/v2\/media?parent=22930"}],"wp:term":[{"taxonomy":"product_brand","embeddable":true,"href":"https:\/\/grejanjesrbija.com\/ru\/wp-json\/wp\/v2\/product_brand?post=22930"},{"taxonomy":"product_cat","embeddable":true,"href":"https:\/\/grejanjesrbija.com\/ru\/wp-json\/wp\/v2\/product_cat?post=22930"},{"taxonomy":"product_tag","embeddable":true,"href":"https:\/\/grejanjesrbija.com\/ru\/wp-json\/wp\/v2\/product_tag?post=22930"}],"curies":[{"name":"wp","href":"https:\/\/api.w.org\/{rel}","templated":true}]}}