{"id":22941,"date":"2025-10-24T15:36:29","date_gmt":"2025-10-24T13:36:29","guid":{"rendered":"https:\/\/grejanjesrbija.com\/?post_type=product&#038;p=22941"},"modified":"2026-02-05T14:16:17","modified_gmt":"2026-02-05T13:16:17","slug":"kotao-abc-economic-65kw","status":"publish","type":"product","link":"https:\/\/grejanjesrbija.com\/ru\/proizvod\/kotao-abc-economic-65kw\/","title":{"rendered":"Kotao ABC Economic 65kw"},"content":{"rendered":"<h2 data-start=\"129\" data-end=\"180\"><strong data-start=\"133\" data-end=\"178\">Kotao ABC Economic &#8211; 65 kW\u00a0<\/strong><\/h2>\n<p data-start=\"181\" data-end=\"534\">Kotao <strong data-start=\"187\" data-end=\"209\">ABC Economic 65 kW<\/strong> je sna\u017ean i pouzdan \u010deli\u010dni kotao za centralno grejanje, namenjen efikasnom i ekonomi\u010dnom zagrevanju ve\u0107ih stambenih, poslovnih i industrijskih objekata. Ovaj model kombinuje modernu tehnologiju sagorevanja sa robusnom konstrukcijom, \u0161to obezbe\u0111uje visok stepen iskori\u0161\u0107enja goriva, dug radni vek i jednostavno odr\u017eavanje. Njegova kompaktna konstrukcija omogu\u0107ava lako povezivanje u postoje\u0107e sisteme grejanja, a stabilan i pouzdan rad garantuje udobnost tokom grejne sezone.<\/p>\n<h3 data-start=\"491\" data-end=\"535\"><strong data-start=\"495\" data-end=\"533\">Karakteristike i prednosti\u00a0<\/strong><\/h3>\n<ul>\n<li data-start=\"538\" data-end=\"622\">Maksimalno iskori\u0161\u0107enje energije uz nisku potro\u0161nju goriva.<\/li>\n<li data-start=\"625\" data-end=\"726\">\u010celi\u010dna konstrukcija otporna na koroziju i temperaturne promene.<\/li>\n<li data-start=\"804\" data-end=\"916\">Smanjena emisija \u0161tetnih gasova zahvaljuju\u0107i savremenoj tehnologiji sagorevanja.<\/li>\n<li data-start=\"919\" data-end=\"990\">Idealan za manje stambene objekte.<\/li>\n<li>Kotao ima dve vertikalne promaje.<\/li>\n<li>Tresa\u010d pepela koji spre\u010dava zatvaranje me\u0111ucevnog prostora u lo\u017ei\u0161tu produktima sagorevanja \u010dime se omogu\u0107uje bolji dovod sve\u017eeg vazduha u zonu sagorevanja.<\/li>\n<li>Pepeljara za lak\u0161e skupljanje i izno\u0161enje pepela iz kotla.<\/li>\n<li>Otvor za \u010di\u0161\u0107cenje sa gornje strane.<\/li>\n<li>Klapna za regulaciju protoka dimnih gasova.<\/li>\n<\/ul>\n<h3 data-start=\"1465\" data-end=\"1512\"><strong data-start=\"1469\" data-end=\"1510\">Za\u0161to kupiti Kotao ABC Economic 65 kW?<\/strong><\/h3>\n<p data-start=\"1513\" data-end=\"1862\">Kupovina kotla ABC Economic 65 kW zna\u010di ulaganje u dugoro\u010dno, stabilno i ekonomi\u010dno grejanje. Ovaj model je savr\u0161en izbor za objekte koji zahtevaju pouzdanu isporuku toplote uz nisku potro\u0161nju goriva i minimalno odr\u017eavanje. Njegova robustna \u010deli\u010dna konstrukcija i napredni sistem sagorevanja garantuju dug vek trajanja i visoku efikasnost.<\/p>","protected":false},"excerpt":{"rendered":"<p data-start=\"1864\" data-end=\"2015\">Odabirom ABC Economic 65 kW obezbe\u0111ujete sigurno, ekonomi\u010dno i efikasno grejanje, idealno za ve\u0107e stambene, poslovne i industrijske prostore.<\/p>\n<h3 data-start=\"2017\" data-end=\"2036\"><\/h3>","protected":false},"featured_media":17215,"template":"","meta":{"_seopress_robots_primary_cat":"none","_seopress_titles_title":"","_seopress_titles_desc":"Kotao ABC Economic 65 kW \u2013 sna\u017ean, efikasan i pouzdan \u010deli\u010dni kotao za centralno grejanje velikih stambenih, poslovnih i industrijskih objekata.","_seopress_robots_index":""},"product_brand":[4196],"product_cat":[4193,4189],"product_tag":[],"class_list":{"0":"post-22941","1":"product","2":"type-product","3":"status-publish","4":"has-post-thumbnail","6":"product_brand-abc-uzice","7":"product_cat-celicni-kotlovi","8":"product_cat-kotlovi-na-cvrsto-gorivo","10":"first","11":"instock","12":"shipping-taxable","13":"purchasable","14":"product-type-simple"},"_links":{"self":[{"href":"https:\/\/grejanjesrbija.com\/ru\/wp-json\/wp\/v2\/product\/22941","targetHints":{"allow":["GET"]}}],"collection":[{"href":"https:\/\/grejanjesrbija.com\/ru\/wp-json\/wp\/v2\/product"}],"about":[{"href":"https:\/\/grejanjesrbija.com\/ru\/wp-json\/wp\/v2\/types\/product"}],"wp:featuredmedia":[{"embeddable":true,"href":"https:\/\/grejanjesrbija.com\/ru\/wp-json\/wp\/v2\/media\/17215"}],"wp:attachment":[{"href":"https:\/\/grejanjesrbija.com\/ru\/wp-json\/wp\/v2\/media?parent=22941"}],"wp:term":[{"taxonomy":"product_brand","embeddable":true,"href":"https:\/\/grejanjesrbija.com\/ru\/wp-json\/wp\/v2\/product_brand?post=22941"},{"taxonomy":"product_cat","embeddable":true,"href":"https:\/\/grejanjesrbija.com\/ru\/wp-json\/wp\/v2\/product_cat?post=22941"},{"taxonomy":"product_tag","embeddable":true,"href":"https:\/\/grejanjesrbija.com\/ru\/wp-json\/wp\/v2\/product_tag?post=22941"}],"curies":[{"name":"wp","href":"https:\/\/api.w.org\/{rel}","templated":true}]}}