{"id":23046,"date":"2025-10-25T08:28:17","date_gmt":"2025-10-25T06:28:17","guid":{"rendered":"https:\/\/grejanjesrbija.com\/?post_type=product&#038;p=23046"},"modified":"2026-02-05T14:17:01","modified_gmt":"2026-02-05T13:17:01","slug":"kotao-abc-economic-75kw","status":"publish","type":"product","link":"https:\/\/grejanjesrbija.com\/ru\/proizvod\/kotao-abc-economic-75kw\/","title":{"rendered":"Kotao ABC Economic 75kw"},"content":{"rendered":"<h2 data-start=\"159\" data-end=\"210\"><strong data-start=\"163\" data-end=\"208\">Kotao ABC Economic &#8211; 75 kW\u00a0<\/strong><\/h2>\n<p data-start=\"211\" data-end=\"540\">Kotao <strong data-start=\"217\" data-end=\"239\">ABC Economic 75 kW<\/strong> je sna\u017ean i efikasan \u010deli\u010dni kotao za centralno grejanje, namenjen pouzdanom zagrevanju velikih stambenih, poslovnih i industrijskih objekata. Odlikuje ga savremena tehnologija sagorevanja, visok stepen iskori\u0161\u0107enja i robustna konstrukcija koja obezbe\u0111uje dug vek trajanja i jednostavno odr\u017eavanje. Zahvaljuju\u0107i svojoj snazi i efikasnosti, ovaj model pru\u017ea stabilno i ravnomerno grejanje tokom cele sezone, uz minimalne tro\u0161kove rada. Njegova kompaktna konstrukcija omogu\u0107ava lako povezivanje u postoje\u0107e sisteme grejanja, a stabilan i pouzdan rad garantuje udobnost tokom grejne sezone.<\/p>\n<h3 data-start=\"491\" data-end=\"535\"><strong data-start=\"495\" data-end=\"533\">Karakteristike i prednosti\u00a0<\/strong><\/h3>\n<ul>\n<li data-start=\"538\" data-end=\"622\">Maksimalno iskori\u0161\u0107enje energije uz nisku potro\u0161nju goriva.<\/li>\n<li data-start=\"625\" data-end=\"726\">\u010celi\u010dna konstrukcija otporna na koroziju i temperaturne promene.<\/li>\n<li data-start=\"804\" data-end=\"916\">Smanjena emisija \u0161tetnih gasova zahvaljuju\u0107i savremenoj tehnologiji sagorevanja.<\/li>\n<li data-start=\"919\" data-end=\"990\">Idealan za manje stambene objekte.<\/li>\n<li>Kotao ima dve vertikalne promaje.<\/li>\n<li>Tresa\u010d pepela koji spre\u010dava zatvaranje me\u0111ucevnog prostora u lo\u017ei\u0161tu produktima sagorevanja \u010dime se omogu\u0107uje bolji dovod sve\u017eeg vazduha u zonu sagorevanja.<\/li>\n<li>Pepeljara za lak\u0161e skupljanje i izno\u0161enje pepela iz kotla.<\/li>\n<li>Otvor za \u010di\u0161\u0107cenje sa gornje strane.<\/li>\n<li>Klapna za regulaciju protoka dimnih gasova.<\/li>\n<\/ul>\n<p>&nbsp;<\/p>\n<h3 data-start=\"1441\" data-end=\"1488\"><strong data-start=\"1445\" data-end=\"1486\">Za\u0161to kupiti Kotao ABC Economic 75 kW?<\/strong><\/h3>\n<p data-start=\"1489\" data-end=\"1860\">Kupovinom kotla ABC Economic 75 kW birate pouzdan, efikasan i dugotrajan sistem grejanja koji nudi visoke performanse i nisku potro\u0161nju goriva. Idealan je za ve\u0107e objekte gde je potrebna stalna i ujedna\u010dena isporuka toplote. Njegova robustna konstrukcija, jednostavno odr\u017eavanje i energetska efikasnost garantuju bezbri\u017eno i ekonomi\u010dno grejanje dugi niz godina.<\/p>\n<h3 data-start=\"1441\" data-end=\"1488\"><\/h3>","protected":false},"excerpt":{"rendered":"<p data-start=\"1862\" data-end=\"2014\">Odabirom ABC Economic 75 kW obezbe\u0111ujete stabilno, ekonomi\u010dno i bezbedno grejanje, prilago\u0111eno zahtevima ve\u0107ih stambenih i poslovnih prostora.<\/p>\n<h3 data-start=\"2016\" data-end=\"2035\"><\/h3>","protected":false},"featured_media":17215,"template":"","meta":{"_seopress_robots_primary_cat":"none","_seopress_titles_title":"","_seopress_titles_desc":"Kotao ABC Economic 75 kW \u2013 sna\u017ean, efikasan i pouzdan \u010deli\u010dni kotao za centralno grejanje velikih stambenih, poslovnih i industrijskih objekata.","_seopress_robots_index":""},"product_brand":[4196],"product_cat":[4193,4189],"product_tag":[],"class_list":{"0":"post-23046","1":"product","2":"type-product","3":"status-publish","4":"has-post-thumbnail","6":"product_brand-abc-uzice","7":"product_cat-celicni-kotlovi","8":"product_cat-kotlovi-na-cvrsto-gorivo","10":"first","11":"instock","12":"shipping-taxable","13":"purchasable","14":"product-type-simple"},"_links":{"self":[{"href":"https:\/\/grejanjesrbija.com\/ru\/wp-json\/wp\/v2\/product\/23046","targetHints":{"allow":["GET"]}}],"collection":[{"href":"https:\/\/grejanjesrbija.com\/ru\/wp-json\/wp\/v2\/product"}],"about":[{"href":"https:\/\/grejanjesrbija.com\/ru\/wp-json\/wp\/v2\/types\/product"}],"wp:featuredmedia":[{"embeddable":true,"href":"https:\/\/grejanjesrbija.com\/ru\/wp-json\/wp\/v2\/media\/17215"}],"wp:attachment":[{"href":"https:\/\/grejanjesrbija.com\/ru\/wp-json\/wp\/v2\/media?parent=23046"}],"wp:term":[{"taxonomy":"product_brand","embeddable":true,"href":"https:\/\/grejanjesrbija.com\/ru\/wp-json\/wp\/v2\/product_brand?post=23046"},{"taxonomy":"product_cat","embeddable":true,"href":"https:\/\/grejanjesrbija.com\/ru\/wp-json\/wp\/v2\/product_cat?post=23046"},{"taxonomy":"product_tag","embeddable":true,"href":"https:\/\/grejanjesrbija.com\/ru\/wp-json\/wp\/v2\/product_tag?post=23046"}],"curies":[{"name":"wp","href":"https:\/\/api.w.org\/{rel}","templated":true}]}}