{"id":23050,"date":"2025-10-25T08:50:23","date_gmt":"2025-10-25T06:50:23","guid":{"rendered":"https:\/\/grejanjesrbija.com\/?post_type=product&#038;p=23050"},"modified":"2026-02-05T14:17:31","modified_gmt":"2026-02-05T13:17:31","slug":"kotao-abc-economic-100kw","status":"publish","type":"product","link":"https:\/\/grejanjesrbija.com\/ru\/proizvod\/kotao-abc-economic-100kw\/","title":{"rendered":"Kotao ABC Economic 100kw"},"content":{"rendered":"<h2 data-start=\"155\" data-end=\"207\"><strong data-start=\"159\" data-end=\"205\">Kotao ABC Economic &#8211; 100 kW\u00a0<\/strong><\/h2>\n<p data-start=\"208\" data-end=\"540\">Kotao <strong data-start=\"214\" data-end=\"237\">ABC Economic 100 kW<\/strong> je visokoefikasan \u010deli\u010dni kotao za centralno grejanje, namenjen pouzdanom zagrevanju velikih stambenih, poslovnih i industrijskih objekata. Zahvaljuju\u0107i naprednoj tehnologiji sagorevanja i robusnoj konstrukciji, ovaj kotao obezbe\u0111uje dug vek trajanja, stabilan rad i maksimalno iskori\u0161\u0107enje energije. \u00a0Njegova kompaktna konstrukcija omogu\u0107ava lako povezivanje u postoje\u0107e sisteme grejanja, a stabilan i pouzdan rad garantuje udobnost tokom grejne sezone. Ovaj kotao pru\u017ea sna\u017eno, stabilno i pouzdano grejanje tokom cele zime, uz nisku potro\u0161nju goriva i minimalne tro\u0161kove odr\u017eavanja.<\/p>\n<h3 data-start=\"491\" data-end=\"535\"><strong data-start=\"495\" data-end=\"533\">Karakteristike i prednosti\u00a0<\/strong><\/h3>\n<ul>\n<li data-start=\"538\" data-end=\"622\">Maksimalno iskori\u0161\u0107enje energije uz nisku potro\u0161nju goriva.<\/li>\n<li data-start=\"625\" data-end=\"726\">\u010celi\u010dna konstrukcija otporna na koroziju i temperaturne promene.<\/li>\n<li data-start=\"804\" data-end=\"916\">Smanjena emisija \u0161tetnih gasova zahvaljuju\u0107i savremenoj tehnologiji sagorevanja.<\/li>\n<li data-start=\"919\" data-end=\"990\">Idealan za manje stambene objekte.<\/li>\n<li>Kotao ima dve vertikalne promaje.<\/li>\n<li>Tresa\u010d pepela koji spre\u010dava zatvaranje me\u0111ucevnog prostora u lo\u017ei\u0161tu produktima sagorevanja \u010dime se omogu\u0107uje bolji dovod sve\u017eeg vazduha u zonu sagorevanja.<\/li>\n<li>Pepeljara za lak\u0161e skupljanje i izno\u0161enje pepela iz kotla.<\/li>\n<li>Otvor za \u010di\u0161\u0107cenje sa gornje strane.<\/li>\n<li>Klapna za regulaciju protoka dimnih gasova.<\/li>\n<\/ul>\n<p>&nbsp;<\/p>\n<h3 data-start=\"1464\" data-end=\"1512\"><strong data-start=\"1468\" data-end=\"1510\">Za\u0161to kupiti Kotao ABC Economic 100 kW?<\/strong><\/h3>\n<p data-start=\"1513\" data-end=\"1837\">Kupovinom kotla ABC Economic 100 kW birate profesionalno i dugoro\u010dno re\u0161enje za grejanje velikih objekata. Ovaj model kombinuje visoku efikasnost, sigurnost i dugotrajnost uz jednostavnu upotrebu i ekonomi\u010dan rad. Napravljen je od kvalitetnog \u010delika i projektovan da obezbedi maksimalan komfor i pouzdanost u radu.<\/p>\n<h3 data-start=\"1464\" data-end=\"1512\"><\/h3>","protected":false},"excerpt":{"rendered":"<p data-start=\"1839\" data-end=\"2013\">Odabirom ABC Economic 100 kW dobijate stabilno, sigurno i ekonomi\u010dno grejanje, idealno za stambene, poslovne i industrijske prostore sa ve\u0107im potrebama za toplotom.<\/p>\n<h3 data-start=\"2015\" data-end=\"2034\"><\/h3>","protected":false},"featured_media":17215,"template":"","meta":{"_seopress_robots_primary_cat":"none","_seopress_titles_title":"","_seopress_titles_desc":"Kotao ABC Economic 100 kW \u2013 sna\u017ean, efikasan i pouzdan \u010deli\u010dni kotao za centralno grejanje velikih stambenih, poslovnih i industrijskih objekata.","_seopress_robots_index":""},"product_brand":[4196],"product_cat":[4193,4189],"product_tag":[],"class_list":{"0":"post-23050","1":"product","2":"type-product","3":"status-publish","4":"has-post-thumbnail","6":"product_brand-abc-uzice","7":"product_cat-celicni-kotlovi","8":"product_cat-kotlovi-na-cvrsto-gorivo","10":"first","11":"instock","12":"shipping-taxable","13":"purchasable","14":"product-type-simple"},"_links":{"self":[{"href":"https:\/\/grejanjesrbija.com\/ru\/wp-json\/wp\/v2\/product\/23050","targetHints":{"allow":["GET"]}}],"collection":[{"href":"https:\/\/grejanjesrbija.com\/ru\/wp-json\/wp\/v2\/product"}],"about":[{"href":"https:\/\/grejanjesrbija.com\/ru\/wp-json\/wp\/v2\/types\/product"}],"wp:featuredmedia":[{"embeddable":true,"href":"https:\/\/grejanjesrbija.com\/ru\/wp-json\/wp\/v2\/media\/17215"}],"wp:attachment":[{"href":"https:\/\/grejanjesrbija.com\/ru\/wp-json\/wp\/v2\/media?parent=23050"}],"wp:term":[{"taxonomy":"product_brand","embeddable":true,"href":"https:\/\/grejanjesrbija.com\/ru\/wp-json\/wp\/v2\/product_brand?post=23050"},{"taxonomy":"product_cat","embeddable":true,"href":"https:\/\/grejanjesrbija.com\/ru\/wp-json\/wp\/v2\/product_cat?post=23050"},{"taxonomy":"product_tag","embeddable":true,"href":"https:\/\/grejanjesrbija.com\/ru\/wp-json\/wp\/v2\/product_tag?post=23050"}],"curies":[{"name":"wp","href":"https:\/\/api.w.org\/{rel}","templated":true}]}}