{"id":23054,"date":"2025-10-25T08:54:17","date_gmt":"2025-10-25T06:54:17","guid":{"rendered":"https:\/\/grejanjesrbija.com\/?post_type=product&#038;p=23054"},"modified":"2026-02-05T14:18:00","modified_gmt":"2026-02-05T13:18:00","slug":"kotao-abc-economic-130kw","status":"publish","type":"product","link":"https:\/\/grejanjesrbija.com\/ru\/proizvod\/kotao-abc-economic-130kw\/","title":{"rendered":"Kotao ABC Economic 130kw"},"content":{"rendered":"<h2 data-start=\"177\" data-end=\"229\"><strong data-start=\"181\" data-end=\"227\">Kotao ABC Economic &#8211; 130 kW<\/strong><\/h2>\n<p data-start=\"230\" data-end=\"583\">Kotao <strong data-start=\"236\" data-end=\"259\">ABC Economic 130 kW<\/strong> je visokoefikasan \u010deli\u010dni kotao za centralno grejanje, namenjen pouzdanom i dugotrajnom zagrevanju velikih stambenih, poslovnih i industrijskih objekata. Ovaj model predstavlja savr\u0161enu kombinaciju snage, efikasnosti i ekonomi\u010dnosti, pru\u017eaju\u0107i stabilan rad i maksimalno iskori\u0161\u0107enje energije uz minimalne gubitke toplote. Njegova kompaktna konstrukcija omogu\u0107ava lako povezivanje u postoje\u0107e sisteme grejanja, a stabilan i pouzdan rad garantuje udobnost tokom grejne sezone.<\/p>\n<h3 data-start=\"491\" data-end=\"535\"><strong data-start=\"495\" data-end=\"533\">Karakteristike i prednosti\u00a0<\/strong><\/h3>\n<ul>\n<li data-start=\"538\" data-end=\"622\">Maksimalno iskori\u0161\u0107enje energije uz nisku potro\u0161nju goriva.<\/li>\n<li data-start=\"625\" data-end=\"726\">\u010celi\u010dna konstrukcija otporna na koroziju i temperaturne promene.<\/li>\n<li data-start=\"804\" data-end=\"916\">Smanjena emisija \u0161tetnih gasova zahvaljuju\u0107i savremenoj tehnologiji sagorevanja.<\/li>\n<li data-start=\"919\" data-end=\"990\">Idealan za manje stambene objekte.<\/li>\n<li>Kotao ima dve vertikalne promaje.<\/li>\n<li>Tresa\u010d pepela koji spre\u010dava zatvaranje me\u0111ucevnog prostora u lo\u017ei\u0161tu produktima sagorevanja \u010dime se omogu\u0107uje bolji dovod sve\u017eeg vazduha u zonu sagorevanja.<\/li>\n<li>Pepeljara za lak\u0161e skupljanje i izno\u0161enje pepela iz kotla.<\/li>\n<li>Otvor za \u010di\u0161\u0107cenje sa gornje strane.<\/li>\n<li>Klapna za regulaciju protoka dimnih gasova.<\/li>\n<\/ul>\n<h3 data-start=\"1526\" data-end=\"1574\"><strong data-start=\"1530\" data-end=\"1572\">Za\u0161to kupiti Kotao ABC Economic 130 kW?<\/strong><\/h3>\n<p data-start=\"1575\" data-end=\"1947\">Kupovina kotla ABC Economic 130 kW zna\u010di investiranje u profesionalno, sigurno i ekonomi\u010dno re\u0161enje za grejanje. Ovaj model je idealan za objekte koji zahtevaju visoku toplotnu snagu, pouzdanost i efikasnost tokom du\u017eih perioda rada. Kombinuje dug vek trajanja, jednostavno odr\u017eavanje i u\u0161tedu energije, \u010dine\u0107i ga jednim od najisplativijih izbora u svojoj klasi.<\/p>","protected":false},"excerpt":{"rendered":"<p data-start=\"1949\" data-end=\"2120\">Odabirom ABC Economic 130 kW dobijate stabilno, sna\u017eno i ekonomi\u010dno grejanje, savr\u0161eno prilago\u0111eno potrebama ve\u0107ih stambenih, poslovnih i industrijskih objekata.<\/p>\n<h3 data-start=\"2122\" data-end=\"2141\"><\/h3>","protected":false},"featured_media":17215,"template":"","meta":{"_seopress_robots_primary_cat":"none","_seopress_titles_title":"","_seopress_titles_desc":"Kotao ABC Economic 130 kW \u2013 sna\u017ean, pouzdan i energetski efikasan \u010deli\u010dni kotao za centralno grejanje velikih stambenih, poslovnih i industrijskih objekata.","_seopress_robots_index":""},"product_brand":[4196],"product_cat":[4193,4189],"product_tag":[],"class_list":{"0":"post-23054","1":"product","2":"type-product","3":"status-publish","4":"has-post-thumbnail","6":"product_brand-abc-uzice","7":"product_cat-celicni-kotlovi","8":"product_cat-kotlovi-na-cvrsto-gorivo","10":"first","11":"instock","12":"shipping-taxable","13":"purchasable","14":"product-type-simple"},"_links":{"self":[{"href":"https:\/\/grejanjesrbija.com\/ru\/wp-json\/wp\/v2\/product\/23054","targetHints":{"allow":["GET"]}}],"collection":[{"href":"https:\/\/grejanjesrbija.com\/ru\/wp-json\/wp\/v2\/product"}],"about":[{"href":"https:\/\/grejanjesrbija.com\/ru\/wp-json\/wp\/v2\/types\/product"}],"wp:featuredmedia":[{"embeddable":true,"href":"https:\/\/grejanjesrbija.com\/ru\/wp-json\/wp\/v2\/media\/17215"}],"wp:attachment":[{"href":"https:\/\/grejanjesrbija.com\/ru\/wp-json\/wp\/v2\/media?parent=23054"}],"wp:term":[{"taxonomy":"product_brand","embeddable":true,"href":"https:\/\/grejanjesrbija.com\/ru\/wp-json\/wp\/v2\/product_brand?post=23054"},{"taxonomy":"product_cat","embeddable":true,"href":"https:\/\/grejanjesrbija.com\/ru\/wp-json\/wp\/v2\/product_cat?post=23054"},{"taxonomy":"product_tag","embeddable":true,"href":"https:\/\/grejanjesrbija.com\/ru\/wp-json\/wp\/v2\/product_tag?post=23054"}],"curies":[{"name":"wp","href":"https:\/\/api.w.org\/{rel}","templated":true}]}}