{"id":23070,"date":"2025-10-25T10:57:52","date_gmt":"2025-10-25T08:57:52","guid":{"rendered":"https:\/\/grejanjesrbija.com\/?post_type=product&#038;p=23070"},"modified":"2026-02-05T15:30:03","modified_gmt":"2026-02-05T14:30:03","slug":"kotao-megal-tkm-32kw","status":"publish","type":"product","link":"https:\/\/grejanjesrbija.com\/ru\/proizvod\/kotao-megal-tkm-32kw\/","title":{"rendered":"Kotao Megal TKM 32kw"},"content":{"rendered":"<h2 data-start=\"169\" data-end=\"217\"><strong data-start=\"173\" data-end=\"215\">Kotao Megal TKM &#8211; 32 kW\u00a0<\/strong><\/h2>\n<p data-start=\"218\" data-end=\"518\">Kotao <strong data-start=\"224\" data-end=\"243\">Megal TKM 32 kW<\/strong> je tropromajni trajno\u017eare\u0107i kotao na \u010dvrsto gorivo, dizajniran za grejanje srednje velikih stambenih objekata. Namenjen je lo\u017eenju drvetom i srednjekalori\u010dnim ugljevima granulacije ve\u0107e od 30 mm, pru\u017ea visoku efikasnost i pouzdan rad. Idealno je re\u0161enje za korisnike koji tra\u017ee pouzdan, klasi\u010dan kotao sa jednostavnom konstrukcijom, a pritom dobrim performansama i efikasno\u0161\u0107u.<\/p>\n<h3 data-start=\"559\" data-end=\"590\"><strong data-start=\"563\" data-end=\"590\">\u0422\u0435\u0445\u043d\u0438\u0447\u0435\u0441\u043a\u0438\u0435 \u0445\u0430\u0440\u0430\u043a\u0442\u0435\u0440\u0438\u0441\u0442\u0438\u043a\u0438<\/strong><\/h3>\n<div class=\"_tableContainer_1rjym_1\">\n<div class=\"group _tableWrapper_1rjym_13 flex w-fit flex-col-reverse\" tabindex=\"-1\">\n<table class=\"w-fit min-w-(--thread-content-width)\" data-start=\"592\" data-end=\"1369\">\n<thead data-start=\"592\" data-end=\"621\">\n<tr data-start=\"592\" data-end=\"621\">\n<th data-start=\"592\" data-end=\"609\" data-col-size=\"sm\">Karakteristika<\/th>\n<th data-start=\"609\" data-end=\"621\" data-col-size=\"md\">Vrednost<\/th>\n<\/tr>\n<\/thead>\n<tbody data-start=\"632\" data-end=\"1369\">\n<tr data-start=\"632\" data-end=\"697\">\n<td data-start=\"632\" data-end=\"650\" data-col-size=\"sm\">Nominalna snaga<\/td>\n<td data-start=\"650\" data-end=\"697\" data-col-size=\"md\">32 kW<\/td>\n<\/tr>\n<tr data-start=\"698\" data-end=\"768\">\n<td data-start=\"698\" data-end=\"716\" data-col-size=\"sm\">Grejna povr\u0161ina<\/td>\n<td data-start=\"716\" data-end=\"768\" data-col-size=\"md\">180-250 m\u00b2<\/td>\n<\/tr>\n<tr data-start=\"769\" data-end=\"841\">\n<td data-start=\"769\" data-end=\"794\" data-col-size=\"sm\">Zapremina vode u kotlu<\/td>\n<td data-start=\"794\" data-end=\"841\" data-col-size=\"md\">106 l<\/td>\n<\/tr>\n<tr data-start=\"842\" data-end=\"927\">\n<td data-start=\"842\" data-end=\"866\" data-col-size=\"sm\">Dimenzije (D \u00d7 \u0160 \u00d7 V)<\/td>\n<td data-start=\"866\" data-end=\"927\" data-col-size=\"md\">994 \u00d7 580 \u00d7 1118 mm<\/td>\n<\/tr>\n<tr data-start=\"928\" data-end=\"989\">\n<td data-start=\"928\" data-end=\"941\" data-col-size=\"sm\">Masa kotla<\/td>\n<td data-start=\"941\" data-end=\"989\" data-col-size=\"md\">330 kg<\/td>\n<\/tr>\n<tr data-start=\"990\" data-end=\"1059\">\n<td data-start=\"990\" data-end=\"1009\" data-col-size=\"sm\">Pre\u010dnik dimovoda<\/td>\n<td data-start=\"1009\" data-end=\"1059\" data-col-size=\"md\">\u00d8 180 mm<\/td>\n<\/tr>\n<tr data-start=\"1060\" data-end=\"1140\">\n<td data-start=\"1060\" data-end=\"1088\" data-col-size=\"sm\">Maksimalni radni pritisak<\/td>\n<td data-start=\"1088\" data-end=\"1140\" data-col-size=\"md\">do 2,5 bar<\/td>\n<\/tr>\n<tr data-start=\"1141\" data-end=\"1211\">\n<td data-start=\"1141\" data-end=\"1163\" data-col-size=\"sm\">Stepen iskori\u0161\u0107enja<\/td>\n<td data-start=\"1163\" data-end=\"1211\" data-col-size=\"md\">&gt; 80 %<\/td>\n<\/tr>\n<tr data-start=\"1212\" data-end=\"1304\">\n<td data-start=\"1212\" data-end=\"1225\" data-col-size=\"sm\">Tip goriva<\/td>\n<td data-start=\"1225\" data-end=\"1304\" data-col-size=\"md\">Drva, ugalj<\/td>\n<\/tr>\n<tr data-start=\"1305\" data-end=\"1369\">\n<td data-start=\"1305\" data-end=\"1317\" data-col-size=\"sm\">Garancija<\/td>\n<td data-start=\"1317\" data-end=\"1369\" data-col-size=\"md\">5 godina<\/td>\n<\/tr>\n<\/tbody>\n<\/table>\n<h3 data-start=\"1355\" data-end=\"1396\"><strong data-start=\"1359\" data-end=\"1394\">Karakteristike i prednosti<\/strong><\/h3>\n<ul>\n<li data-start=\"1400\" data-end=\"1494\">Tropromajni sistem sagorevanja omogu\u0107ava potpunije sagorevanje i bolju iskori\u0161\u0107enost goriva.<\/li>\n<li data-start=\"1497\" data-end=\"1610\">Velika koli\u010dina vode u kotlu (106 l) doprinosi stabilnijem radu sistema i ravnomernijoj regulaciji temperature.<\/li>\n<li data-start=\"1613\" data-end=\"1711\">Visoka efikasnost (&gt; 80 %) zna\u010di da manjom potro\u0161njom goriva posti\u017eete potreban toplotni u\u010dinak.<\/li>\n<li data-start=\"1714\" data-end=\"1799\">Robusna konstrukcija sa te\u017einom oko 330 kg garantuje stabilnost i dug vek upotrebe.<\/li>\n<li data-start=\"1802\" data-end=\"1899\">Prihvatljive dimenzije za ugradnju u prostorije za kotlarnicu, standardni priklju\u010dci i dimovod.<\/li>\n<li data-start=\"1803\" data-end=\"1890\">Pogodan za lo\u017eenje razli\u010ditim vrstama \u010dvrstog goriva (drvo i srednjekalori\u010dni ugalj).<\/li>\n<li data-start=\"2114\" data-end=\"2185\">Relativno jednostavno odr\u017eavanje i servis zbog klasi\u010dne konstrukcije.<\/li>\n<li>Potpuno i \u010disto sagorevanje koje se odra\u017eava na visoki stepen korisnog dejstva kotla i na minimalnu emisiju \u0161tetnih gasova<\/li>\n<li>Lo\u017eenje kroz velika posebna vrata<\/li>\n<li>Ne dolaze cirkulaciona pumpa i ekspanziona posuda<\/li>\n<li data-start=\"1893\" data-end=\"1957\">Garancija 5 godina<\/li>\n<\/ul>\n<h3 data-start=\"2285\" data-end=\"2329\"><strong data-start=\"2289\" data-end=\"2327\">Za\u0161to kupiti Kotao Megal TKM 32 kW?<\/strong><\/h3>\n<p data-start=\"2331\" data-end=\"2531\">Odabirom kotla Megal TKM 32 kW investirate u pouzdan, efikasan i dugotrajan sistem grejanja koji kombinuje visoku efikasnost sagorevanja, robusnu konstrukciju i relativno jednostavno odr\u017eavanje. Ovaj model je idealan za srednje velike objekte gde je potreban stabilan rad tokom grejne sezone, a \u017eelite da tro\u0161ite manje goriva i imate dugoro\u010dnu pouzdanost.<\/p>\n<\/div>\n<\/div>","protected":false},"excerpt":{"rendered":"<p data-start=\"2533\" data-end=\"2695\">Odabirom kotla Megal TKM 32 kW investirate u pouzdan, efikasan i dugotrajan sistem grejanja koji kombinuje visoku efikasnost sagorevanja, robusnu konstrukciju i relativno jednostavno odr\u017eavanje.<\/p>","protected":false},"featured_media":27065,"template":"","meta":{"_seopress_robots_primary_cat":"none","_seopress_titles_title":"","_seopress_titles_desc":"Kotao Megal TKM 32 kW \u2013 trajno\u017eare\u0107i kotao na \u010dvrsto gorivo sa visokom efikasno\u0161\u0107u (> 80 %), za grejanje objekata od 180-250 m\u00b2. Pouzdan, robustan i sa garancijom od 5 godina.","_seopress_robots_index":""},"product_brand":[4198],"product_cat":[4193,4189],"product_tag":[],"class_list":{"0":"post-23070","1":"product","2":"type-product","3":"status-publish","4":"has-post-thumbnail","6":"product_brand-megal","7":"product_cat-celicni-kotlovi","8":"product_cat-kotlovi-na-cvrsto-gorivo","10":"first","11":"instock","12":"shipping-taxable","13":"purchasable","14":"product-type-simple"},"_links":{"self":[{"href":"https:\/\/grejanjesrbija.com\/ru\/wp-json\/wp\/v2\/product\/23070","targetHints":{"allow":["GET"]}}],"collection":[{"href":"https:\/\/grejanjesrbija.com\/ru\/wp-json\/wp\/v2\/product"}],"about":[{"href":"https:\/\/grejanjesrbija.com\/ru\/wp-json\/wp\/v2\/types\/product"}],"wp:featuredmedia":[{"embeddable":true,"href":"https:\/\/grejanjesrbija.com\/ru\/wp-json\/wp\/v2\/media\/27065"}],"wp:attachment":[{"href":"https:\/\/grejanjesrbija.com\/ru\/wp-json\/wp\/v2\/media?parent=23070"}],"wp:term":[{"taxonomy":"product_brand","embeddable":true,"href":"https:\/\/grejanjesrbija.com\/ru\/wp-json\/wp\/v2\/product_brand?post=23070"},{"taxonomy":"product_cat","embeddable":true,"href":"https:\/\/grejanjesrbija.com\/ru\/wp-json\/wp\/v2\/product_cat?post=23070"},{"taxonomy":"product_tag","embeddable":true,"href":"https:\/\/grejanjesrbija.com\/ru\/wp-json\/wp\/v2\/product_tag?post=23070"}],"curies":[{"name":"wp","href":"https:\/\/api.w.org\/{rel}","templated":true}]}}