{"id":23074,"date":"2025-10-25T11:05:14","date_gmt":"2025-10-25T09:05:14","guid":{"rendered":"https:\/\/grejanjesrbija.com\/?post_type=product&#038;p=23074"},"modified":"2026-02-05T15:28:31","modified_gmt":"2026-02-05T14:28:31","slug":"kotao-megal-tkm-40kw","status":"publish","type":"product","link":"https:\/\/grejanjesrbija.com\/ru\/proizvod\/kotao-megal-tkm-40kw\/","title":{"rendered":"Kotao Megal TKM 40kw"},"content":{"rendered":"<h2 data-start=\"169\" data-end=\"217\"><strong data-start=\"173\" data-end=\"215\">Kotao Megal TKM &#8211; 40 kW\u00a0<\/strong><\/h2>\n<p data-start=\"218\" data-end=\"562\">Kotao <strong data-start=\"224\" data-end=\"243\">Megal TKM 40 kW<\/strong> je tropromajni trajno\u017eare\u0107i kotao na \u010dvrsto gorivo namenjen grejanju ve\u0107ih stambenih i poslovnih objekata. Kombinuje robustnu konstrukciju i efikasno sagorevanje drvetom i ugljem, sa visokim stepenom iskori\u0161\u0107enja, dugim radnim ciklusima izme\u0111u punjenja i garancijom od 5 godina. Idealno je re\u0161enje za korisnike koji tra\u017ee pouzdan, klasi\u010dan kotao sa jednostavnom konstrukcijom, a pritom dobrim performansama i efikasno\u0161\u0107u.<\/p>\n<h3 data-start=\"559\" data-end=\"590\"><strong data-start=\"563\" data-end=\"590\">\u0422\u0435\u0445\u043d\u0438\u0447\u0435\u0441\u043a\u0438\u0435 \u0445\u0430\u0440\u0430\u043a\u0442\u0435\u0440\u0438\u0441\u0442\u0438\u043a\u0438<\/strong><\/h3>\n<div class=\"_tableContainer_1rjym_1\">\n<div class=\"group _tableWrapper_1rjym_13 flex w-fit flex-col-reverse\" tabindex=\"-1\">\n<table class=\"w-fit min-w-(--thread-content-width)\" data-start=\"592\" data-end=\"1369\">\n<thead data-start=\"592\" data-end=\"621\">\n<tr data-start=\"592\" data-end=\"621\">\n<th data-start=\"592\" data-end=\"609\" data-col-size=\"sm\">Karakteristika<\/th>\n<th data-start=\"609\" data-end=\"621\" data-col-size=\"md\">Vrednost<\/th>\n<\/tr>\n<\/thead>\n<tbody data-start=\"632\" data-end=\"1369\">\n<tr data-start=\"632\" data-end=\"697\">\n<td data-start=\"632\" data-end=\"650\" data-col-size=\"sm\">Nominalna snaga<\/td>\n<td data-start=\"650\" data-end=\"697\" data-col-size=\"md\">40 kW<\/td>\n<\/tr>\n<tr data-start=\"698\" data-end=\"768\">\n<td data-start=\"698\" data-end=\"716\" data-col-size=\"sm\">Grejna povr\u0161ina<\/td>\n<td data-start=\"716\" data-end=\"768\" data-col-size=\"md\">250-350 m\u00b2<\/td>\n<\/tr>\n<tr data-start=\"769\" data-end=\"841\">\n<td data-start=\"769\" data-end=\"794\" data-col-size=\"sm\">Zapremina vode u kotlu<\/td>\n<td data-start=\"794\" data-end=\"841\" data-col-size=\"md\">108 l<\/td>\n<\/tr>\n<tr data-start=\"842\" data-end=\"927\">\n<td data-start=\"842\" data-end=\"866\" data-col-size=\"sm\">Dimenzije (D \u00d7 \u0160 \u00d7 V)<\/td>\n<td data-start=\"866\" data-end=\"927\" data-col-size=\"md\">994 \u00d7 630 \u00d7 1118 mm<\/td>\n<\/tr>\n<tr data-start=\"928\" data-end=\"989\">\n<td data-start=\"928\" data-end=\"941\" data-col-size=\"sm\">Masa kotla<\/td>\n<td data-start=\"941\" data-end=\"989\" data-col-size=\"md\">365 kg<\/td>\n<\/tr>\n<tr data-start=\"990\" data-end=\"1059\">\n<td data-start=\"990\" data-end=\"1009\" data-col-size=\"sm\">Pre\u010dnik dimovoda<\/td>\n<td data-start=\"1009\" data-end=\"1059\" data-col-size=\"md\">\u00d8 180 mm<\/td>\n<\/tr>\n<tr data-start=\"1060\" data-end=\"1140\">\n<td data-start=\"1060\" data-end=\"1088\" data-col-size=\"sm\">Maksimalni radni pritisak<\/td>\n<td data-start=\"1088\" data-end=\"1140\" data-col-size=\"md\">do 2,5 bar<\/td>\n<\/tr>\n<tr data-start=\"1141\" data-end=\"1211\">\n<td data-start=\"1141\" data-end=\"1163\" data-col-size=\"sm\">Stepen iskori\u0161\u0107enja<\/td>\n<td data-start=\"1163\" data-end=\"1211\" data-col-size=\"md\">&gt; 80 %<\/td>\n<\/tr>\n<tr data-start=\"1212\" data-end=\"1304\">\n<td data-start=\"1212\" data-end=\"1225\" data-col-size=\"sm\">Tip goriva<\/td>\n<td data-start=\"1225\" data-end=\"1304\" data-col-size=\"md\">Drva, ugalj<\/td>\n<\/tr>\n<tr data-start=\"1305\" data-end=\"1369\">\n<td data-start=\"1305\" data-end=\"1317\" data-col-size=\"sm\">Garancija<\/td>\n<td data-start=\"1317\" data-end=\"1369\" data-col-size=\"md\">5 godina<\/td>\n<\/tr>\n<\/tbody>\n<\/table>\n<\/div>\n<h3 data-start=\"1379\" data-end=\"1418\"><strong data-start=\"1383\" data-end=\"1418\">Karakteristike i prednosti<\/strong><\/h3>\n<ul>\n<li data-start=\"1422\" data-end=\"1575\">Tropromajni sistem sagorevanja omogu\u0107ava efikasnije i \u010di\u0161\u0107e sagorevanje goriva (drvo \/ srednjekalori\u010dni ugalj).<\/li>\n<li data-start=\"1578\" data-end=\"1680\">Veliki volumen vode u kotlu (108 l) doprinosi stabilnijem radu sistema i boljim termi\u010dkim rezervama.<\/li>\n<li data-start=\"1683\" data-end=\"1779\">Visok stepen iskori\u0161\u0107enja (&gt; 80 %) zna\u010di bolju energetsku efikasnost i manje potro\u0161nje goriva.<\/li>\n<li data-start=\"1782\" data-end=\"1911\">Robusna konstrukcija i solidna te\u017eina (~365 kg) obezbe\u0111uju stabilnost, dug vek trajanja i otpornost na stalne termi\u010dke cikluse.<\/li>\n<li data-start=\"2114\" data-end=\"2185\">Relativno jednostavno odr\u017eavanje i servis zbog klasi\u010dne konstrukcije.<\/li>\n<li>Potpuno i \u010disto sagorevanje koje se odra\u017eava na visoki stepen korisnog dejstva kotla i na minimalnu emisiju \u0161tetnih gasova<\/li>\n<li>Lo\u017eenje kroz velika posebna vrata<\/li>\n<li>Ne dolaze cirkulaciona pumpa i ekspanziona posuda<\/li>\n<li data-start=\"1971\" data-end=\"2108\">Pogodan za grejna podru\u010dja srednje velikih ku\u0107a, poslovnih prostora ili manje hale \/ radionice \u2013 model sa dovoljnom snagom i kapacitetom.<\/li>\n<li>Garancija 5 godina<\/li>\n<\/ul>\n<\/div>\n<h3 data-start=\"2623\" data-end=\"2665\"><strong data-start=\"2627\" data-end=\"2665\">Za\u0161to kupiti Kotao Megal TKM 40 kW?<\/strong><\/h3>\n<p data-start=\"2667\" data-end=\"2764\">Odabirom kotla Megal TKM 40 kW dobijate pouzdan i efikasan ure\u0111aj za grejanje koji kombinuje visoku efikasnost i \u010dist rad zahvaljuju\u0107i tropromajnoj konstrukcji, kao i stabilnoj i kvalitetnoj izradi koja omogu\u0107ava dug vek upotrebe. Megal TKM 40 kW je veoma dobar izbor ako tra\u017eite \u010dvrsto-gorivni kotao za grejanje ve\u0107ih ku\u0107a ili poslovnih prostora, koji radi efikasno, stabilno i pouzdano tokom du\u017eeg vremenskog perioda.<\/p>","protected":false},"excerpt":{"rendered":"<p>Odabirom kotla Megal TKM 40 kW dobijate pouzdan i efikasan ure\u0111aj za grejanje koji kombinuje visoku efikasnost i \u010dist rad zahvaljuju\u0107i tropromajnoj konstrukciji, kao i stabilnoj i kvalitetnoj izradi koja omogu\u0107ava dug vek upotrebe.<\/p>","protected":false},"featured_media":27065,"template":"","meta":{"_seopress_robots_primary_cat":"none","_seopress_titles_title":"","_seopress_titles_desc":"Kotao Megal TKM 40 kW \u2013 tropromajni trajno\u017eare\u0107i kotao na drvo\/ugalj sa visokim stepenom iskori\u0161\u0107enja, idealan za grejanje objekata 250-350 m\u00b2. Pouzdan, robustan i jednostavan za odr\u017eavanje.","_seopress_robots_index":""},"product_brand":[4198],"product_cat":[4193,4189],"product_tag":[],"class_list":{"0":"post-23074","1":"product","2":"type-product","3":"status-publish","4":"has-post-thumbnail","6":"product_brand-megal","7":"product_cat-celicni-kotlovi","8":"product_cat-kotlovi-na-cvrsto-gorivo","10":"first","11":"instock","12":"shipping-taxable","13":"purchasable","14":"product-type-simple"},"_links":{"self":[{"href":"https:\/\/grejanjesrbija.com\/ru\/wp-json\/wp\/v2\/product\/23074","targetHints":{"allow":["GET"]}}],"collection":[{"href":"https:\/\/grejanjesrbija.com\/ru\/wp-json\/wp\/v2\/product"}],"about":[{"href":"https:\/\/grejanjesrbija.com\/ru\/wp-json\/wp\/v2\/types\/product"}],"wp:featuredmedia":[{"embeddable":true,"href":"https:\/\/grejanjesrbija.com\/ru\/wp-json\/wp\/v2\/media\/27065"}],"wp:attachment":[{"href":"https:\/\/grejanjesrbija.com\/ru\/wp-json\/wp\/v2\/media?parent=23074"}],"wp:term":[{"taxonomy":"product_brand","embeddable":true,"href":"https:\/\/grejanjesrbija.com\/ru\/wp-json\/wp\/v2\/product_brand?post=23074"},{"taxonomy":"product_cat","embeddable":true,"href":"https:\/\/grejanjesrbija.com\/ru\/wp-json\/wp\/v2\/product_cat?post=23074"},{"taxonomy":"product_tag","embeddable":true,"href":"https:\/\/grejanjesrbija.com\/ru\/wp-json\/wp\/v2\/product_tag?post=23074"}],"curies":[{"name":"wp","href":"https:\/\/api.w.org\/{rel}","templated":true}]}}