{"id":23090,"date":"2025-10-25T12:19:17","date_gmt":"2025-10-25T10:19:17","guid":{"rendered":"https:\/\/grejanjesrbija.com\/?post_type=product&#038;p=23090"},"modified":"2026-02-05T15:32:37","modified_gmt":"2026-02-05T14:32:37","slug":"kotao-megal-tkm-100kw","status":"publish","type":"product","link":"https:\/\/grejanjesrbija.com\/ru\/proizvod\/kotao-megal-tkm-100kw\/","title":{"rendered":"Kotao Megal TKM 100kw"},"content":{"rendered":"<h2 data-start=\"170\" data-end=\"219\"><strong data-start=\"174\" data-end=\"217\">Kotao Megal TKM &#8211; 100\u202fkW\u00a0<\/strong><\/h2>\n<p data-start=\"220\" data-end=\"521\">Kotao <strong data-start=\"226\" data-end=\"246\">Megal TKM 100\u202fkW<\/strong> je \u010deli\u010dni tropromajni trajno\u017eare\u0107i kotao na \u010dvrsto gorivo, predvi\u0111en za grejanje velikih objekata. Sa snagom od 100\u202fkW, ovaj kotao je idealan za sisteme grejanja sa zna\u010dajnim toplotnim potrebama, kao \u0161to su industrijski objekti, ve\u0107e stambene jedinice ili javne ustanove. Idealno je re\u0161enje za korisnike koji tra\u017ee pouzdan, klasi\u010dan kotao sa jednostavnom konstrukcijom, a pritom dobrim performansama i efikasno\u0161\u0107u.<\/p>\n<h3 data-start=\"559\" data-end=\"590\"><strong data-start=\"563\" data-end=\"590\">\u0422\u0435\u0445\u043d\u0438\u0447\u0435\u0441\u043a\u0438\u0435 \u0445\u0430\u0440\u0430\u043a\u0442\u0435\u0440\u0438\u0441\u0442\u0438\u043a\u0438<\/strong><\/h3>\n<div class=\"_tableContainer_1rjym_1\">\n<div class=\"group _tableWrapper_1rjym_13 flex w-fit flex-col-reverse\" tabindex=\"-1\">\n<table class=\"w-fit min-w-(--thread-content-width)\" data-start=\"592\" data-end=\"1369\">\n<thead data-start=\"592\" data-end=\"621\">\n<tr data-start=\"592\" data-end=\"621\">\n<th data-start=\"592\" data-end=\"609\" data-col-size=\"sm\">Karakteristika<\/th>\n<th data-start=\"609\" data-end=\"621\" data-col-size=\"md\">Vrednost<\/th>\n<\/tr>\n<\/thead>\n<tbody data-start=\"632\" data-end=\"1369\">\n<tr data-start=\"632\" data-end=\"697\">\n<td data-start=\"632\" data-end=\"650\" data-col-size=\"sm\">Nominalna snaga<\/td>\n<td data-start=\"650\" data-end=\"697\" data-col-size=\"md\">100 kW<\/td>\n<\/tr>\n<tr data-start=\"698\" data-end=\"768\">\n<td data-start=\"698\" data-end=\"716\" data-col-size=\"sm\">Grejna povr\u0161ina<\/td>\n<td data-start=\"716\" data-end=\"768\" data-col-size=\"md\">800-950 m\u00b2<\/td>\n<\/tr>\n<tr data-start=\"769\" data-end=\"841\">\n<td data-start=\"769\" data-end=\"794\" data-col-size=\"sm\">Zapremina vode u kotlu<\/td>\n<td data-start=\"794\" data-end=\"841\" data-col-size=\"md\">180 l<\/td>\n<\/tr>\n<tr data-start=\"842\" data-end=\"927\">\n<td data-start=\"842\" data-end=\"866\" data-col-size=\"sm\">Dimenzije (D \u00d7 \u0160 \u00d7 V)<\/td>\n<td data-start=\"866\" data-end=\"927\" data-col-size=\"md\">1280 \u00d7 880 \u00d7 1118 mm<\/td>\n<\/tr>\n<tr data-start=\"928\" data-end=\"989\">\n<td data-start=\"928\" data-end=\"941\" data-col-size=\"sm\">Masa kotla<\/td>\n<td data-start=\"941\" data-end=\"989\" data-col-size=\"md\">680 kg<\/td>\n<\/tr>\n<tr data-start=\"990\" data-end=\"1059\">\n<td data-start=\"990\" data-end=\"1009\" data-col-size=\"sm\">Pre\u010dnik dimovoda<\/td>\n<td data-start=\"1009\" data-end=\"1059\" data-col-size=\"md\">\u00d8 250 mm<\/td>\n<\/tr>\n<tr data-start=\"1060\" data-end=\"1140\">\n<td data-start=\"1060\" data-end=\"1088\" data-col-size=\"sm\">Maksimalni radni pritisak<\/td>\n<td data-start=\"1088\" data-end=\"1140\" data-col-size=\"md\">do 2,5 bar<\/td>\n<\/tr>\n<tr data-start=\"1141\" data-end=\"1211\">\n<td data-start=\"1141\" data-end=\"1163\" data-col-size=\"sm\">Stepen iskori\u0161\u0107enja<\/td>\n<td data-start=\"1163\" data-end=\"1211\" data-col-size=\"md\">&gt; 80 %<\/td>\n<\/tr>\n<tr data-start=\"1212\" data-end=\"1304\">\n<td data-start=\"1212\" data-end=\"1225\" data-col-size=\"sm\">Tip goriva<\/td>\n<td data-start=\"1225\" data-end=\"1304\" data-col-size=\"md\">Drva, ugalj<\/td>\n<\/tr>\n<tr data-start=\"1305\" data-end=\"1369\">\n<td data-start=\"1305\" data-end=\"1317\" data-col-size=\"sm\">Garancija<\/td>\n<td data-start=\"1317\" data-end=\"1369\" data-col-size=\"md\">5 godina<\/td>\n<\/tr>\n<\/tbody>\n<\/table>\n<\/div>\n<h3 data-start=\"1182\" data-end=\"1222\"><strong data-start=\"1186\" data-end=\"1222\">Karakteristike i prednosti<\/strong><\/h3>\n<ul>\n<li data-start=\"1226\" data-end=\"1347\">Visoka efikasnost &#8211; stepen iskori\u0161\u0107enja preko 80\u202f% omogu\u0107ava ekonomi\u010dnu potro\u0161nju goriva i smanjuje tro\u0161kove grejanja.<\/li>\n<li data-start=\"1350\" data-end=\"1475\">Robusna konstrukcija &#8211; \u010deli\u010dni materijali i te\u017eina od 680\u202fkg garantuju dug vek trajanja i otpornost na visoke temperature.<\/li>\n<li data-start=\"1478\" data-end=\"1625\">Fleksibilnost u lo\u017eenju &#8211; pogodan je za lo\u017eenje drvetom, srednjekalori\u010dnim ugljem granulacije ve\u0107e od 30\u202fmm, peletima i drugim \u010dvrstim gorivima.<\/li>\n<li data-start=\"1628\" data-end=\"1745\">Dug radni ciklus &#8211; omogu\u0107ava kontinuirani rad sa jednim punjenjem goriva, \u0161to smanjuje potrebu za \u010destim lo\u017eenjem.<\/li>\n<li data-start=\"1748\" data-end=\"1870\">Jednostavna instalacija &#8211; kompaktne dimenzije i standardni priklju\u010dci olak\u0161avaju ugradnju u postoje\u0107e sisteme grejanja.<\/li>\n<li>Potpuno i \u010disto sagorevanje koje se odra\u017eava na visoki stepen korisnog dejstva kotla i na minimalnu emisiju \u0161tetnih gasova<\/li>\n<li>Lo\u017eenje kroz velika posebna vrata<\/li>\n<li>Ne dolaze cirkulaciona pumpa i ekspanziona posuda<\/li>\n<li data-start=\"1970\" data-end=\"2063\">Pre\u010dnik dimovoda \u00d8 250 mm omogu\u0107ava adekvatni protok dimnih gasova za ve\u0107u snagu i kapacitet.<\/li>\n<li>Garancija 5 godina<\/li>\n<\/ul>\n<\/div>\n<h3 data-start=\"2533\" data-end=\"2575\"><strong data-start=\"2537\" data-end=\"2575\">Za\u0161to kupiti Kotao Megal TKM 100 kW?<\/strong><\/h3>\n<div class=\"_tableContainer_1rjym_1\">\n<p data-start=\"2210\" data-end=\"2482\">Odabirom kotla Megal TKM 100\u202fkW, investira\u0107ete u efikasan, pouzdan i dugotrajan sistem grejanja. Sa visokim stepenom iskori\u0161\u0107enja energije i fleksibilno\u0161\u0107u u izboru goriva, ovaj kotao predstavlja ekonomi\u010dno re\u0161enje za velike objekte sa zna\u010dajnim potrebama za toplotom.<\/p>\n<\/div>","protected":false},"excerpt":{"rendered":"<p>Odabirom kotla Megal TKM 100\u202fkW, investira\u0107ete u efikasan, pouzdan i dugotrajan sistem grejanja. Sa visokim stepenom iskori\u0161\u0107enja energije i fleksibilno\u0161\u0107u u izboru goriva, ovaj kotao predstavlja ekonomi\u010dno re\u0161enje za velike objekte sa zna\u010dajnim potrebama za toplotom.<\/p>","protected":false},"featured_media":27065,"template":"","meta":{"_seopress_robots_primary_cat":"none","_seopress_titles_title":"","_seopress_titles_desc":"Kotao Megal TKM 100\u202fkW \u2013 efikasan i pouzdan trajno\u017eare\u0107i kotao na \u010dvrsto gorivo, idealan za grejanje velikih objekata sa povr\u0161inom do 950\u202fm\u00b2. Visok stepen iskori\u0161\u0107enja, fleksibilnost u izboru goriva i dug vek trajanja.","_seopress_robots_index":""},"product_brand":[4198],"product_cat":[4193,4189],"product_tag":[],"class_list":{"0":"post-23090","1":"product","2":"type-product","3":"status-publish","4":"has-post-thumbnail","6":"product_brand-megal","7":"product_cat-celicni-kotlovi","8":"product_cat-kotlovi-na-cvrsto-gorivo","10":"first","11":"instock","12":"shipping-taxable","13":"purchasable","14":"product-type-simple"},"_links":{"self":[{"href":"https:\/\/grejanjesrbija.com\/ru\/wp-json\/wp\/v2\/product\/23090","targetHints":{"allow":["GET"]}}],"collection":[{"href":"https:\/\/grejanjesrbija.com\/ru\/wp-json\/wp\/v2\/product"}],"about":[{"href":"https:\/\/grejanjesrbija.com\/ru\/wp-json\/wp\/v2\/types\/product"}],"wp:featuredmedia":[{"embeddable":true,"href":"https:\/\/grejanjesrbija.com\/ru\/wp-json\/wp\/v2\/media\/27065"}],"wp:attachment":[{"href":"https:\/\/grejanjesrbija.com\/ru\/wp-json\/wp\/v2\/media?parent=23090"}],"wp:term":[{"taxonomy":"product_brand","embeddable":true,"href":"https:\/\/grejanjesrbija.com\/ru\/wp-json\/wp\/v2\/product_brand?post=23090"},{"taxonomy":"product_cat","embeddable":true,"href":"https:\/\/grejanjesrbija.com\/ru\/wp-json\/wp\/v2\/product_cat?post=23090"},{"taxonomy":"product_tag","embeddable":true,"href":"https:\/\/grejanjesrbija.com\/ru\/wp-json\/wp\/v2\/product_tag?post=23090"}],"curies":[{"name":"wp","href":"https:\/\/api.w.org\/{rel}","templated":true}]}}