{"id":23173,"date":"2025-10-27T11:10:15","date_gmt":"2025-10-27T10:10:15","guid":{"rendered":"https:\/\/grejanjesrbija.com\/?post_type=product&#038;p=23173"},"modified":"2026-02-13T13:49:46","modified_gmt":"2026-02-13T12:49:46","slug":"kotao-centrometal-eko-ck-p-20kw","status":"publish","type":"product","link":"https:\/\/grejanjesrbija.com\/ru\/proizvod\/kotao-centrometal-eko-ck-p-20kw\/","title":{"rendered":"Kotao Centrometal EKO \u2013 CK P 20kw"},"content":{"rendered":"<h2 data-start=\"76\" data-end=\"131\">Kotao Centrometal EKO-CK P &#8211; 20 kW<\/h2>\n<p data-start=\"132\" data-end=\"415\">Kotao <strong data-start=\"138\" data-end=\"168\">Centrometal EKO-CK P 20 kW<\/strong> je \u010deli\u010dni toplovodni kotao namenjen lo\u017eenju \u010dvrstim gorivima (drvo\/ugalj) sa mogu\u0107no\u0161\u0107u nadogradnje za pelet, ulje ili plin. <br data-start=\"462\" data-end=\"465\" \/>Projektovan je prema evropskim standardima (EN 303-5 \/ EN 304) \u00a0i mo\u017ee da slu\u017ei kao glavni ili alternativni izvor toplote u manjim stambenim i poslovnim objektima.<\/p>\n<h3 data-start=\"672\" data-end=\"703\"><strong data-start=\"676\" data-end=\"703\">\u0422\u0435\u0445\u043d\u0438\u0447\u0435\u0441\u043a\u0438\u0435 \u0445\u0430\u0440\u0430\u043a\u0442\u0435\u0440\u0438\u0441\u0442\u0438\u043a\u0438<\/strong><\/h3>\n<div class=\"_tableContainer_1rjym_1\">\n<div class=\"group _tableWrapper_1rjym_13 flex w-fit flex-col-reverse\" tabindex=\"-1\">\n<table class=\"w-fit min-w-(--thread-content-width)\" data-start=\"705\" data-end=\"1430\">\n<thead data-start=\"705\" data-end=\"734\">\n<tr data-start=\"705\" data-end=\"734\">\n<th data-start=\"705\" data-end=\"722\" data-col-size=\"md\">Karakteristika<\/th>\n<th data-start=\"722\" data-end=\"734\" data-col-size=\"sm\">Vrednost<\/th>\n<\/tr>\n<\/thead>\n<tbody data-start=\"745\" data-end=\"1430\">\n<tr data-start=\"745\" data-end=\"808\">\n<td data-start=\"745\" data-end=\"761\" data-col-size=\"md\">Snaga i grejna povr\u0161ina<\/td>\n<td data-start=\"761\" data-end=\"808\" data-col-size=\"sm\">20 kW , 100-150m\u00b2<\/td>\n<\/tr>\n<tr data-start=\"809\" data-end=\"882\">\n<td data-start=\"809\" data-end=\"834\" data-col-size=\"md\">Zapremina vode u kotlu<\/td>\n<td data-start=\"834\" data-end=\"882\" data-col-size=\"sm\">\u2248 60 l<\/td>\n<\/tr>\n<tr data-start=\"883\" data-end=\"944\">\n<td data-start=\"883\" data-end=\"896\" data-col-size=\"md\">Masa kotla<\/td>\n<td data-start=\"896\" data-end=\"944\" data-col-size=\"sm\">241 kg<\/td>\n<\/tr>\n<tr data-start=\"945\" data-end=\"1030\">\n<td data-start=\"945\" data-end=\"969\" data-col-size=\"md\">Dimenzije (\u0160 \u00d7 V \u00d7 D)<\/td>\n<td data-start=\"969\" data-end=\"1030\" data-col-size=\"sm\">470 \u00d7 1255 \u00d7 985 mm<\/td>\n<\/tr>\n<tr data-start=\"1031\" data-end=\"1108\">\n<td data-start=\"1031\" data-end=\"1059\" data-col-size=\"md\">Maksimalni radni pritisak<\/td>\n<td data-start=\"1059\" data-end=\"1108\" data-col-size=\"sm\">2,5 bar<\/td>\n<\/tr>\n<tr data-start=\"1109\" data-end=\"1186\">\n<td data-start=\"1109\" data-end=\"1139\" data-col-size=\"md\">Maksimalna temperatura vode<\/td>\n<td data-start=\"1139\" data-end=\"1186\" data-col-size=\"sm\">90 \u00b0C<\/td>\n<\/tr>\n<tr data-start=\"1187\" data-end=\"1250\">\n<td data-start=\"1187\" data-end=\"1207\" data-col-size=\"md\">Norme \/ sertifikati<\/td>\n<td data-start=\"1207\" data-end=\"1250\" data-col-size=\"sm\">\u00a0EN 303-5 \/ EN-304<\/td>\n<\/tr>\n<tr data-start=\"1251\" data-end=\"1346\">\n<td data-start=\"1251\" data-end=\"1298\" data-col-size=\"md\">Garancija<\/td>\n<td data-start=\"1298\" data-end=\"1346\" data-col-size=\"sm\">5 godina<\/td>\n<\/tr>\n<\/tbody>\n<\/table>\n<h3 data-start=\"1240\" data-end=\"1288\">Karakteristike i prednosti<\/h3>\n<ul>\n<li data-start=\"1292\" data-end=\"1385\">Podr\u017eava razli\u010dite vrste goriva \u2014 \u010dvrsto gorivo kao primarno, uz mogu\u0107nost nagoradnje pelet plamenika ili \u010dak ulja\/plina.<\/li>\n<li data-start=\"1388\" data-end=\"1488\">Lo\u017ei\u0161te sa debljim limom (5 mm) pru\u017ea \u010dvrstu konstrukciju i otpornost na temperaturne optere\u0107enja.<\/li>\n<li data-start=\"1491\" data-end=\"1581\">Sertifikovan po me\u0111unarodnim standardima (EN 303-5), \u0161to potvr\u0111uje kvalitet i sigurnost.<\/li>\n<li data-start=\"1584\" data-end=\"1697\">Termostat ugra\u0111en u kotao koji kontroli\u0161e rad kotlovske pumpe.<\/li>\n<li data-start=\"1700\" data-end=\"1807\">Velika vrata i lo\u017ei\u0161te olak\u0161avaju lo\u017eenje, \u010di\u0161\u0107enje i odr\u017eavanje.<\/li>\n<li data-start=\"1868\" data-end=\"1994\">Visoka energetska efikasnost (nivo A) zna\u010di ni\u017ee gubitke i efikasniji rad sistema.<\/li>\n<li>Jednostavna zamena smera otvaranja gornjih i donjih vrata.<\/li>\n<li data-start=\"2327\" data-end=\"2459\">Dimenzije i karakteristike prilago\u0111ene manjim kotlarnicama: solidna snaga za ku\u0107u ili manje poslovne prostorije, kompaktan format.<\/li>\n<li data-start=\"2327\" data-end=\"2459\">Kotlovi su fabri\u010dki opremljeni termostatom koji upravlja radom kotlovske pumpe.<\/li>\n<\/ul>\n<\/div>\n<h3 data-start=\"2187\" data-end=\"2232\">Za\u0161to kupiti Centrometal EKO-CK P 20 kW?<\/h3>\n<p data-start=\"2234\" data-end=\"2541\">Odabirom Centrometal EKO-CK P 20 kW dobijate moderan, fleksibilan i sertifikovan kotao za centralno grejanje koji mo\u017ee da radi na vi\u0161e tipova goriva. Uz solidnu snagu (20 kW) i robusnu konstrukciju, predstavlja odli\u010dan izbor za manje ili srednje stambene objekte gde tra\u017eite pouzdan i efikasan ure\u0111aj.<\/p>\n<\/div>","protected":false},"excerpt":{"rendered":"<p>Odabirom Centrometal EKO-CK P 20 kW dobijate moderan, fleksibilan i sertifikovan kotao za centralno grejanje koji mo\u017ee da radi na vi\u0161e tipova goriva. Uz solidnu snagu (20 kW) i robusnu konstrukciju, predstavlja odli\u010dan izbor za manje ili srednje stambene objekte gde tra\u017eite pouzdan i efikasan ure\u0111aj.<\/p>","protected":false},"featured_media":16023,"template":"","meta":{"_seopress_robots_primary_cat":"none","_seopress_titles_title":"","_seopress_titles_desc":"Centrometal EKO-CK P 20 kW \u2013 sertifikovan \u010deli\u010dni kotao za centralno grejanje na drvo \/ pelet \/ ulje, idealan za manje objekte.","_seopress_robots_index":""},"product_brand":[4199],"product_cat":[4193,4189],"product_tag":[],"class_list":{"0":"post-23173","1":"product","2":"type-product","3":"status-publish","4":"has-post-thumbnail","6":"product_brand-centrometal","7":"product_cat-celicni-kotlovi","8":"product_cat-kotlovi-na-cvrsto-gorivo","10":"first","11":"instock","12":"shipping-taxable","13":"purchasable","14":"product-type-simple"},"_links":{"self":[{"href":"https:\/\/grejanjesrbija.com\/ru\/wp-json\/wp\/v2\/product\/23173","targetHints":{"allow":["GET"]}}],"collection":[{"href":"https:\/\/grejanjesrbija.com\/ru\/wp-json\/wp\/v2\/product"}],"about":[{"href":"https:\/\/grejanjesrbija.com\/ru\/wp-json\/wp\/v2\/types\/product"}],"wp:featuredmedia":[{"embeddable":true,"href":"https:\/\/grejanjesrbija.com\/ru\/wp-json\/wp\/v2\/media\/16023"}],"wp:attachment":[{"href":"https:\/\/grejanjesrbija.com\/ru\/wp-json\/wp\/v2\/media?parent=23173"}],"wp:term":[{"taxonomy":"product_brand","embeddable":true,"href":"https:\/\/grejanjesrbija.com\/ru\/wp-json\/wp\/v2\/product_brand?post=23173"},{"taxonomy":"product_cat","embeddable":true,"href":"https:\/\/grejanjesrbija.com\/ru\/wp-json\/wp\/v2\/product_cat?post=23173"},{"taxonomy":"product_tag","embeddable":true,"href":"https:\/\/grejanjesrbija.com\/ru\/wp-json\/wp\/v2\/product_tag?post=23173"}],"curies":[{"name":"wp","href":"https:\/\/api.w.org\/{rel}","templated":true}]}}