{"id":23177,"date":"2025-10-27T11:28:20","date_gmt":"2025-10-27T10:28:20","guid":{"rendered":"https:\/\/grejanjesrbija.com\/?post_type=product&#038;p=23177"},"modified":"2026-02-13T13:50:02","modified_gmt":"2026-02-13T12:50:02","slug":"kotao-centrometal-eko-ck-p-25kw","status":"publish","type":"product","link":"https:\/\/grejanjesrbija.com\/ru\/proizvod\/kotao-centrometal-eko-ck-p-25kw\/","title":{"rendered":"Kotao Centrometal EKO &#8211; CK P 25kw"},"content":{"rendered":"<h2 data-start=\"76\" data-end=\"133\"><strong data-start=\"80\" data-end=\"133\">Kotao Centrometal EKO-CK P &#8211; 25 kW\u00a0<\/strong><\/h2>\n<p data-start=\"135\" data-end=\"511\">Kotao <strong data-start=\"141\" data-end=\"171\">Centrometal EKO-CK P 25 kW<\/strong> je \u010deli\u010dni toplovodni kotao dizajniran za centralno grejanje i namenjen lo\u017eenju \u010dvrstim gorivima, ali uz mogu\u0107nost pro\u0161irenja na pelet, ulje ili plin. <br data-start=\"359\" data-end=\"362\" \/>Model ima sertifikaciju po standardu EN 303-5 i EN 304, \u0161to potvr\u0111uje zadovoljenje tehni\u010dkih i ekolo\u0161kih normi.<\/p>\n<h3 data-start=\"672\" data-end=\"703\"><strong data-start=\"676\" data-end=\"703\">\u0422\u0435\u0445\u043d\u0438\u0447\u0435\u0441\u043a\u0438\u0435 \u0445\u0430\u0440\u0430\u043a\u0442\u0435\u0440\u0438\u0441\u0442\u0438\u043a\u0438<\/strong><\/h3>\n<div class=\"_tableContainer_1rjym_1\">\n<div class=\"group _tableWrapper_1rjym_13 flex w-fit flex-col-reverse\" tabindex=\"-1\">\n<table class=\"w-fit min-w-(--thread-content-width)\" data-start=\"705\" data-end=\"1430\">\n<thead data-start=\"705\" data-end=\"734\">\n<tr data-start=\"705\" data-end=\"734\">\n<th data-start=\"705\" data-end=\"722\" data-col-size=\"md\">Karakteristika<\/th>\n<th data-start=\"722\" data-end=\"734\" data-col-size=\"sm\">Vrednost<\/th>\n<\/tr>\n<\/thead>\n<tbody data-start=\"745\" data-end=\"1430\">\n<tr data-start=\"745\" data-end=\"808\">\n<td data-start=\"745\" data-end=\"761\" data-col-size=\"md\">Snaga i grejna povr\u0161ina<\/td>\n<td data-start=\"761\" data-end=\"808\" data-col-size=\"sm\">25 kW , 130-180m\u00b2<\/td>\n<\/tr>\n<tr data-start=\"809\" data-end=\"882\">\n<td data-start=\"809\" data-end=\"834\" data-col-size=\"md\">Zapremina vode u kotlu<\/td>\n<td data-start=\"834\" data-end=\"882\" data-col-size=\"sm\">\u2248 64 l<\/td>\n<\/tr>\n<tr data-start=\"883\" data-end=\"944\">\n<td data-start=\"883\" data-end=\"896\" data-col-size=\"md\">Masa kotla<\/td>\n<td data-start=\"896\" data-end=\"944\" data-col-size=\"sm\">250 kg<\/td>\n<\/tr>\n<tr data-start=\"945\" data-end=\"1030\">\n<td data-start=\"945\" data-end=\"969\" data-col-size=\"md\">Dimenzije (\u0160 \u00d7 V \u00d7 D)<\/td>\n<td data-start=\"969\" data-end=\"1030\" data-col-size=\"sm\">470 \u00d7 1255 \u00d7 1020 mm<\/td>\n<\/tr>\n<tr data-start=\"1031\" data-end=\"1108\">\n<td data-start=\"1031\" data-end=\"1059\" data-col-size=\"md\">Maksimalni radni pritisak<\/td>\n<td data-start=\"1059\" data-end=\"1108\" data-col-size=\"sm\">2,5 bar<\/td>\n<\/tr>\n<tr data-start=\"1109\" data-end=\"1186\">\n<td data-start=\"1109\" data-end=\"1139\" data-col-size=\"md\">Maksimalna temperatura vode<\/td>\n<td data-start=\"1139\" data-end=\"1186\" data-col-size=\"sm\">90 \u00b0C<\/td>\n<\/tr>\n<tr data-start=\"1187\" data-end=\"1250\">\n<td data-start=\"1187\" data-end=\"1207\" data-col-size=\"md\">Norme \/ sertifikati<\/td>\n<td data-start=\"1207\" data-end=\"1250\" data-col-size=\"sm\">\u00a0EN 303-5 \/ EN-304<\/td>\n<\/tr>\n<tr data-start=\"1251\" data-end=\"1346\">\n<td data-start=\"1251\" data-end=\"1298\" data-col-size=\"md\">Garancija<\/td>\n<td data-start=\"1298\" data-end=\"1346\" data-col-size=\"sm\">5 godina<\/td>\n<\/tr>\n<\/tbody>\n<\/table>\n<\/div>\n<h3 data-start=\"1417\" data-end=\"1467\"><strong data-start=\"1421\" data-end=\"1467\">Karakteristike i prednosti<\/strong><\/h3>\n<ul>\n<li data-start=\"1471\" data-end=\"1630\">Tro-prolazno sagorevanje (tro-prolazni tok gasova kroz kotao) omogu\u0107ava bolje iskori\u0161\u0107enje topline i ve\u0107u efikasnost.<\/li>\n<li data-start=\"1633\" data-end=\"1785\">Konstrukcija lo\u017ei\u0161ta od debljeg kotlovskog lima (5 mm) pove\u0107ava dugove\u010dnost i otpornost na visoke temperature.<\/li>\n<li data-start=\"1788\" data-end=\"1966\">Mogu\u0107nost nadogradnje goriva \u2014 uz \u010dvrsto gorivo, postoji opcija za pelet, ulje ili plin \u0161to daje fleksibilnost u izboru sistema grejanja.<\/li>\n<li data-start=\"1969\" data-end=\"2131\">Energetski nivo A pokazuje da kotao radi sa dobrim stepenom efikasnosti, \u0161to smanjuje gubitke toplote i tro\u0161kove rada.<\/li>\n<li data-start=\"2134\" data-end=\"2291\">Robusna konstrukcija, veliki otvor za lo\u017eenje, jasno dizajniran sistem upravljanja i mogu\u0107nost dodatnih regulacija<\/li>\n<li>Velika vrata i lo\u017ei\u0161te kotla omogu\u0107uju lo\u017eenje krupnim krutim gorivom te jednostavno \u010di\u0161\u0107enje i odr\u017eavanje.<\/li>\n<li>Jednostavna zamena smera otvaranja gornjih i donjih vrata.<\/li>\n<li data-start=\"2327\" data-end=\"2459\">Kotlovi su fabri\u010dki opremljeni termostatom koji upravlja radom kotlovske pumpe.<\/li>\n<\/ul>\n<\/div>\n<h3 data-start=\"2685\" data-end=\"2732\"><strong data-start=\"2689\" data-end=\"2732\">Za\u0161to kupiti Centrometal EKO-CK P 25 kW?<\/strong><\/h3>\n<p data-start=\"2734\" data-end=\"2871\">Izbor kotla Centrometal EKO-CK P 25 kW zna\u010di investiranje u moderan, sertifikovan i fleksibilan sistem grejanja.\u00a0 Ovaj model kombinuje pouzdan rad, fleksibilnost i kvalitet izrade \u2014 dobar izbor ukoliko tra\u017eite balans izme\u0111u snage, efikasnosti i budu\u0107ih potreba sistema grejanja.<\/p>","protected":false},"excerpt":{"rendered":"<p>Izbor kotla Centrometal EKO-CK P 25 kW zna\u010di investiranje u moderan, sertifikovan i fleksibilan sistem grejanja.\u00a0 Ovaj model kombinuje pouzdan rad, fleksibilnost i kvalitet izrade \u2014 dobar izbor ukoliko tra\u017eite balans izme\u0111u snage, efikasnosti i budu\u0107ih potreba sistema grejanja.<\/p>","protected":false},"featured_media":16023,"template":"","meta":{"_seopress_robots_primary_cat":"none","_seopress_titles_title":"","_seopress_titles_desc":"Kotao Centrometal EKO-CK P 25 kW \u2013 \u010deli\u010dni kotao namenjen drvu\/uglju sa mogu\u0107no\u0161\u0107u nadogradnje na pelet \/ gas \/ ulje, energetski nivo A, idealan za grejanje srednje velikog doma ili objekta.","_seopress_robots_index":""},"product_brand":[4199],"product_cat":[4193,4189],"product_tag":[],"class_list":{"0":"post-23177","1":"product","2":"type-product","3":"status-publish","4":"has-post-thumbnail","6":"product_brand-centrometal","7":"product_cat-celicni-kotlovi","8":"product_cat-kotlovi-na-cvrsto-gorivo","10":"first","11":"instock","12":"shipping-taxable","13":"purchasable","14":"product-type-simple"},"_links":{"self":[{"href":"https:\/\/grejanjesrbija.com\/ru\/wp-json\/wp\/v2\/product\/23177","targetHints":{"allow":["GET"]}}],"collection":[{"href":"https:\/\/grejanjesrbija.com\/ru\/wp-json\/wp\/v2\/product"}],"about":[{"href":"https:\/\/grejanjesrbija.com\/ru\/wp-json\/wp\/v2\/types\/product"}],"wp:featuredmedia":[{"embeddable":true,"href":"https:\/\/grejanjesrbija.com\/ru\/wp-json\/wp\/v2\/media\/16023"}],"wp:attachment":[{"href":"https:\/\/grejanjesrbija.com\/ru\/wp-json\/wp\/v2\/media?parent=23177"}],"wp:term":[{"taxonomy":"product_brand","embeddable":true,"href":"https:\/\/grejanjesrbija.com\/ru\/wp-json\/wp\/v2\/product_brand?post=23177"},{"taxonomy":"product_cat","embeddable":true,"href":"https:\/\/grejanjesrbija.com\/ru\/wp-json\/wp\/v2\/product_cat?post=23177"},{"taxonomy":"product_tag","embeddable":true,"href":"https:\/\/grejanjesrbija.com\/ru\/wp-json\/wp\/v2\/product_tag?post=23177"}],"curies":[{"name":"wp","href":"https:\/\/api.w.org\/{rel}","templated":true}]}}