{"id":23181,"date":"2025-10-27T11:55:36","date_gmt":"2025-10-27T10:55:36","guid":{"rendered":"https:\/\/grejanjesrbija.com\/?post_type=product&#038;p=23181"},"modified":"2026-02-13T13:50:17","modified_gmt":"2026-02-13T12:50:17","slug":"kotao-centrometal-eko-ck-p-30kw","status":"publish","type":"product","link":"https:\/\/grejanjesrbija.com\/ru\/proizvod\/kotao-centrometal-eko-ck-p-30kw\/","title":{"rendered":"Kotao Centrometal EKO &#8211; CK P 30kw"},"content":{"rendered":"<h2 data-start=\"76\" data-end=\"135\"><strong data-start=\"80\" data-end=\"133\">Kotao Centrometal EKO-CK P &#8211; 30 kW\u00a0<\/strong><\/h2>\n<p data-start=\"136\" data-end=\"510\">Kotao <strong data-start=\"142\" data-end=\"172\">Centrometal EKO-CK P 30 kW<\/strong> je \u010deli\u010dni toplovodni kotao za centralno grejanje, koji podr\u017eava vi\u0161e vrsta goriva \u2014 \u010dvrsto gorivo, pelet, ulje ili plin. Dizajniran je tako da mo\u017ee slu\u017eiti kao primarni izvor toplote u manjim i srednjim objektima, ali i kao rezervni ili alternativni izvor.<\/p>\n<h3 data-start=\"672\" data-end=\"703\"><strong data-start=\"676\" data-end=\"703\">\u0422\u0435\u0445\u043d\u0438\u0447\u0435\u0441\u043a\u0438\u0435 \u0445\u0430\u0440\u0430\u043a\u0442\u0435\u0440\u0438\u0441\u0442\u0438\u043a\u0438<\/strong><\/h3>\n<div class=\"_tableContainer_1rjym_1\">\n<div class=\"group _tableWrapper_1rjym_13 flex w-fit flex-col-reverse\" tabindex=\"-1\">\n<table class=\"w-fit min-w-(--thread-content-width)\" data-start=\"705\" data-end=\"1430\">\n<thead data-start=\"705\" data-end=\"734\">\n<tr data-start=\"705\" data-end=\"734\">\n<th data-start=\"705\" data-end=\"722\" data-col-size=\"md\">Karakteristika<\/th>\n<th data-start=\"722\" data-end=\"734\" data-col-size=\"sm\">Vrednost<\/th>\n<\/tr>\n<\/thead>\n<tbody data-start=\"745\" data-end=\"1430\">\n<tr data-start=\"745\" data-end=\"808\">\n<td data-start=\"745\" data-end=\"761\" data-col-size=\"md\">Snaga i grejna povr\u0161ina<\/td>\n<td data-start=\"761\" data-end=\"808\" data-col-size=\"sm\">30 kW , 180-220m\u00b2<\/td>\n<\/tr>\n<tr data-start=\"809\" data-end=\"882\">\n<td data-start=\"809\" data-end=\"834\" data-col-size=\"md\">Zapremina vode u kotlu<\/td>\n<td data-start=\"834\" data-end=\"882\" data-col-size=\"sm\">\u2248 67 l<\/td>\n<\/tr>\n<tr data-start=\"883\" data-end=\"944\">\n<td data-start=\"883\" data-end=\"896\" data-col-size=\"md\">Masa kotla<\/td>\n<td data-start=\"896\" data-end=\"944\" data-col-size=\"sm\">270 kg<\/td>\n<\/tr>\n<tr data-start=\"945\" data-end=\"1030\">\n<td data-start=\"945\" data-end=\"969\" data-col-size=\"md\">Dimenzije (\u0160 \u00d7 V \u00d7 D)<\/td>\n<td data-start=\"969\" data-end=\"1030\" data-col-size=\"sm\">520 \u00d7 1255 \u00d7 1020 mm<\/td>\n<\/tr>\n<tr data-start=\"1031\" data-end=\"1108\">\n<td data-start=\"1031\" data-end=\"1059\" data-col-size=\"md\">Maksimalni radni pritisak<\/td>\n<td data-start=\"1059\" data-end=\"1108\" data-col-size=\"sm\">2,5 bar<\/td>\n<\/tr>\n<tr data-start=\"1109\" data-end=\"1186\">\n<td data-start=\"1109\" data-end=\"1139\" data-col-size=\"md\">Maksimalna temperatura vode<\/td>\n<td data-start=\"1139\" data-end=\"1186\" data-col-size=\"sm\">90 \u00b0C<\/td>\n<\/tr>\n<tr data-start=\"1187\" data-end=\"1250\">\n<td data-start=\"1187\" data-end=\"1207\" data-col-size=\"md\">Norme \/ sertifikati<\/td>\n<td data-start=\"1207\" data-end=\"1250\" data-col-size=\"sm\">\u00a0EN 303-5 \/ EN-304<\/td>\n<\/tr>\n<tr data-start=\"1251\" data-end=\"1346\">\n<td data-start=\"1251\" data-end=\"1298\" data-col-size=\"md\">Garancija<\/td>\n<td data-start=\"1298\" data-end=\"1346\" data-col-size=\"sm\">5 godina<\/td>\n<\/tr>\n<\/tbody>\n<\/table>\n<\/div>\n<\/div>\n<h3 data-start=\"1262\" data-end=\"1314\"><strong data-start=\"1266\" data-end=\"1312\">Karakteristike i prednosti<\/strong><\/h3>\n<ul>\n<li data-start=\"1318\" data-end=\"1487\">Podr\u017eava vi\u0161e tipova goriva \u2014 \u010dvrsto gorivo \/ pelete \/ ulje \/ plin, \u0161to daje fleksibilnost prilikom instalacije i eksploatacije.<\/li>\n<li data-start=\"1490\" data-end=\"1663\">Tro-prolazno vo\u0111enje gasova sagorevanja (tro-prolazni protok gasova kroz kotao) pobolj\u0161ava iskori\u0161\u0107enje toplote i smanjuje gubitke.<\/li>\n<li data-start=\"1666\" data-end=\"1817\">Energetski nivo A \u2014 pokazatelj efikasnosti i uskla\u0111enosti sa savremenim ekolo\u0161kim i energetske regulativom.<\/li>\n<li data-start=\"1820\" data-end=\"1972\">Velika vrata lo\u017ei\u0161ta, kvalitetan \u010deli\u010dni lim debljine 5mm i solidna konstrukcija olak\u0161avaju lo\u017eenje, \u010di\u0161\u0107enje i odr\u017eavanje.<\/li>\n<li data-start=\"1975\" data-end=\"2128\">Opcija za dodatnu opremu kao pelet plamenik ili regulacija gorionika, \u0161to omogu\u0107ava kasnije pro\u0161irenje sistema.<\/li>\n<li>Jednostavna zamena smera otvaranja gornjih i donjih vrata.<\/li>\n<li data-start=\"2327\" data-end=\"2459\">Kotlovi su fabri\u010dki opremljeni termostatom koji upravlja radom kotlovske pumpe.<\/li>\n<\/ul>\n<p>&nbsp;<\/p>\n<h3 data-start=\"2491\" data-end=\"2546\"><strong data-start=\"2495\" data-end=\"2544\">Za\u0161to kupiti Kotao Centrometal EKO-CK P 30 kW?<\/strong><\/h3>\n<p data-start=\"2548\" data-end=\"2967\">Izbor kotla Centrometal EKO-CK P 30 kW zna\u010di dobiti fleksibilan, sertifikovan i efikasan izvor grejanja koji podr\u017eava vi\u0161e goriva, ima kvalitetnu izradu i pripremljen je za nadogradnju. Sa snagom od 30 kW pokriva razne objekte srednje veli\u010dine, a uz dodatnu opremu mo\u017ee se kasnije prilagoditi na pelele ili druga goriva. Energetski razred A i robusna konstrukcija dodatno pove\u0107avaju pouzdanost i trajnost ure\u0111aja.<\/p>","protected":false},"excerpt":{"rendered":"<p>Izbor kotla Centrometal EKO-CK P 30 kW zna\u010di dobiti fleksibilan, sertifikovan i efikasan izvor grejanja koji podr\u017eava vi\u0161e goriva, ima kvalitetnu izradu i pripremljen je za nadogradnju.<\/p>","protected":false},"featured_media":16023,"template":"","meta":{"_seopress_robots_primary_cat":"none","_seopress_titles_title":"","_seopress_titles_desc":"Centrometal EKO-CK P 30 kW \u2013 \u010deli\u010dni kotao za centralno grejanje na drvo\/ugasnje\/pelete\/ulje\/plin, snagom 30 kW, energetski nivo A, sertifikovan model sa fleksibilnom upotrebom goriva.","_seopress_robots_index":""},"product_brand":[4199],"product_cat":[4193,4189],"product_tag":[],"class_list":{"0":"post-23181","1":"product","2":"type-product","3":"status-publish","4":"has-post-thumbnail","6":"product_brand-centrometal","7":"product_cat-celicni-kotlovi","8":"product_cat-kotlovi-na-cvrsto-gorivo","10":"first","11":"instock","12":"shipping-taxable","13":"purchasable","14":"product-type-simple"},"_links":{"self":[{"href":"https:\/\/grejanjesrbija.com\/ru\/wp-json\/wp\/v2\/product\/23181","targetHints":{"allow":["GET"]}}],"collection":[{"href":"https:\/\/grejanjesrbija.com\/ru\/wp-json\/wp\/v2\/product"}],"about":[{"href":"https:\/\/grejanjesrbija.com\/ru\/wp-json\/wp\/v2\/types\/product"}],"wp:featuredmedia":[{"embeddable":true,"href":"https:\/\/grejanjesrbija.com\/ru\/wp-json\/wp\/v2\/media\/16023"}],"wp:attachment":[{"href":"https:\/\/grejanjesrbija.com\/ru\/wp-json\/wp\/v2\/media?parent=23181"}],"wp:term":[{"taxonomy":"product_brand","embeddable":true,"href":"https:\/\/grejanjesrbija.com\/ru\/wp-json\/wp\/v2\/product_brand?post=23181"},{"taxonomy":"product_cat","embeddable":true,"href":"https:\/\/grejanjesrbija.com\/ru\/wp-json\/wp\/v2\/product_cat?post=23181"},{"taxonomy":"product_tag","embeddable":true,"href":"https:\/\/grejanjesrbija.com\/ru\/wp-json\/wp\/v2\/product_tag?post=23181"}],"curies":[{"name":"wp","href":"https:\/\/api.w.org\/{rel}","templated":true}]}}