{"id":23185,"date":"2025-10-27T12:05:47","date_gmt":"2025-10-27T11:05:47","guid":{"rendered":"https:\/\/grejanjesrbija.com\/?post_type=product&#038;p=23185"},"modified":"2026-02-13T13:50:34","modified_gmt":"2026-02-13T12:50:34","slug":"kotao-centrometal-eko-ck-p-35kw","status":"publish","type":"product","link":"https:\/\/grejanjesrbija.com\/ru\/proizvod\/kotao-centrometal-eko-ck-p-35kw\/","title":{"rendered":"Kotao Centrometal EKO &#8211; CK P 35kw"},"content":{"rendered":"<h3 data-start=\"76\" data-end=\"135\"><strong data-start=\"80\" data-end=\"133\">Kotao Centrometal EKO-CK P &#8211; 35 kW<\/strong><\/h3>\n<p data-start=\"136\" data-end=\"458\">Kotao <strong data-start=\"142\" data-end=\"172\">Centrometal EKO-CK P 35 kW<\/strong> je \u010deli\u010dni toplovodni kotao za centralno grejanje, predstavnik serije EKO-CK P koja podr\u017eava lo\u017eenje \u010dvrstim gorivom, a mogu\u0107e je nadograditi plamenik na pelet, ulje ili plin. Radi se po standardu EN 303-5.<\/p>\n<h3 data-start=\"672\" data-end=\"703\"><strong data-start=\"676\" data-end=\"703\">\u0422\u0435\u0445\u043d\u0438\u0447\u0435\u0441\u043a\u0438\u0435 \u0445\u0430\u0440\u0430\u043a\u0442\u0435\u0440\u0438\u0441\u0442\u0438\u043a\u0438<\/strong><\/h3>\n<div class=\"_tableContainer_1rjym_1\">\n<div class=\"group _tableWrapper_1rjym_13 flex w-fit flex-col-reverse\" tabindex=\"-1\">\n<table class=\"w-fit min-w-(--thread-content-width)\" data-start=\"705\" data-end=\"1430\">\n<thead data-start=\"705\" data-end=\"734\">\n<tr data-start=\"705\" data-end=\"734\">\n<th data-start=\"705\" data-end=\"722\" data-col-size=\"md\">Karakteristika<\/th>\n<th data-start=\"722\" data-end=\"734\" data-col-size=\"sm\">Vrednost<\/th>\n<\/tr>\n<\/thead>\n<tbody data-start=\"745\" data-end=\"1430\">\n<tr data-start=\"745\" data-end=\"808\">\n<td data-start=\"745\" data-end=\"761\" data-col-size=\"md\">Snaga i grejna povr\u0161ina<\/td>\n<td data-start=\"761\" data-end=\"808\" data-col-size=\"sm\">\u00a035 kW , 220-250 m\u00b2<\/td>\n<\/tr>\n<tr data-start=\"809\" data-end=\"882\">\n<td data-start=\"809\" data-end=\"834\" data-col-size=\"md\">Zapremina vode u kotlu<\/td>\n<td data-start=\"834\" data-end=\"882\" data-col-size=\"sm\">\u2248 76 l<\/td>\n<\/tr>\n<tr data-start=\"883\" data-end=\"944\">\n<td data-start=\"883\" data-end=\"896\" data-col-size=\"md\">Masa kotla<\/td>\n<td data-start=\"896\" data-end=\"944\" data-col-size=\"sm\">290 kg<\/td>\n<\/tr>\n<tr data-start=\"945\" data-end=\"1030\">\n<td data-start=\"945\" data-end=\"969\" data-col-size=\"md\">Dimenzije (\u0160 \u00d7 V \u00d7 D)<\/td>\n<td data-start=\"969\" data-end=\"1030\" data-col-size=\"sm\">570 \u00d7 1255 \u00d7 1020 mm<\/td>\n<\/tr>\n<tr data-start=\"1031\" data-end=\"1108\">\n<td data-start=\"1031\" data-end=\"1059\" data-col-size=\"md\">Maksimalni radni pritisak<\/td>\n<td data-start=\"1059\" data-end=\"1108\" data-col-size=\"sm\">2,5 bar<\/td>\n<\/tr>\n<tr data-start=\"1109\" data-end=\"1186\">\n<td data-start=\"1109\" data-end=\"1139\" data-col-size=\"md\">Maksimalna temperatura vode<\/td>\n<td data-start=\"1139\" data-end=\"1186\" data-col-size=\"sm\">90 \u00b0C<\/td>\n<\/tr>\n<tr data-start=\"1187\" data-end=\"1250\">\n<td data-start=\"1187\" data-end=\"1207\" data-col-size=\"md\">Norme \/ sertifikati<\/td>\n<td data-start=\"1207\" data-end=\"1250\" data-col-size=\"sm\">\u00a0EN 303-5 \/ EN-304<\/td>\n<\/tr>\n<tr data-start=\"1251\" data-end=\"1346\">\n<td data-start=\"1251\" data-end=\"1298\" data-col-size=\"md\">Garancija<\/td>\n<td data-start=\"1298\" data-end=\"1346\" data-col-size=\"sm\">5 godina<\/td>\n<\/tr>\n<\/tbody>\n<\/table>\n<\/div>\n<\/div>\n<h3 data-start=\"1155\" data-end=\"1207\"><strong data-start=\"1159\" data-end=\"1205\">Karakteristike i prednosti<\/strong><\/h3>\n<ul>\n<li data-start=\"1211\" data-end=\"1343\">Podr\u017eava vi\u0161e tipova goriva (\u010dvrsto gorivo + mogu\u0107nost nadogradnje na pelet \/ ulje \/ plin)<\/li>\n<li data-start=\"1471\" data-end=\"1630\">Tro-prolazno sagorevanje (tro-prolazni tok gasova kroz kotao) omogu\u0107ava bolje iskori\u0161\u0107enje topline i ve\u0107u efikasnost.<\/li>\n<li data-start=\"1475\" data-end=\"1614\">Lo\u017ei\u0161te izra\u0111eno od kotlovskog lima debljine 5 mm \u2014 pove\u0107ana izdr\u017eljivost i kvalitet konstrukcije<\/li>\n<li data-start=\"1617\" data-end=\"1723\">Velika vrata i lo\u017ei\u0161te olak\u0161avaju lo\u017eenje, \u010di\u0161\u0107enje i odr\u017eavanje.<\/li>\n<li data-start=\"1726\" data-end=\"1847\">Energetski nivo A \u2014 dobro uskla\u0111en sa ekolo\u0161kim \/ energetskim standardima<\/li>\n<li>Jednostavna zamena smera otvaranja gornjih i donjih vrata.<\/li>\n<li data-start=\"2327\" data-end=\"2459\">Kotlovi su fabri\u010dki opremljeni termostatom koji upravlja radom kotlovske pumpe.<\/li>\n<\/ul>\n<h3 data-start=\"2187\" data-end=\"2242\"><strong data-start=\"2191\" data-end=\"2240\">Za\u0161to kupiti Kotao Centrometal EKO-CK P 35 kW?<\/strong><\/h3>\n<p data-start=\"2244\" data-end=\"2589\">Odabirom Centrometal EKO-CK P 35 kW dobijate moderan, fleksibilan i sertifikovan kotao koji kombinuje solidnu snagu sa kvalitetom konstrukcije i mogu\u0107no\u0161\u0107u pro\u0161irenja sistema. Sa visokim nivoom energetske efikasnosti i mogu\u0107nostima nadogradnje goriva, predstavlja dugoro\u010dno i pouzdano re\u0161enje za grejanje doma ili objekta srednje veli\u010dine.<\/p>","protected":false},"excerpt":{"rendered":"<p>Odabirom Centrometal EKO-CK P 35 kW dobijate moderan, fleksibilan i sertifikovan kotao koji kombinuje solidnu snagu sa kvalitetom konstrukcije i mogu\u0107no\u0161\u0107u pro\u0161irenja sistema. Sa visokim nivoom energetske efikasnosti i mogu\u0107nostima nadogradnje goriva, predstavlja dugoro\u010dno i pouzdano re\u0161enje za grejanje doma ili objekta srednje veli\u010dine.<\/p>","protected":false},"featured_media":16023,"template":"","meta":{"_seopress_robots_primary_cat":"none","_seopress_titles_title":"","_seopress_titles_desc":"Centrometal EKO-CK P 35 kW \u2013 sertifikovan \u010deli\u010dni kotao za centralno grejanje sa snagom 35 kW, energetski nivo A, mogu\u0107nost nadogradnje goriva (pelet \/ ulje \/ plin).","_seopress_robots_index":""},"product_brand":[4199],"product_cat":[4193,4189],"product_tag":[],"class_list":{"0":"post-23185","1":"product","2":"type-product","3":"status-publish","4":"has-post-thumbnail","6":"product_brand-centrometal","7":"product_cat-celicni-kotlovi","8":"product_cat-kotlovi-na-cvrsto-gorivo","10":"first","11":"instock","12":"shipping-taxable","13":"purchasable","14":"product-type-simple"},"_links":{"self":[{"href":"https:\/\/grejanjesrbija.com\/ru\/wp-json\/wp\/v2\/product\/23185","targetHints":{"allow":["GET"]}}],"collection":[{"href":"https:\/\/grejanjesrbija.com\/ru\/wp-json\/wp\/v2\/product"}],"about":[{"href":"https:\/\/grejanjesrbija.com\/ru\/wp-json\/wp\/v2\/types\/product"}],"wp:featuredmedia":[{"embeddable":true,"href":"https:\/\/grejanjesrbija.com\/ru\/wp-json\/wp\/v2\/media\/16023"}],"wp:attachment":[{"href":"https:\/\/grejanjesrbija.com\/ru\/wp-json\/wp\/v2\/media?parent=23185"}],"wp:term":[{"taxonomy":"product_brand","embeddable":true,"href":"https:\/\/grejanjesrbija.com\/ru\/wp-json\/wp\/v2\/product_brand?post=23185"},{"taxonomy":"product_cat","embeddable":true,"href":"https:\/\/grejanjesrbija.com\/ru\/wp-json\/wp\/v2\/product_cat?post=23185"},{"taxonomy":"product_tag","embeddable":true,"href":"https:\/\/grejanjesrbija.com\/ru\/wp-json\/wp\/v2\/product_tag?post=23185"}],"curies":[{"name":"wp","href":"https:\/\/api.w.org\/{rel}","templated":true}]}}