{"id":23189,"date":"2025-10-27T13:03:03","date_gmt":"2025-10-27T12:03:03","guid":{"rendered":"https:\/\/grejanjesrbija.com\/?post_type=product&#038;p=23189"},"modified":"2026-03-06T15:43:14","modified_gmt":"2026-03-06T14:43:14","slug":"kotao-centrometal-eko-ck-p-40kw-2","status":"publish","type":"product","link":"https:\/\/grejanjesrbija.com\/ru\/proizvod\/kotao-centrometal-eko-ck-p-40kw-2\/","title":{"rendered":"Kotao Centrometal EKO \u2013 CK P 40kw"},"content":{"rendered":"<h2 data-start=\"76\" data-end=\"135\"><strong data-start=\"80\" data-end=\"133\">Kotao Centrometal EKO-CK P &#8211; 40 kW\u00a0<\/strong><\/h2>\n<p data-start=\"136\" data-end=\"432\">Kotao <strong data-start=\"138\" data-end=\"168\">Centrometal EKO-CK P 40 kW<\/strong> je \u010deli\u010dni toplovodni kotao za centralno grejanje, koji omogu\u0107ava lo\u017eenje \u010dvrstim gorivima, peletom, uljem ili plinom. Sertifikovan je prema standardima EN 303-5 \/ EN 304.<\/p>\n<h3 data-start=\"672\" data-end=\"703\"><strong data-start=\"676\" data-end=\"703\">\u0422\u0435\u0445\u043d\u0438\u0447\u0435\u0441\u043a\u0438\u0435 \u0445\u0430\u0440\u0430\u043a\u0442\u0435\u0440\u0438\u0441\u0442\u0438\u043a\u0438<\/strong><\/h3>\n<div class=\"_tableContainer_1rjym_1\">\n<div class=\"group _tableWrapper_1rjym_13 flex w-fit flex-col-reverse\" tabindex=\"-1\">\n<table class=\"w-fit min-w-(--thread-content-width)\" data-start=\"705\" data-end=\"1430\">\n<thead data-start=\"705\" data-end=\"734\">\n<tr data-start=\"705\" data-end=\"734\">\n<th data-start=\"705\" data-end=\"722\" data-col-size=\"md\">Karakteristika<\/th>\n<th data-start=\"722\" data-end=\"734\" data-col-size=\"sm\">Vrednost<\/th>\n<\/tr>\n<\/thead>\n<tbody data-start=\"745\" data-end=\"1430\">\n<tr data-start=\"745\" data-end=\"808\">\n<td data-start=\"745\" data-end=\"761\" data-col-size=\"md\">Snaga i grejna povr\u0161ina<\/td>\n<td data-start=\"761\" data-end=\"808\" data-col-size=\"sm\">40 kW , 250-300m\u00b2<\/td>\n<\/tr>\n<tr data-start=\"809\" data-end=\"882\">\n<td data-start=\"809\" data-end=\"834\" data-col-size=\"md\">Zapremina vode u kotlu<\/td>\n<td data-start=\"834\" data-end=\"882\" data-col-size=\"sm\">\u2248 78 l<\/td>\n<\/tr>\n<tr data-start=\"883\" data-end=\"944\">\n<td data-start=\"883\" data-end=\"896\" data-col-size=\"md\">Masa kotla<\/td>\n<td data-start=\"896\" data-end=\"944\" data-col-size=\"sm\">313 kg<\/td>\n<\/tr>\n<tr data-start=\"945\" data-end=\"1030\">\n<td data-start=\"945\" data-end=\"969\" data-col-size=\"md\">Dimenzije (\u0160 \u00d7 V \u00d7 D)<\/td>\n<td data-start=\"969\" data-end=\"1030\" data-col-size=\"sm\">620 \u00d7 1255 \u00d7 1020 mm<\/td>\n<\/tr>\n<tr data-start=\"1031\" data-end=\"1108\">\n<td data-start=\"1031\" data-end=\"1059\" data-col-size=\"md\">Maksimalni radni pritisak<\/td>\n<td data-start=\"1059\" data-end=\"1108\" data-col-size=\"sm\">2,5 bar<\/td>\n<\/tr>\n<tr data-start=\"1109\" data-end=\"1186\">\n<td data-start=\"1109\" data-end=\"1139\" data-col-size=\"md\">Maksimalna temperatura vode<\/td>\n<td data-start=\"1139\" data-end=\"1186\" data-col-size=\"sm\">90 \u00b0C<\/td>\n<\/tr>\n<tr data-start=\"1187\" data-end=\"1250\">\n<td data-start=\"1187\" data-end=\"1207\" data-col-size=\"md\">Norme \/ sertifikati<\/td>\n<td data-start=\"1207\" data-end=\"1250\" data-col-size=\"sm\">\u00a0EN 303-5 \/ EN-304<\/td>\n<\/tr>\n<tr data-start=\"1251\" data-end=\"1346\">\n<td data-start=\"1251\" data-end=\"1298\" data-col-size=\"md\">Garancija<\/td>\n<td data-start=\"1298\" data-end=\"1346\" data-col-size=\"sm\">5 godina<\/td>\n<\/tr>\n<\/tbody>\n<\/table>\n<\/div>\n<h3 data-start=\"1239\" data-end=\"1287\">Karakteristike i prednosti<\/h3>\n<ul>\n<li>Mogu\u0107nost nadogradnje goriva \u2014 uz \u010dvrsto gorivo, postoji opcija za pelet, ulje ili plin \u0161to daje fleksibilnost u izboru sistema grejanja.<\/li>\n<li data-start=\"1421\" data-end=\"1547\">Troprolazno vo\u0111enje dimnih gasova \u0161to doprinosi vi\u0161em stepenu iskori\u0161\u0107enja energije.<\/li>\n<li data-start=\"1550\" data-end=\"1683\">Sertifikovan standardima (EN 303-5), energetski nivo A \u2014 efikasnost i po\u0161tovanje propisa.<\/li>\n<li data-start=\"1686\" data-end=\"1845\">Kvalitetna konstrukcija lo\u017ei\u0161ta (npr. lim debljine 5 mm) i veliki otvor za lo\u017eenje olak\u0161avaju rukovanje i odr\u017eavanje.<\/li>\n<li data-start=\"1848\" data-end=\"1964\">Robusnost: te\u017eina i solidne dimenzije daju stabilnost i trajnost.<\/li>\n<li>Jednostavna zamena smera otvaranja gornjih i donjih vrata.<\/li>\n<li data-start=\"2327\" data-end=\"2459\">Kotlovi su fabri\u010dki opremljeni termostatom koji upravlja radom kotlovske pumpe.<\/li>\n<\/ul>\n<\/div>\n<h3 data-start=\"2351\" data-end=\"2396\">Za\u0161to kupiti Centrometal EKO-CK P 40 kW?<\/h3>\n<p data-start=\"2398\" data-end=\"2807\">Odabirom kotla Centrometal EKO-CK P 40 kW dobijate izuzetno fleksibilan, sertifikovan i efikasan grejni ure\u0111aj. On kombinuje snagu dovoljnu za ve\u0107e ku\u0107e \/ objekte sa tehnologijom koja omogu\u0107ava visok stepen iskori\u0161\u0107enja, fleksibilnost goriva i dugoro\u010dnu pouzdanost. Idealno re\u0161enje ako \u017eelite jedan kotao koji mo\u017ee da radi na drvo, ali da budete spremni i za dodatne opcije poput peleta, ulja ili plina.<\/p>","protected":false},"excerpt":{"rendered":"<p>Centrometal EKO-CK P 40 kW kotao kombinuje snagu dovoljnu za ve\u0107e ku\u0107e \/ objekte sa tehnologijom koja omogu\u0107ava visok stepen iskori\u0161\u0107enja, fleksibilnost goriva i dugoro\u010dnu pouzdanost. Idealno re\u0161enje ako \u017eelite jedan kotao koji mo\u017ee da radi na \u010dvrsto gorivo, ali postoji opcija za pelet, ulje ili plin \u0161to daje fleksibilnost u izboru sistema grejanja.<\/p>","protected":false},"featured_media":16023,"template":"","meta":{"_seopress_robots_primary_cat":"none","_seopress_titles_title":"","_seopress_titles_desc":"Centrometal EKO-CK P 40 kW \u2013 vi\u0161efunkcionalni \u010deli\u010dni kotao za centralno grejanje. Radi na drvo \/ pelet \/ ulje \/ gas. Energetski nivo A. Snaga 40 kW.","_seopress_robots_index":""},"product_brand":[4199],"product_cat":[4193,4189],"product_tag":[],"class_list":{"0":"post-23189","1":"product","2":"type-product","3":"status-publish","4":"has-post-thumbnail","6":"product_brand-centrometal","7":"product_cat-celicni-kotlovi","8":"product_cat-kotlovi-na-cvrsto-gorivo","10":"first","11":"instock","12":"shipping-taxable","13":"purchasable","14":"product-type-simple"},"_links":{"self":[{"href":"https:\/\/grejanjesrbija.com\/ru\/wp-json\/wp\/v2\/product\/23189","targetHints":{"allow":["GET"]}}],"collection":[{"href":"https:\/\/grejanjesrbija.com\/ru\/wp-json\/wp\/v2\/product"}],"about":[{"href":"https:\/\/grejanjesrbija.com\/ru\/wp-json\/wp\/v2\/types\/product"}],"wp:featuredmedia":[{"embeddable":true,"href":"https:\/\/grejanjesrbija.com\/ru\/wp-json\/wp\/v2\/media\/16023"}],"wp:attachment":[{"href":"https:\/\/grejanjesrbija.com\/ru\/wp-json\/wp\/v2\/media?parent=23189"}],"wp:term":[{"taxonomy":"product_brand","embeddable":true,"href":"https:\/\/grejanjesrbija.com\/ru\/wp-json\/wp\/v2\/product_brand?post=23189"},{"taxonomy":"product_cat","embeddable":true,"href":"https:\/\/grejanjesrbija.com\/ru\/wp-json\/wp\/v2\/product_cat?post=23189"},{"taxonomy":"product_tag","embeddable":true,"href":"https:\/\/grejanjesrbija.com\/ru\/wp-json\/wp\/v2\/product_tag?post=23189"}],"curies":[{"name":"wp","href":"https:\/\/api.w.org\/{rel}","templated":true}]}}