{"id":23336,"date":"2025-10-29T12:42:07","date_gmt":"2025-10-29T11:42:07","guid":{"rendered":"https:\/\/grejanjesrbija.com\/?post_type=product&#038;p=23336"},"modified":"2026-02-24T15:41:16","modified_gmt":"2026-02-24T14:41:16","slug":"kalaj-27-felder","status":"publish","type":"product","link":"https:\/\/grejanjesrbija.com\/ru\/proizvod\/kalaj-27-felder\/","title":{"rendered":"Kalaj 2,7 &#8211; Felder"},"content":{"rendered":"<p>&nbsp;<\/p>\n<p>Kalaj za meki lem pre\u010dnika 2,7 mm Felder je visokokvalitetan proizvod namenjen spajanju bakarnih cevi u raznim instalacijama. Pogodan je za grejne sisteme, kao i za instalacije sa pija\u0107om i sanitarnom vodom, pri maksimalnoj radnoj temperaturi od 110\u202f\u00b0C. Temperatura topljenja kalaja se kre\u0107e izme\u0111u 230\u202f\u00b0C i 250\u202f\u00b0C, \u0161to omogu\u0107ava \u010dvrste, pouzdane i dugotrajne spojeve.<\/p>\n<p>Za optimalan rezultat preporu\u010duje se kori\u0161\u0107enje odgovaraju\u0107e prate\u0107e opreme, uklju\u010duju\u0107i lemilice i fluks za meki lem. Idealno re\u0161enje za monta\u017eu i odr\u017eavanje grejnih i vodovodnih sistema.<\/p>","protected":false},"excerpt":{"rendered":"<p>Kalaj 2,7 mm Felder za meki lem, idealan za precizno spajanje bakarnih cevi u grejnim i vodovodnim instalacijama, otporan do 110\u202f\u00b0C.<\/p>\n<p>&nbsp;<\/p>","protected":false},"featured_media":16612,"template":"","meta":{"_seopress_robots_primary_cat":"none","_seopress_titles_title":"Kalaj 2,7mm Felder \u2013 meki lem za bakarne cevi","_seopress_titles_desc":"Kalaj 2,7 mm Felder za meki lem, za grejne i vodovodne instalacije. Temperatura topljenja 230\u2013250\u202f\u00b0C. Pouzdano spajanje bakarnih cevi.","_seopress_robots_index":""},"product_brand":[],"product_cat":[4321],"product_tag":[],"class_list":{"0":"post-23336","1":"product","2":"type-product","3":"status-publish","4":"has-post-thumbnail","6":"product_cat-montazni-materijal","8":"first","9":"instock","10":"shipping-taxable","11":"purchasable","12":"product-type-simple"},"_links":{"self":[{"href":"https:\/\/grejanjesrbija.com\/ru\/wp-json\/wp\/v2\/product\/23336","targetHints":{"allow":["GET"]}}],"collection":[{"href":"https:\/\/grejanjesrbija.com\/ru\/wp-json\/wp\/v2\/product"}],"about":[{"href":"https:\/\/grejanjesrbija.com\/ru\/wp-json\/wp\/v2\/types\/product"}],"wp:featuredmedia":[{"embeddable":true,"href":"https:\/\/grejanjesrbija.com\/ru\/wp-json\/wp\/v2\/media\/16612"}],"wp:attachment":[{"href":"https:\/\/grejanjesrbija.com\/ru\/wp-json\/wp\/v2\/media?parent=23336"}],"wp:term":[{"taxonomy":"product_brand","embeddable":true,"href":"https:\/\/grejanjesrbija.com\/ru\/wp-json\/wp\/v2\/product_brand?post=23336"},{"taxonomy":"product_cat","embeddable":true,"href":"https:\/\/grejanjesrbija.com\/ru\/wp-json\/wp\/v2\/product_cat?post=23336"},{"taxonomy":"product_tag","embeddable":true,"href":"https:\/\/grejanjesrbija.com\/ru\/wp-json\/wp\/v2\/product_tag?post=23336"}],"curies":[{"name":"wp","href":"https:\/\/api.w.org\/{rel}","templated":true}]}}