{"id":23339,"date":"2025-10-29T12:57:47","date_gmt":"2025-10-29T11:57:47","guid":{"rendered":"https:\/\/grejanjesrbija.com\/?post_type=product&#038;p=23339"},"modified":"2026-03-16T13:40:29","modified_gmt":"2026-03-16T12:40:29","slug":"kamin-na-pelet-mareli-onyx-hydro-full-glass-18kw","status":"publish","type":"product","link":"https:\/\/grejanjesrbija.com\/ru\/proizvod\/kamin-na-pelet-mareli-onyx-hydro-full-glass-18kw\/","title":{"rendered":"Kamin na pelet Mareli Onyx Hydro (Full Glass) 18kW"},"content":{"rendered":"<h2 data-start=\"269\" data-end=\"344\"><strong data-start=\"272\" data-end=\"344\">Kamin na pelet Mareli Onyx Hydro (Full Glass) &#8211; 18 kW\u00a0<\/strong><\/h2>\n<p data-start=\"346\" data-end=\"669\"><strong data-start=\"346\" data-end=\"384\">Mareli Onyx Hydro 18 kW<\/strong> je elegantan kamin na pelet , namenjen povezivanju na sistem centralnog grejanja. Zahvaljuju\u0107i modernom dizajnu sa dekorativnim staklom (Full Glass) i visokoj energetskoj efikasnosti klase <strong data-start=\"600\" data-end=\"606\">A++<\/strong>, ovaj kamin spaja savremeni izgled i naprednu tehnologiju za maksimalan komfor i u\u0161tedu.<\/p>\n<p data-start=\"671\" data-end=\"904\">Sa nominalnom snagom od <strong data-start=\"695\" data-end=\"704\">18 \u043a\u0412\u0442<\/strong> i mogu\u0107no\u0161\u0107u grejanja do <strong data-start=\"730\" data-end=\"740\">350 m\u00b3 (120 m2)<\/strong>, ovaj kamin predstavlja idealno re\u0161enje za ku\u0107e, vikendice i poslovne prostore koji zahtevaju pouzdano i ekonomi\u010dno grejanje putem radijatora ili podnog sistema.<\/p>\n<p data-start=\"671\" data-end=\"904\">Dostupan u 5 boja: <strong>\u00a0crna, bela, krem, bordo, siva<\/strong><\/p>\n<h3 data-start=\"874\" data-end=\"920\"><strong data-start=\"877\" data-end=\"918\">\u0422\u0435\u0445\u043d\u0438\u0447\u0435\u0441\u043a\u0438\u0435 \u0445\u0430\u0440\u0430\u043a\u0442\u0435\u0440\u0438\u0441\u0442\u0438\u043a\u0438\u00a0<\/strong><\/h3>\n<div class=\"_tableContainer_1rjym_1\">\n<div class=\"group _tableWrapper_1rjym_13 flex w-fit flex-col-reverse\" tabindex=\"-1\">\n<table class=\"w-fit min-w-(--thread-content-width)\" data-start=\"922\" data-end=\"1653\">\n<thead data-start=\"922\" data-end=\"959\">\n<tr data-start=\"922\" data-end=\"959\">\n<th data-start=\"922\" data-end=\"943\" data-col-size=\"sm\"><strong data-start=\"924\" data-end=\"942\">Karakteristika<\/strong><\/th>\n<th data-start=\"943\" data-end=\"959\" data-col-size=\"md\"><strong data-start=\"945\" data-end=\"957\">Vrednost<\/strong><\/th>\n<\/tr>\n<\/thead>\n<tbody data-start=\"998\" data-end=\"1653\">\n<tr data-start=\"998\" data-end=\"1036\">\n<td data-start=\"998\" data-end=\"1027\" data-col-size=\"sm\"><strong data-start=\"1000\" data-end=\"1026\">Nazivna toplotna snaga<\/strong><\/td>\n<td data-start=\"1027\" data-end=\"1036\" data-col-size=\"md\">18 \u043a\u0412\u0442<\/td>\n<\/tr>\n<tr data-start=\"1037\" data-end=\"1072\">\n<td data-start=\"1037\" data-end=\"1062\" data-col-size=\"sm\"><strong data-start=\"1039\" data-end=\"1061\">Pokriva prostor do<\/strong><\/td>\n<td data-start=\"1062\" data-end=\"1072\" data-col-size=\"md\">350 m\u00b3 , 120 m2<\/td>\n<\/tr>\n<tr data-start=\"1073\" data-end=\"1101\">\n<td data-start=\"1073\" data-end=\"1090\" data-col-size=\"sm\"><strong data-start=\"1075\" data-end=\"1089\">Efikasnost<\/strong><\/td>\n<td data-start=\"1090\" data-end=\"1101\" data-col-size=\"md\">91\u201394 %<\/td>\n<\/tr>\n<tr data-start=\"1102\" data-end=\"1132\">\n<td data-start=\"1102\" data-end=\"1126\" data-col-size=\"sm\"><strong data-start=\"1104\" data-end=\"1125\">Energetski razred<\/strong><\/td>\n<td data-start=\"1126\" data-end=\"1132\" data-col-size=\"md\">A++<\/td>\n<\/tr>\n<tr data-start=\"1133\" data-end=\"1184\">\n<td data-start=\"1133\" data-end=\"1161\" data-col-size=\"sm\"><strong data-start=\"1135\" data-end=\"1160\">Dimenzije (\u0160 \u00d7 D \u00d7 V)<\/strong><\/td>\n<td data-start=\"1161\" data-end=\"1184\" data-col-size=\"md\">584 \u00d7 631 \u00d7 1127 mm<\/td>\n<\/tr>\n<tr data-start=\"1185\" data-end=\"1208\">\n<td data-start=\"1185\" data-end=\"1198\" data-col-size=\"sm\"><strong data-start=\"1187\" data-end=\"1197\">Te\u017eina<\/strong><\/td>\n<td data-start=\"1198\" data-end=\"1208\" data-col-size=\"md\">175 kg<\/td>\n<\/tr>\n<tr data-start=\"1209\" data-end=\"1245\">\n<td data-start=\"1209\" data-end=\"1236\" data-col-size=\"sm\"><strong data-start=\"1211\" data-end=\"1235\">Kapacitet rezervoara<\/strong><\/td>\n<td data-start=\"1236\" data-end=\"1245\" data-col-size=\"md\">30 kg<\/td>\n<\/tr>\n<tr data-start=\"1246\" data-end=\"1287\">\n<td data-start=\"1246\" data-end=\"1269\" data-col-size=\"sm\"><strong data-start=\"1248\" data-end=\"1268\">Potro\u0161nja peleta<\/strong><\/td>\n<td data-start=\"1269\" data-end=\"1287\" data-col-size=\"md\">\u00a00.8 \u2013 3.9 kg\/h<\/td>\n<\/tr>\n<tr data-start=\"1288\" data-end=\"1322\">\n<td data-start=\"1288\" data-end=\"1311\" data-col-size=\"sm\"><strong data-start=\"1568\" data-end=\"1576\">Boje<\/strong><\/td>\n<td data-start=\"1311\" data-end=\"1322\" data-col-size=\"md\">Bordo (RAL 3005), Crna (RAL 9005), Bela\/Krem (RAL 9003 \/ RAL 1015)<\/td>\n<\/tr>\n<tr data-start=\"1323\" data-end=\"1360\">\n<td data-start=\"1323\" data-end=\"1349\" data-col-size=\"sm\"><strong data-start=\"1325\" data-end=\"1348\">Radni pritisak vode<\/strong><\/td>\n<td data-start=\"1349\" data-end=\"1360\" data-col-size=\"md\">1.5 bar<\/td>\n<\/tr>\n<tr data-start=\"1361\" data-end=\"1396\">\n<td data-start=\"1361\" data-end=\"1387\" data-col-size=\"sm\"><strong data-start=\"1363\" data-end=\"1386\">Maksimalni pritisak<\/strong><\/td>\n<td data-start=\"1387\" data-end=\"1396\" data-col-size=\"md\">3 bar<\/td>\n<\/tr>\n<tr data-start=\"1397\" data-end=\"1430\">\n<td data-start=\"1397\" data-end=\"1413\" data-col-size=\"sm\"><strong data-start=\"1399\" data-end=\"1412\">Napajanje<\/strong><\/td>\n<td data-start=\"1413\" data-end=\"1430\" data-col-size=\"md\">230 V \/ 50 Hz<\/td>\n<\/tr>\n<tr data-start=\"1431\" data-end=\"1470\">\n<td data-start=\"1431\" data-end=\"1455\" data-col-size=\"sm\"><strong data-start=\"1433\" data-end=\"1454\">Stepen emisije CO<\/strong><\/td>\n<td data-start=\"1455\" data-end=\"1470\" data-col-size=\"md\">&lt; 250 mg\/m\u00b3<\/td>\n<\/tr>\n<tr data-start=\"1471\" data-end=\"1512\">\n<td data-start=\"1471\" data-end=\"1503\" data-col-size=\"sm\"><strong data-start=\"1515\" data-end=\"1530\">Sertifikati<\/strong><\/td>\n<td data-start=\"1503\" data-end=\"1512\" data-col-size=\"md\">EN 14785, BlmSchV 2, EcoDesign<\/td>\n<\/tr>\n<tr data-start=\"1513\" data-end=\"1565\">\n<td data-start=\"1513\" data-end=\"1531\" data-col-size=\"sm\"><strong>Garancija na curenje<\/strong><\/td>\n<td data-start=\"1531\" data-end=\"1565\" data-col-size=\"md\">60 meseci<\/td>\n<\/tr>\n<tr data-start=\"1566\" data-end=\"1653\">\n<td data-start=\"1566\" data-end=\"1577\" data-col-size=\"sm\"><strong>Garancija na elektroniku<\/strong><\/td>\n<td data-start=\"1577\" data-end=\"1653\" data-col-size=\"md\">24 meseca<\/td>\n<\/tr>\n<\/tbody>\n<\/table>\n<h3 data-start=\"1660\" data-end=\"1722\"><strong data-start=\"1663\" data-end=\"1720\">\u041f\u0440\u0435\u0438\u043c\u0443\u0449\u0435\u0441\u0442\u0432\u0430\u00a0<\/strong><\/h3>\n<ul>\n<li data-start=\"1726\" data-end=\"1815\">Dva sistema grejanja \u2013 direktno greje prostor i predaje toplotu sistemu radijatora.<\/li>\n<li data-start=\"1818\" data-end=\"1894\">Visoka efikasnost (do 94 %) \u2013 maksimalno iskori\u0161\u0107enje energije peleta.<\/li>\n<li data-start=\"1818\" data-end=\"1894\">Pumpa, ekspanziona posuda, sigurnosni ventil i odzra\u010dno lon\u010de unutar kamina.<\/li>\n<li data-start=\"1897\" data-end=\"1976\">Full Glass dizajn \u2013 moderno stakleno ku\u0107i\u0161te sa minimalisti\u010dkim linijama.<\/li>\n<li data-start=\"1979\" data-end=\"2075\">Automatsko paljenje i kontrola \u2013 potpuno digitalno upravljanje sagorevanjem i radom pumpe.<\/li>\n<li data-start=\"1979\" data-end=\"2075\">Mehanizam za automatsko \u010di\u0161\u0107enje re\u0161etke kao i mehanizam za polu automatsko \u010di\u0161\u0107enje turbulatora &#8211; ru\u010dica.<\/li>\n<li data-start=\"2078\" data-end=\"2169\">Programabilni rad (chrono sistem) \u2013 pode\u0161avanje vremena uklju\u010divanja i isklju\u010divanja.<\/li>\n<li data-start=\"2172\" data-end=\"2261\">EcoDesign sertifikat \u2013 niska emisija \u0161tetnih gasova i visoka energetska efikasnost.<\/li>\n<li data-start=\"2264\" data-end=\"2359\">Wi-Fi opcija \u2013 daljinsko upravljanje putem mobilne aplikacije (Remote Management System).<\/li>\n<li data-start=\"2362\" data-end=\"2465\">Sigurnosni sistemi \u2013 za\u0161tita od pregrevanja, nadzor temperature dimnih gasova, spremnik koji se zatvara vakuumski (nemogu\u0107nost pojavljivanja povratne vatre).<\/li>\n<li data-start=\"2362\" data-end=\"2465\">Pu\u0161tanje u rad ura\u010dunato u cenu.<\/li>\n<li data-start=\"2362\" data-end=\"2465\">Povr\u0161ina je obra\u0111ena temperaturno otpornom bojom, za maksimalnu za\u0161titu tokom rada.<\/li>\n<\/ul>\n<h3 data-start=\"2792\" data-end=\"2846\">Za\u0161to kupiti Mareli Onyx Hydro 18 kW Full Glass?<\/h3>\n<p data-start=\"2848\" data-end=\"3177\">Kupovinom modela Onyx Hydro 18 kW dobijate vrhunski kamin na pelet koji nudi visoke performanse, naprednu kontrolu i sofisticiran dizajn. Ovaj ure\u0111aj obezbe\u0111uje konstantnu toplotu, minimalnu potro\u0161nju i potpunu automatizaciju rada \u2013 savr\u0161en izbor za one koji \u017eele udobnost, u\u0161tedu i moderan izgled u jednom ure\u0111aju.<\/p>\n<\/div>\n<\/div>","protected":false},"excerpt":{"rendered":"<p data-start=\"2792\" data-end=\"2846\">Mareli Onyx Hydro 18 kW Full Glass obezbe\u0111uje konstantnu toplotu, minimalnu potro\u0161nju i potpunu automatizaciju rada \u2013 savr\u0161en izbor za one koji \u017eele udobnost, u\u0161tedu i moderan izgled u jednom ure\u0111aju.<\/p>","protected":false},"featured_media":16869,"template":"","meta":{"_seopress_robots_primary_cat":"none","_seopress_titles_title":"","_seopress_titles_desc":"Kamin na pelet Mareli Onyx Hydro Full Glass 18 kW \u2013 moderan kamin sa vodenim izmenjiva\u010dem i efikasno\u0161\u0107u do 94 %. Greje prostor i sistem radijatora, energetski nivo A++, rezervoar 30 kg, Wi-Fi i Full Glass dizajn.","_seopress_robots_index":""},"product_brand":[4192],"product_cat":[4208,4205],"product_tag":[],"class_list":{"0":"post-23339","1":"product","2":"type-product","3":"status-publish","4":"has-post-thumbnail","6":"product_brand-mareli","7":"product_cat-kotlovi-i-kamini-na-pelet-kotlovi-i-kamini-na-pelet","8":"product_cat-kotlovi-i-kamini-na-pelet","10":"first","11":"instock","12":"shipping-taxable","13":"purchasable","14":"product-type-simple"},"_links":{"self":[{"href":"https:\/\/grejanjesrbija.com\/ru\/wp-json\/wp\/v2\/product\/23339","targetHints":{"allow":["GET"]}}],"collection":[{"href":"https:\/\/grejanjesrbija.com\/ru\/wp-json\/wp\/v2\/product"}],"about":[{"href":"https:\/\/grejanjesrbija.com\/ru\/wp-json\/wp\/v2\/types\/product"}],"wp:featuredmedia":[{"embeddable":true,"href":"https:\/\/grejanjesrbija.com\/ru\/wp-json\/wp\/v2\/media\/16869"}],"wp:attachment":[{"href":"https:\/\/grejanjesrbija.com\/ru\/wp-json\/wp\/v2\/media?parent=23339"}],"wp:term":[{"taxonomy":"product_brand","embeddable":true,"href":"https:\/\/grejanjesrbija.com\/ru\/wp-json\/wp\/v2\/product_brand?post=23339"},{"taxonomy":"product_cat","embeddable":true,"href":"https:\/\/grejanjesrbija.com\/ru\/wp-json\/wp\/v2\/product_cat?post=23339"},{"taxonomy":"product_tag","embeddable":true,"href":"https:\/\/grejanjesrbija.com\/ru\/wp-json\/wp\/v2\/product_tag?post=23339"}],"curies":[{"name":"wp","href":"https:\/\/api.w.org\/{rel}","templated":true}]}}